{"id":29,"date":"2016-06-16T19:15:16","date_gmt":"2016-06-16T19:15:16","guid":{"rendered":"http:\/\/auditore.cab.inta-csic.es\/arribas\/?page_id=29"},"modified":"2020-06-03T08:50:43","modified_gmt":"2020-06-03T08:50:43","slug":"breve-cv","status":"publish","type":"page","link":"http:\/\/auditore.cab.inta-csic.es\/arribas\/breve-cv\/","title":{"rendered":"Perfil"},"content":{"rendered":"<blockquote><p>Santiago Arribas Mocoroa es profesor de investigaci\u00f3n del Consejo Superior de Investigaciones Cient\u00edficas (CSIC),&nbsp; en el Centro de Astrobiolog\u00eda (CAB), Madrid.<\/p>\n<p><span style=\"color: #0000ff\"><strong>Formaci\u00f3n Acad\u00e9mica:<\/strong><\/span><\/p>\n<ul>\n<li>Doctor en Astrof\u00edsica (Instituto de Astrof\u00edsica de Canarias, Universidad de La Laguna, 1987)<\/li>\n<li>Licenciado en Ciencias F\u00edsicas (Universidad Complutense de Madrid, 1981). Grado: Instituto de \u00d3ptica- CSIC\/UCM (1982)<\/li>\n<\/ul>\n<p><span style=\"color: #0000ff\"><strong>Puestos anteriores:<\/strong><\/span><\/p>\n<ul>\n<li>Cient\u00edfico Titular del CSIC (1990-2000, Instituto de Astrof\u00edsica de Canarias)<\/li>\n<li>Investigador Cientifico del CSIC (2000- 2007, Instituto de Astrof\u00eds\u00edca de Canarias)<\/li>\n<li>Astr\u00f3nomo de la Agencia Espacial Europea (2000- 2006, Space Telescope Science Institute, Baltimore, EEUU)<\/li>\n<li>Profesor de Investigaci\u00f3n del CSIC (2007- actualidad)<\/li>\n<\/ul>\n<p><span style=\"color: #0000ff\"><strong>Breve rese\u00f1a<\/strong><\/span><\/p>\n<p>Realiz\u00f3 su tesis doctoral sobre la determinaci\u00f3n de par\u00e1metros estelares fundamentales en el Instituto de Astrof\u00edsica de Canarias (IAC), en colaboraci\u00f3n con los grupos de astrof\u00edsica de la Universidad de Oxford y del Imperial College, Londres (1983-1987). Durante su estancia en el IAC llev\u00f3 a cabo tambi\u00e9n varios estudios y desarrollos instrumentales sobre espectroscop\u00eda de campo integral para los telescopios del Observatorio de La Palma, y aplic\u00f3 esta nueva t\u00e9cnica al estudio de galaxias.<\/p>\n<p>Santiago Arribas realiz\u00f3 una estancia de seis a\u00f1os en el Space Telescope Science Institute (STScI, Baltimore, EEUU, 2000-2006), trabajando en las divisiones de Ciencia e Instrumentos Cient\u00edficos del telescopio espacial Hubble (HST), as\u00ed como en el proyecto del pr\u00f3ximo telescopio espacial James Webb (JWST).&nbsp; Desde 1998 participa en este proyecto, siendo coautor de la propuesta de contribuci\u00f3n europea al JWST, y miembro de varios comit\u00e9s y grupos de trabajo. Actualmente es miembro del equipo cient\u00edfico del instrumento de NIRSpec, y del grupo cient\u00edfico del JWST (Science Working Group).<\/p>\n<p>Santiago Arribas es tambi\u00e9n co-investigador y miembro del equipo cient\u00edfico de HARMONI, un espectr\u00f3grafo de campo integral para el&nbsp; E-ELT (de European &#8211; Extremely Large Telescope) de ESO (European Southern Observatory), que ha sido selecionado como instrumento de &#8220;primera luz&#8221;.<\/p>\n<p>Actualmente su investigaci\u00f3n se centra en el campo de la formaci\u00f3n y evoluci\u00f3n de galaxias. Desarrolla varios proyectos observacionales sobre galaxias con formaci\u00f3n estelar intensa utilizando los telescopios de la ESO en Chile, del Observatorio de La Palma,&nbsp; as\u00ed como el HST. Prepara tambi\u00e9n varios programas que se llevar\u00e1n a cabo con el telescopio espacial James Webb, y que tienen como objetivo principal estudiar las primeras galaxias que se formaron en el Universo.<\/p>\n<p>Es miembro de la Sociedad Espa\u00f1ola de Astronom\u00eda (SEA), de la Sociedad Europea de Astronom\u00eda (EAS), y de la Uni\u00f3n Astron\u00f3mica Internacional (IAU).<\/p><\/blockquote>\n","protected":false},"excerpt":{"rendered":"<p>Santiago Arribas Mocoroa es profesor de investigaci\u00f3n del Consejo Superior de Investigaciones Cient\u00edficas (CSIC),&nbsp; en el Centro de Astrobiolog\u00eda (CAB), Madrid. Formaci\u00f3n Acad\u00e9mica: Doctor en Astrof\u00edsica (Instituto de Astrof\u00edsica de Canarias, Universidad de La Laguna, 1987) Licenciado en Ciencias F\u00edsicas (Universidad Complutense de Madrid, 1981). Grado: Instituto de \u00d3ptica- CSIC\/UCM (1982) Puestos anteriores: Cient\u00edfico Titular [&hellip;]<\/p>\n","protected":false},"author":71,"featured_media":0,"parent":0,"menu_order":0,"comment_status":"closed","ping_status":"closed","template":"","meta":{"footnotes":""},"class_list":["post-29","page","type-page","status-publish","hentry"],"_links":{"self":[{"href":"http:\/\/auditore.cab.inta-csic.es\/arribas\/wp-json\/wp\/v2\/pages\/29","targetHints":{"allow":["GET"]}}],"collection":[{"href":"http:\/\/auditore.cab.inta-csic.es\/arribas\/wp-json\/wp\/v2\/pages"}],"about":[{"href":"http:\/\/auditore.cab.inta-csic.es\/arribas\/wp-json\/wp\/v2\/types\/page"}],"author":[{"embeddable":true,"href":"http:\/\/auditore.cab.inta-csic.es\/arribas\/wp-json\/wp\/v2\/users\/71"}],"replies":[{"embeddable":true,"href":"http:\/\/auditore.cab.inta-csic.es\/arribas\/wp-json\/wp\/v2\/comments?post=29"}],"version-history":[{"count":17,"href":"http:\/\/auditore.cab.inta-csic.es\/arribas\/wp-json\/wp\/v2\/pages\/29\/revisions"}],"predecessor-version":[{"id":152,"href":"http:\/\/auditore.cab.inta-csic.es\/arribas\/wp-json\/wp\/v2\/pages\/29\/revisions\/152"}],"wp:attachment":[{"href":"http:\/\/auditore.cab.inta-csic.es\/arribas\/wp-json\/wp\/v2\/media?parent=29"}],"curies":[{"name":"wp","href":"https:\/\/api.w.org\/{rel}","templated":true}]}}