{"id":39,"date":"2015-12-31T09:55:14","date_gmt":"2015-12-31T09:55:14","guid":{"rendered":"http:\/\/auditore.cab.inta-csic.es\/europa-m5initiative\/?page_id=39"},"modified":"2016-01-13T14:16:24","modified_gmt":"2016-01-13T14:16:24","slug":"contacts","status":"publish","type":"page","link":"http:\/\/auditore.cab.inta-csic.es\/europa-m5initiative\/contacts\/","title":{"rendered":"CONTACTS"},"content":{"rendered":"<p><strong>Olga Prieto Ballesteros<\/strong><br \/>\nCentro de Astrobiologia-INTA-CSIC<br \/>\n<a href=\"mailto:prietobo@cab.inta-csic.es\">prietobo@cab.inta-csic.es<\/a><\/p>\n<p><strong>Michel Blanc<\/strong><br \/>\nIRAP, Observatoire Midi-Pyr\u00e9n\u00e9es, UPS-CNRS<br \/>\nISSI, Bern, Switzerland<br \/>\n<a href=\"mailto:Michel.blanc@irap.omp.eu\">Michel.blanc@irap.omp.eu<\/a><\/p>\n<p><strong>Esther Berm\u00fadez Castillo (logistics)<\/strong><br \/>\nCentro de Astrobiologia-INTA-CSIC<br \/>\n<a href=\"mailto:ebermudez@cab.inta-csic.es\">ebermudez@cab.inta-csic.es<\/a><\/p>\n","protected":false},"excerpt":{"rendered":"<p>Olga Prieto Ballesteros Centro de Astrobiologia-INTA-CSIC prietobo@cab.inta-csic.es Michel Blanc IRAP, Observatoire Midi-Pyr\u00e9n\u00e9es, UPS-CNRS ISSI, Bern, Switzerland Michel.blanc@irap.omp.eu Esther Berm\u00fadez Castillo (logistics) Centro de Astrobiologia-INTA-CSIC ebermudez@cab.inta-csic.es<\/p>\n","protected":false},"author":58,"featured_media":0,"parent":0,"menu_order":0,"comment_status":"closed","ping_status":"closed","template":"","meta":{"footnotes":""},"class_list":["post-39","page","type-page","status-publish","hentry"],"_links":{"self":[{"href":"http:\/\/auditore.cab.inta-csic.es\/europa-m5initiative\/wp-json\/wp\/v2\/pages\/39","targetHints":{"allow":["GET"]}}],"collection":[{"href":"http:\/\/auditore.cab.inta-csic.es\/europa-m5initiative\/wp-json\/wp\/v2\/pages"}],"about":[{"href":"http:\/\/auditore.cab.inta-csic.es\/europa-m5initiative\/wp-json\/wp\/v2\/types\/page"}],"author":[{"embeddable":true,"href":"http:\/\/auditore.cab.inta-csic.es\/europa-m5initiative\/wp-json\/wp\/v2\/users\/58"}],"replies":[{"embeddable":true,"href":"http:\/\/auditore.cab.inta-csic.es\/europa-m5initiative\/wp-json\/wp\/v2\/comments?post=39"}],"version-history":[{"count":5,"href":"http:\/\/auditore.cab.inta-csic.es\/europa-m5initiative\/wp-json\/wp\/v2\/pages\/39\/revisions"}],"predecessor-version":[{"id":86,"href":"http:\/\/auditore.cab.inta-csic.es\/europa-m5initiative\/wp-json\/wp\/v2\/pages\/39\/revisions\/86"}],"wp:attachment":[{"href":"http:\/\/auditore.cab.inta-csic.es\/europa-m5initiative\/wp-json\/wp\/v2\/media?parent=39"}],"curies":[{"name":"wp","href":"https:\/\/api.w.org\/{rel}","templated":true}]}}