{"id":10,"date":"2016-03-04T13:01:43","date_gmt":"2016-03-04T12:01:43","guid":{"rendered":"http:\/\/auditore.cab.inta-csic.es\/galaxias\/?page_id=10"},"modified":"2025-12-02T09:05:25","modified_gmt":"2025-12-02T08:05:25","slug":"people","status":"publish","type":"page","link":"http:\/\/auditore.cab.inta-csic.es\/galaxias\/people\/","title":{"rendered":"People"},"content":{"rendered":"<h2><strong>Senior Scientists<\/strong><\/h2>\n<ul>\n<li><a href=\"http:\/\/auditore.cab.inta-csic.es\/galaxias\/personal\/aalonso\/\">Dr. Almudena Alonso Herrero<\/a><\/li>\n<li><a href=\"http:\/\/auditore.cab.inta-csic.es\/galaxias\/people\/jalvarez\/\">Dr. Javier \u00c1lvarez M\u00e1rquez<\/a><\/li>\n<li><a href=\"http:\/\/auditore.cab.inta-csic.es\/arribas\/home\/\">Dr. Santiago Arribas Mocoroa<\/a><\/li>\n<li><a href=\"http:\/\/auditore.cab.inta-csic.es\/galaxias\/people\/miguel-cervino-saavedra\/\">Dr. Miguel Cervi\u00f1o Saavedra<\/a><\/li>\n<li><a href=\"http:\/\/auditore.cab.inta-csic.es\/galaxias\/personal\/lcolina\/\">Dr. Luis Colina Robledo<\/a><\/li>\n<li><a href=\"http:\/\/auditore.cab.inta-csic.es\/galaxias\/personal\/jmmhesse\/\">Dr. J. Miguel Mas Hesse<\/a><\/li>\n<li><a href=\"http:\/\/auditore.cab.inta-csic.es\/galaxias\/personal\/gminiutti\/\">Dr. Giovanni Miniutti<\/a><\/li>\n<li><a href=\"http:\/\/auditore.cab.inta-csic.es\/galaxias\/pgperez\/\">Dr. Pablo G. P\u00e9rez Gonz\u00e1lez<\/a><\/li>\n<li><a href=\"http:\/\/auditore.cab.inta-csic.es\/galaxias\/personal\/brodriguez\/\">Dr. Bruno Rodr\u00edguez Del Pino<\/a><\/li>\n<li><a href=\"http:\/\/auditore.cab.inta-csic.es\/galaxias\/people\/dr-lourdes-sanz-fernandez-de-cordoba\/\">Dr. Lourdes Sanz Fern\u00e1ndez de C\u00f3rdoba<\/a><\/li>\n<li><a href=\"http:\/\/auditore.cab.inta-csic.es\/galaxias\/personal\/mvillar\/\">Dr. Montserrat Villar Mart\u00edn<\/a><\/li>\n<\/ul>\n<h2>Research Fellows<\/h2>\n<ul>\n<li><a href=\"http:\/\/auditore.cab.inta-csic.es\/galaxias\/people\/lcostantin\/\">Dr. Luca Costantin<\/a><\/li>\n<li><a href=\"https:\/\/auditore.cab.inta-csic.es\/galaxias\/dr-ismael-garcia-bernete\/\">Dr. Ismael Garc\u00eda Bernete<\/a><\/li>\n<li><a href=\"http:\/\/auditore.cab.inta-csic.es\/galaxias\/people\/mperna\/\">Dr. Michele Perna<\/a><\/li>\n<li><a href=\"https:\/\/auditore.cab.inta-csic.es\/galaxias\/dr-irene-shivaei\/\">Dr. Irene Shivaei<\/a><\/li>\n<\/ul>\n<h2>Postdoctoral Scholars<\/h2>\n<ul>\n<li>Dr. Ivanna Langan<\/li>\n<li>Dr. Rom\u00e1n Fern\u00e1ndez Aranda<\/li>\n<li>Dr. Mahmoud Hamed<\/li>\n<li><a href=\"http:\/\/auditore.cab.inta-csic.es\/galaxias\/people\/mgiustini\/\">Dr. Margherita Giustini<\/a><\/li>\n<li>Dr. Manuel Solimano<\/li>\n<\/ul>\n<h2>PhD Students<\/h2>\n<ul>\n<li>Leonor Arriscado Nunes<\/li>\n<li>Carmen Blanco Prieto<\/li>\n<li>Carlota Prieto Jim\u00e9nez<\/li>\n<li>Ana Varo Ferrallana<\/li>\n<\/ul>\n","protected":false},"excerpt":{"rendered":"<p>Senior Scientists Dr. Almudena Alonso Herrero Dr. Javier \u00c1lvarez M\u00e1rquez Dr. Santiago Arribas Mocoroa Dr. Miguel Cervi\u00f1o Saavedra Dr. Luis Colina Robledo Dr. J. Miguel Mas Hesse Dr. Giovanni Miniutti Dr. Pablo G. P\u00e9rez Gonz\u00e1lez Dr. Bruno Rodr\u00edguez Del Pino &hellip; <a href=\"http:\/\/auditore.cab.inta-csic.es\/galaxias\/people\/\">Continue reading <span class=\"meta-nav\">&rarr;<\/span><\/a><\/p>\n","protected":false},"author":73,"featured_media":0,"parent":0,"menu_order":0,"comment_status":"closed","ping_status":"closed","template":"","meta":{"footnotes":""},"class_list":["post-10","page","type-page","status-publish","hentry"],"_links":{"self":[{"href":"http:\/\/auditore.cab.inta-csic.es\/galaxias\/wp-json\/wp\/v2\/pages\/10","targetHints":{"allow":["GET"]}}],"collection":[{"href":"http:\/\/auditore.cab.inta-csic.es\/galaxias\/wp-json\/wp\/v2\/pages"}],"about":[{"href":"http:\/\/auditore.cab.inta-csic.es\/galaxias\/wp-json\/wp\/v2\/types\/page"}],"author":[{"embeddable":true,"href":"http:\/\/auditore.cab.inta-csic.es\/galaxias\/wp-json\/wp\/v2\/users\/73"}],"replies":[{"embeddable":true,"href":"http:\/\/auditore.cab.inta-csic.es\/galaxias\/wp-json\/wp\/v2\/comments?post=10"}],"version-history":[{"count":56,"href":"http:\/\/auditore.cab.inta-csic.es\/galaxias\/wp-json\/wp\/v2\/pages\/10\/revisions"}],"predecessor-version":[{"id":918,"href":"http:\/\/auditore.cab.inta-csic.es\/galaxias\/wp-json\/wp\/v2\/pages\/10\/revisions\/918"}],"wp:attachment":[{"href":"http:\/\/auditore.cab.inta-csic.es\/galaxias\/wp-json\/wp\/v2\/media?parent=10"}],"curies":[{"name":"wp","href":"https:\/\/api.w.org\/{rel}","templated":true}]}}