{"id":18,"date":"2016-03-07T10:27:59","date_gmt":"2016-03-07T09:27:59","guid":{"rendered":"http:\/\/auditore.cab.inta-csic.es\/galaxias\/?page_id=18"},"modified":"2017-11-16T16:37:36","modified_gmt":"2017-11-16T15:37:36","slug":"publications","status":"publish","type":"page","link":"http:\/\/auditore.cab.inta-csic.es\/galaxias\/publications\/","title":{"rendered":"Publications"},"content":{"rendered":"<p>Quick search from ADS Database available <a href=\"http:\/\/adsabs.harvard.edu\/cgi-bin\/nph-abs_connect?db_key=AST&amp;db_key=PRE&amp;qform=AST&amp;arxiv_sel=astro-ph&amp;arxiv_sel=cond-mat&amp;arxiv_sel=cs&amp;arxiv_sel=gr-qc&amp;arxiv_sel=hep-ex&amp;arxiv_sel=hep-lat&amp;arxiv_sel=hep-ph&amp;arxiv_sel=hep-th&amp;arxiv_sel=math&amp;arxiv_sel=math-ph&amp;arxiv_sel=nlin&amp;arxiv_sel=nucl-ex&amp;arxiv_sel=nucl-th&amp;arxiv_sel=physics&amp;arxiv_sel=quant-ph&amp;arxiv_sel=q-bio&amp;sim_query=YES&amp;ned_query=YES&amp;adsobj_query=YES&amp;aut_logic=OR&amp;obj_logic=OR&amp;author=Alonso-Herrero%2C+A.%0D%0AArribas%2C+S.%0D%0AColina%2C+L.%0D%0AMas-Hesse%2C+M.%0D%0AMiniutti%2C+G.%0D%0AVillar-Martin%2C+M.%0D%0A\u00c1lvarez+M\u00e1rquez%2C+J.%0D%0ALabiano%2C+A.%0D%0AMartinsson%2C+T.%0D%0APiqueras+L\u00f3pez%2C+J.%0D%0ARodriguez+del+Pino%2C+B.%0D%0ACrespo+G\u00f3mez%2C+A.%2C%0D%0AUrbano+Mayorgas%2C+J.+J.&amp;object=&amp;start_mon=&amp;start_year=2016&amp;end_mon=&amp;end_year=2017&amp;ttl_logic=OR&amp;title=&amp;txt_logic=OR&amp;text=&amp;nr_to_return=200&amp;start_nr=1&amp;jou_pick=ALL&amp;ref_stems=&amp;data_and=ALL&amp;group_and=ALL&amp;start_entry_day=&amp;start_entry_mon=&amp;start_entry_year=&amp;end_entry_day=&amp;end_entry_mon=&amp;end_entry_year=&amp;min_score=&amp;sort=NDATE&amp;data_type=SHORT&amp;aut_syn=YES&amp;ttl_syn=YES&amp;txt_syn=YES&amp;aut_wt=1.0&amp;obj_wt=1.0&amp;ttl_wt=0.3&amp;txt_wt=3.0&amp;aut_wgt=YES&amp;obj_wgt=YES&amp;ttl_wgt=YES&amp;txt_wgt=YES&amp;ttl_sco=YES&amp;txt_sco=YES&amp;version=1\">here<\/a><\/p>\n<p><strong><a href=\"http:\/\/adsabs.harvard.edu\/abs\/2017arXiv171102529V\">A 100 kpc nebula associated with the &#8220;Teacup&#8221; fading quasar<\/a><\/strong><br \/>\n<strong>Villar Martin, Montserrat<\/strong>; Cabrera Lavers, Antonio; Humphrey, Andrew; Silva, Marckelson; Ramos Almeida, Cristina; <strong>Piqueras L\u00f3pez, Javier<\/strong>; Emonts, Bjorn<br \/>\n<a href=\"https:\/\/arxiv.org\/abs\/1711.02529\">eprint arXiv:1711.02529<\/a><\/p>\n<p><a href=\"https:\/\/www.aanda.org\/component\/article?access=doi&amp;doi=10.1051\/0004-6361\/201731508\"><strong>Outflows of hot molecular gas in ultra-luminous infrared galaxies mapped with VLT-SINFONI<\/strong><\/a><br \/>\nB. Emonts, <strong>L. Colina<\/strong>, <strong>J. Piqueras Lo\u0301pez<\/strong>, S. Garcia-Burillo, M. Pereira-Santaella, <strong>S. Arribas<\/strong>, <strong>A. Labiano<\/strong>, and <strong>A. Alonso-Herrero<\/strong><br \/>\nAccepted for publication in A&amp;A, DOI:\u00a0<a href=\"https:\/\/doi.org\/10.1051\/0004-6361\/201731508\">https:\/\/doi.org\/10.1051\/0004-6361\/201731508<\/a><br \/>\n<a href=\"https:\/\/arxiv.org\/abs\/1708.09503\">eprint arXiv:1708.09503<\/a><\/p>\n<p><strong><a href=\"http:\/\/adsabs.harvard.edu\/abs\/2017MNRAS.472.4659V\">Galaxy-wide radio-induced feedback in a radio-quiet quasar<\/a><\/strong><br \/>\n<strong>Villar-Mart\u00edn, M.<\/strong>; Emonts, B.; Cabrera Lavers, A.; Tadhunter, C.; Mukherjee, D.; Humphrey, A.; Rodr\u00edguez Zaur\u00edn, J.; Ramos Almeida, C.; P\u00e9rez Torres, M.; Bessiere, P.<br \/>\nMonthly Notices of the Royal Astronomical Society, Volume 472, Issue 4, p.4659-4678<br \/>\n<a href=\"https:\/\/arxiv.org\/abs\/1708.07530\"> eprint\u00a0arXiv:1708.07530<\/a><\/p>\n<p><strong><a href=\"http:\/\/adsabs.harvard.edu\/abs\/2017MNRAS.470..964R\">An infrared view of AGN feedback in a type-2 quasar: the case of the Teacup galaxy<\/a><br \/>\n<\/strong>Ramos Almeida, C.; <strong>Piqueras L\u00f3pez, J.<\/strong>; <strong>Villar-Mart\u00edn, M.<\/strong>; Bessiere, P. S.<strong><br \/>\n<\/strong>Monthly Notices of the Royal Astronomical Society, Volume 470, Issue 1, p.964-976<strong><br \/>\n<\/strong><a href=\"https:\/\/arxiv.org\/abs\/1705.07631\">eprint\u00a0arXiv:1705.07631<\/a><\/p>\n<p><strong><a href=\"http:\/\/adsabs.harvard.edu\/abs\/2017Natur.544..202M\">Star formation inside a galactic outflow<\/a><br \/>\n<\/strong>Maiolino, R.; Russell, H. R.; Fabian, A. C.; Carniani, S.; Gallagher, R.; Cazzoli, <strong>S.; Arribas<\/strong>, S.; Belfiore, F.; Bellocchi, E.; <strong>Colina, L.<\/strong>; Cresci, G.; Ishibashi, W.; Marconi, A.; Mannucci, F.; Oliva, E.; Sturm, E.<strong><br \/>\n<\/strong>Nature, Volume 544, Issue 7649, pp. 202-206 (2017)<strong><br \/>\n<\/strong><a href=\"https:\/\/arxiv.org\/abs\/1703.08587\">eprint\u00a0arXiv:1703.08587<\/a><\/p>\n<p style=\"text-align: justify\"><strong><a href=\"http:\/\/adsabs.harvard.edu\/doi\/10.1093\/mnras\/stw901\">Ionized outflows in luminous type 2 AGNs at z &lt; 0.6: no evidence for significant impact on the host galaxies<br \/>\n<\/a><\/strong><strong>Villar-Mart\u00edn, M., Arribas, S., <\/strong>Emonts, B., Humphrey, A., Tadhunter, C. Bessiere, P., Cabrera Lavers, A., Ramos Almeida, C.<br \/>\nMonthly Notices of the Royal Astronomical Society.<br \/>\n<a href=\"https:\/\/arxiv.org\/abs\/1604.04577\">eprint\u00a0arXiv:1604.04577<\/a><\/p>\n<p style=\"text-align: justify\"><a href=\"http:\/\/arxiv.org\/abs\/1603.03707\"><strong>VLT-SINFONI sub-kpc study of the star formation in local LIRGs and ULIRGs: Analysis of the global $\\Sigma_{\\rm SFR}$ structure and characterisation of individual star-forming clumps<br \/>\n<\/strong><\/a><strong>Piqueras\u00a0L\u00f3pez,\u00a0J.; Colina,\u00a0L.; Arribas,\u00a0S.; <\/strong>Pereira-Santaella,\u00a0M.; Alonso-Herrero,\u00a0A.<br \/>\nAstronomy &amp; Astrophysics<br \/>\n<a href=\"https:\/\/arxiv.org\/abs\/1603.03707\">eprint\u00a0arXiv:1603.03707<\/a><\/p>\n<p style=\"text-align: justify\"><strong><a href=\"http:\/\/adsabs.harvard.edu\/abs\/2016arXiv160208505C\" target=\"_blank\" rel=\"noopener\">Neutral gas outflows in nearby [U]LIRGs via optical NaD feature<br \/>\n<\/a><\/strong>Cazzoli, S.<strong>, Arribas, S., <\/strong>Maiolino, R.<strong>, Colina, L.<br \/>\n<\/strong>Astronomy &amp; Astrophysics<br \/>\n<a href=\"https:\/\/arxiv.org\/abs\/1602.08505\">eprint\u00a0arXiv:1602.08505<\/a><\/p>\n<p style=\"text-align: justify\"><strong><a href=\"http:\/\/adsabs.harvard.edu\/abs\/2015A%26A...578A..48C\" target=\"_blank\" rel=\"noopener\">Understanding the two-dimensional ionization structure in luminous infrared galaxies. A near-IR integral field spectroscopy perspective<br \/>\n<\/a>Colina, L.<\/strong>, <strong>Piqueras L\u00f3pez, J.<\/strong>, <strong>Arribas, S.<\/strong>, Riffel, R., Riffel, R. A., Rodriguez-Ardilla, A., Pastoriza, M., Storchi-Bergmann, T., Alonso-Herrero, A., Sales, D.<br \/>\nAstronomy &amp; Astrophysics, Volume 578, id.A48, 19pp<br \/>\n<a href=\"https:\/\/arxiv.org\/abs\/1504.02724\">eprint arXiv:1504.02724<\/a><\/p>\n","protected":false},"excerpt":{"rendered":"<p>Quick search from ADS Database available here A 100 kpc nebula associated with the &#8220;Teacup&#8221; fading quasar Villar Martin, Montserrat; Cabrera Lavers, Antonio; Humphrey, Andrew; Silva, Marckelson; Ramos Almeida, Cristina; Piqueras L\u00f3pez, Javier; Emonts, Bjorn eprint arXiv:1711.02529 Outflows of hot &hellip; <a href=\"http:\/\/auditore.cab.inta-csic.es\/galaxias\/publications\/\">Continue reading <span class=\"meta-nav\">&rarr;<\/span><\/a><\/p>\n","protected":false},"author":72,"featured_media":0,"parent":0,"menu_order":0,"comment_status":"closed","ping_status":"closed","template":"","meta":{"footnotes":""},"class_list":["post-18","page","type-page","status-publish","hentry"],"_links":{"self":[{"href":"http:\/\/auditore.cab.inta-csic.es\/galaxias\/wp-json\/wp\/v2\/pages\/18","targetHints":{"allow":["GET"]}}],"collection":[{"href":"http:\/\/auditore.cab.inta-csic.es\/galaxias\/wp-json\/wp\/v2\/pages"}],"about":[{"href":"http:\/\/auditore.cab.inta-csic.es\/galaxias\/wp-json\/wp\/v2\/types\/page"}],"author":[{"embeddable":true,"href":"http:\/\/auditore.cab.inta-csic.es\/galaxias\/wp-json\/wp\/v2\/users\/72"}],"replies":[{"embeddable":true,"href":"http:\/\/auditore.cab.inta-csic.es\/galaxias\/wp-json\/wp\/v2\/comments?post=18"}],"version-history":[{"count":29,"href":"http:\/\/auditore.cab.inta-csic.es\/galaxias\/wp-json\/wp\/v2\/pages\/18\/revisions"}],"predecessor-version":[{"id":469,"href":"http:\/\/auditore.cab.inta-csic.es\/galaxias\/wp-json\/wp\/v2\/pages\/18\/revisions\/469"}],"wp:attachment":[{"href":"http:\/\/auditore.cab.inta-csic.es\/galaxias\/wp-json\/wp\/v2\/media?parent=18"}],"curies":[{"name":"wp","href":"https:\/\/api.w.org\/{rel}","templated":true}]}}