{"id":37,"date":"2016-03-07T12:28:40","date_gmt":"2016-03-07T11:28:40","guid":{"rendered":"http:\/\/auditore.cab.inta-csic.es\/galaxias\/?page_id=37"},"modified":"2018-12-18T21:03:14","modified_gmt":"2018-12-18T20:03:14","slug":"jpiqueras","status":"publish","type":"page","link":"http:\/\/auditore.cab.inta-csic.es\/galaxias\/people\/jpiqueras\/","title":{"rendered":"Dr. Javier Piqueras L\u00f3pez"},"content":{"rendered":"<p><strong>Email:<\/strong>\u00a0 \u00a0 piqueraslj (+@cab.inta-csic.es)<br \/>\n<strong>Phone:<\/strong>\u00a0 \u00a0+34 915 201 636<br \/>\n<strong>Fax:<\/strong>\u00a0 \u00a0 \u00a0 \u00a0 +34\u00a0915 201 074<\/p>\n<p><strong>Address<\/strong><br \/>\nCentro de Astrobiolog\u00eda (CSIC\/INTA)<br \/>\nInstituto Nacional de T\u00e9cnica Aeroespacial<br \/>\nCtra de Torrej\u00f3n a Ajalvir, km 4<br \/>\n28850 Torrej\u00f3n de Ardoz, Madrid Spain<\/p>\n<p><a href=\"http:\/\/auditore.cab.inta-csic.es\/galaxias\/piqueras\/\" target=\"_blank\" rel=\"noopener\">Personal homepage<\/a><\/p>\n","protected":false},"excerpt":{"rendered":"<p>Email:\u00a0 \u00a0 piqueraslj (+@cab.inta-csic.es) Phone:\u00a0 \u00a0+34 915 201 636 Fax:\u00a0 \u00a0 \u00a0 \u00a0 +34\u00a0915 201 074 Address Centro de Astrobiolog\u00eda (CSIC\/INTA) Instituto Nacional de T\u00e9cnica Aeroespacial Ctra de Torrej\u00f3n a Ajalvir, km 4 28850 Torrej\u00f3n de Ardoz, Madrid Spain Personal &hellip; <a href=\"http:\/\/auditore.cab.inta-csic.es\/galaxias\/people\/jpiqueras\/\">Continue reading <span class=\"meta-nav\">&rarr;<\/span><\/a><\/p>\n","protected":false},"author":72,"featured_media":0,"parent":10,"menu_order":0,"comment_status":"closed","ping_status":"closed","template":"","meta":{"footnotes":""},"class_list":["post-37","page","type-page","status-publish","hentry"],"_links":{"self":[{"href":"http:\/\/auditore.cab.inta-csic.es\/galaxias\/wp-json\/wp\/v2\/pages\/37","targetHints":{"allow":["GET"]}}],"collection":[{"href":"http:\/\/auditore.cab.inta-csic.es\/galaxias\/wp-json\/wp\/v2\/pages"}],"about":[{"href":"http:\/\/auditore.cab.inta-csic.es\/galaxias\/wp-json\/wp\/v2\/types\/page"}],"author":[{"embeddable":true,"href":"http:\/\/auditore.cab.inta-csic.es\/galaxias\/wp-json\/wp\/v2\/users\/72"}],"replies":[{"embeddable":true,"href":"http:\/\/auditore.cab.inta-csic.es\/galaxias\/wp-json\/wp\/v2\/comments?post=37"}],"version-history":[{"count":14,"href":"http:\/\/auditore.cab.inta-csic.es\/galaxias\/wp-json\/wp\/v2\/pages\/37\/revisions"}],"predecessor-version":[{"id":539,"href":"http:\/\/auditore.cab.inta-csic.es\/galaxias\/wp-json\/wp\/v2\/pages\/37\/revisions\/539"}],"up":[{"embeddable":true,"href":"http:\/\/auditore.cab.inta-csic.es\/galaxias\/wp-json\/wp\/v2\/pages\/10"}],"wp:attachment":[{"href":"http:\/\/auditore.cab.inta-csic.es\/galaxias\/wp-json\/wp\/v2\/media?parent=37"}],"curies":[{"name":"wp","href":"https:\/\/api.w.org\/{rel}","templated":true}]}}