{"id":52,"date":"2016-03-07T12:39:04","date_gmt":"2016-03-07T11:39:04","guid":{"rendered":"http:\/\/auditore.cab.inta-csic.es\/galaxias\/?page_id=52"},"modified":"2020-02-03T15:49:13","modified_gmt":"2020-02-03T14:49:13","slug":"brodriguez","status":"publish","type":"page","link":"http:\/\/auditore.cab.inta-csic.es\/galaxias\/people\/brodriguez\/","title":{"rendered":"Dr. Bruno Rodr\u00edguez del Pino"},"content":{"rendered":"<p><strong>Email:<\/strong>\u00a0 \u00a0 brodriguez (+@cab.inta-csic.es)<br \/>\n<strong>Phone:<\/strong>\u00a0 \u00a0+34 915872980<\/p>\n<p><strong>Address<\/strong><br \/>\nCentro de Astrobiolog\u00eda (CSIC\/INTA)<br \/>\nInstituto Nacional de T\u00e9cnica Aeroespacial<br \/>\nCtra de Torrej\u00f3n a Ajalvir, km 4<br \/>\n28850 Torrej\u00f3n de Ardoz, Madrid Spain<\/p>\n<p>Personal homepage<\/p>\n","protected":false},"excerpt":{"rendered":"<p>Email:\u00a0 \u00a0 brodriguez (+@cab.inta-csic.es) Phone:\u00a0 \u00a0+34 915872980 Address Centro de Astrobiolog\u00eda (CSIC\/INTA) Instituto Nacional de T\u00e9cnica Aeroespacial Ctra de Torrej\u00f3n a Ajalvir, km 4 28850 Torrej\u00f3n de Ardoz, Madrid Spain Personal homepage<\/p>\n","protected":false},"author":72,"featured_media":0,"parent":10,"menu_order":0,"comment_status":"closed","ping_status":"closed","template":"","meta":{"footnotes":""},"class_list":["post-52","page","type-page","status-publish","hentry"],"_links":{"self":[{"href":"http:\/\/auditore.cab.inta-csic.es\/galaxias\/wp-json\/wp\/v2\/pages\/52","targetHints":{"allow":["GET"]}}],"collection":[{"href":"http:\/\/auditore.cab.inta-csic.es\/galaxias\/wp-json\/wp\/v2\/pages"}],"about":[{"href":"http:\/\/auditore.cab.inta-csic.es\/galaxias\/wp-json\/wp\/v2\/types\/page"}],"author":[{"embeddable":true,"href":"http:\/\/auditore.cab.inta-csic.es\/galaxias\/wp-json\/wp\/v2\/users\/72"}],"replies":[{"embeddable":true,"href":"http:\/\/auditore.cab.inta-csic.es\/galaxias\/wp-json\/wp\/v2\/comments?post=52"}],"version-history":[{"count":9,"href":"http:\/\/auditore.cab.inta-csic.es\/galaxias\/wp-json\/wp\/v2\/pages\/52\/revisions"}],"predecessor-version":[{"id":751,"href":"http:\/\/auditore.cab.inta-csic.es\/galaxias\/wp-json\/wp\/v2\/pages\/52\/revisions\/751"}],"up":[{"embeddable":true,"href":"http:\/\/auditore.cab.inta-csic.es\/galaxias\/wp-json\/wp\/v2\/pages\/10"}],"wp:attachment":[{"href":"http:\/\/auditore.cab.inta-csic.es\/galaxias\/wp-json\/wp\/v2\/media?parent=52"}],"curies":[{"name":"wp","href":"https:\/\/api.w.org\/{rel}","templated":true}]}}