{"id":545,"date":"2018-12-19T10:38:27","date_gmt":"2018-12-19T09:38:27","guid":{"rendered":"http:\/\/auditore.cab.inta-csic.es\/galaxias\/?page_id=545"},"modified":"2018-12-19T10:38:27","modified_gmt":"2018-12-19T09:38:27","slug":"pgperez","status":"publish","type":"page","link":"http:\/\/auditore.cab.inta-csic.es\/galaxias\/pgperez\/","title":{"rendered":"Dr. Pablo G. P\u00e9rez Gonz\u00e1lez"},"content":{"rendered":"<p><strong>Email:<\/strong>\u00a0 \u00a0 pgperez (+@cab.inta-csic.es)<br \/>\n<strong>Phone:<\/strong>\u00a0 \u00a0+34 915 201 323<br \/>\n<strong>Fax:<\/strong>\u00a0 \u00a0 \u00a0 \u00a0 +34\u00a0915 201 074<\/p>\n<p><strong>Address<\/strong><br \/>\nCentro de Astrobiolog\u00eda (CSIC\/INTA)<br \/>\nInstituto Nacional de T\u00e9cnica Aeroespacial<br \/>\nCtra de Torrej\u00f3n a Ajalvir, km 4<br \/>\n28850 Torrej\u00f3n de Ardoz, Madrid Spain<\/p>\n<p><a href=\"http:\/\/guaix.fis.ucm.es\/~pgperez\" target=\"_blank\" rel=\"noopener\">Personal homepage<\/a><\/p>\n","protected":false},"excerpt":{"rendered":"<p>Email:\u00a0 \u00a0 pgperez (+@cab.inta-csic.es) Phone:\u00a0 \u00a0+34 915 201 323 Fax:\u00a0 \u00a0 \u00a0 \u00a0 +34\u00a0915 201 074 Address Centro de Astrobiolog\u00eda (CSIC\/INTA) Instituto Nacional de T\u00e9cnica Aeroespacial Ctra de Torrej\u00f3n a Ajalvir, km 4 28850 Torrej\u00f3n de Ardoz, Madrid Spain Personal &hellip; <a href=\"http:\/\/auditore.cab.inta-csic.es\/galaxias\/pgperez\/\">Continue reading <span class=\"meta-nav\">&rarr;<\/span><\/a><\/p>\n","protected":false},"author":72,"featured_media":0,"parent":0,"menu_order":0,"comment_status":"closed","ping_status":"closed","template":"","meta":{"footnotes":""},"class_list":["post-545","page","type-page","status-publish","hentry"],"_links":{"self":[{"href":"http:\/\/auditore.cab.inta-csic.es\/galaxias\/wp-json\/wp\/v2\/pages\/545","targetHints":{"allow":["GET"]}}],"collection":[{"href":"http:\/\/auditore.cab.inta-csic.es\/galaxias\/wp-json\/wp\/v2\/pages"}],"about":[{"href":"http:\/\/auditore.cab.inta-csic.es\/galaxias\/wp-json\/wp\/v2\/types\/page"}],"author":[{"embeddable":true,"href":"http:\/\/auditore.cab.inta-csic.es\/galaxias\/wp-json\/wp\/v2\/users\/72"}],"replies":[{"embeddable":true,"href":"http:\/\/auditore.cab.inta-csic.es\/galaxias\/wp-json\/wp\/v2\/comments?post=545"}],"version-history":[{"count":1,"href":"http:\/\/auditore.cab.inta-csic.es\/galaxias\/wp-json\/wp\/v2\/pages\/545\/revisions"}],"predecessor-version":[{"id":546,"href":"http:\/\/auditore.cab.inta-csic.es\/galaxias\/wp-json\/wp\/v2\/pages\/545\/revisions\/546"}],"wp:attachment":[{"href":"http:\/\/auditore.cab.inta-csic.es\/galaxias\/wp-json\/wp\/v2\/media?parent=545"}],"curies":[{"name":"wp","href":"https:\/\/api.w.org\/{rel}","templated":true}]}}