{"id":637,"date":"2020-01-10T11:55:19","date_gmt":"2020-01-10T10:55:19","guid":{"rendered":"http:\/\/auditore.cab.inta-csic.es\/galaxias\/?page_id=637"},"modified":"2020-01-10T11:55:19","modified_gmt":"2020-01-10T10:55:19","slug":"mperna","status":"publish","type":"page","link":"http:\/\/auditore.cab.inta-csic.es\/galaxias\/people\/mperna\/","title":{"rendered":"Michele Perna"},"content":{"rendered":"\n<p><strong>Email:<\/strong>&nbsp; &nbsp; michele.perna (+@cab.inta-csic.es)<br><strong>Phone:<\/strong>&nbsp;&nbsp;<br><strong>Fax:<\/strong>&nbsp; &nbsp; &nbsp; &nbsp;&nbsp;<\/p>\n\n\n\n<p><strong>Address<\/strong><br>Centro de Astrobiolog\u00eda (CSIC\/INTA)<br>Instituto Nacional de T\u00e9cnica Aeroespacial<br>Ctra de Torrej\u00f3n a Ajalvir, km 4<br>28850 Torrej\u00f3n de Ardoz, Madrid Spain<\/p>\n\n\n\n<p>Personal homepage<\/p>\n","protected":false},"excerpt":{"rendered":"<p>Email:&nbsp; &nbsp; michele.perna (+@cab.inta-csic.es)Phone:&nbsp;&nbsp;Fax:&nbsp; &nbsp; &nbsp; &nbsp;&nbsp; AddressCentro de Astrobiolog\u00eda (CSIC\/INTA)Instituto Nacional de T\u00e9cnica AeroespacialCtra de Torrej\u00f3n a Ajalvir, km 428850 Torrej\u00f3n de Ardoz, Madrid Spain Personal homepage<\/p>\n","protected":false},"author":73,"featured_media":0,"parent":10,"menu_order":0,"comment_status":"closed","ping_status":"closed","template":"","meta":{"footnotes":""},"class_list":["post-637","page","type-page","status-publish","hentry"],"_links":{"self":[{"href":"http:\/\/auditore.cab.inta-csic.es\/galaxias\/wp-json\/wp\/v2\/pages\/637","targetHints":{"allow":["GET"]}}],"collection":[{"href":"http:\/\/auditore.cab.inta-csic.es\/galaxias\/wp-json\/wp\/v2\/pages"}],"about":[{"href":"http:\/\/auditore.cab.inta-csic.es\/galaxias\/wp-json\/wp\/v2\/types\/page"}],"author":[{"embeddable":true,"href":"http:\/\/auditore.cab.inta-csic.es\/galaxias\/wp-json\/wp\/v2\/users\/73"}],"replies":[{"embeddable":true,"href":"http:\/\/auditore.cab.inta-csic.es\/galaxias\/wp-json\/wp\/v2\/comments?post=637"}],"version-history":[{"count":2,"href":"http:\/\/auditore.cab.inta-csic.es\/galaxias\/wp-json\/wp\/v2\/pages\/637\/revisions"}],"predecessor-version":[{"id":647,"href":"http:\/\/auditore.cab.inta-csic.es\/galaxias\/wp-json\/wp\/v2\/pages\/637\/revisions\/647"}],"up":[{"embeddable":true,"href":"http:\/\/auditore.cab.inta-csic.es\/galaxias\/wp-json\/wp\/v2\/pages\/10"}],"wp:attachment":[{"href":"http:\/\/auditore.cab.inta-csic.es\/galaxias\/wp-json\/wp\/v2\/media?parent=637"}],"curies":[{"name":"wp","href":"https:\/\/api.w.org\/{rel}","templated":true}]}}