{"id":640,"date":"2020-01-10T11:55:08","date_gmt":"2020-01-10T10:55:08","guid":{"rendered":"http:\/\/auditore.cab.inta-csic.es\/galaxias\/?page_id=640"},"modified":"2022-04-25T13:57:59","modified_gmt":"2022-04-25T12:57:59","slug":"lcostantin","status":"publish","type":"page","link":"http:\/\/auditore.cab.inta-csic.es\/galaxias\/people\/lcostantin\/","title":{"rendered":"Dr. Luca Costantin"},"content":{"rendered":"\n<p><strong>Email:<\/strong>&nbsp; &nbsp; lcostantin (+@cab.inta-csic.es)<br><strong>Phone:<\/strong>&nbsp;&nbsp;+34 915 872 969\u202c<br><strong>Fax:<\/strong>&nbsp; &nbsp; &nbsp; &nbsp;&nbsp;<\/p>\n\n\n\n<p><strong>Address<\/strong><br>Centro de Astrobiolog\u00eda (CSIC\/INTA)<br>Instituto Nacional de T\u00e9cnica Aeroespacial<br>Ctra de Torrej\u00f3n a Ajalvir, km 4<br>28850 Torrej\u00f3n de Ardoz, Madrid Spain<\/p>\n\n\n\n<p><a href=\"https:\/\/www.lucacostantin.com\/\">Personal homepage<\/a><\/p>\n","protected":false},"excerpt":{"rendered":"<p>Email:&nbsp; &nbsp; lcostantin (+@cab.inta-csic.es)Phone:&nbsp;&nbsp;+34 915 872 969\u202cFax:&nbsp; &nbsp; &nbsp; &nbsp;&nbsp; AddressCentro de Astrobiolog\u00eda (CSIC\/INTA)Instituto Nacional de T\u00e9cnica AeroespacialCtra de Torrej\u00f3n a Ajalvir, km 428850 Torrej\u00f3n de Ardoz, Madrid Spain Personal homepage<\/p>\n","protected":false},"author":73,"featured_media":0,"parent":10,"menu_order":0,"comment_status":"closed","ping_status":"closed","template":"","meta":{"footnotes":""},"class_list":["post-640","page","type-page","status-publish","hentry"],"_links":{"self":[{"href":"http:\/\/auditore.cab.inta-csic.es\/galaxias\/wp-json\/wp\/v2\/pages\/640","targetHints":{"allow":["GET"]}}],"collection":[{"href":"http:\/\/auditore.cab.inta-csic.es\/galaxias\/wp-json\/wp\/v2\/pages"}],"about":[{"href":"http:\/\/auditore.cab.inta-csic.es\/galaxias\/wp-json\/wp\/v2\/types\/page"}],"author":[{"embeddable":true,"href":"http:\/\/auditore.cab.inta-csic.es\/galaxias\/wp-json\/wp\/v2\/users\/73"}],"replies":[{"embeddable":true,"href":"http:\/\/auditore.cab.inta-csic.es\/galaxias\/wp-json\/wp\/v2\/comments?post=640"}],"version-history":[{"count":11,"href":"http:\/\/auditore.cab.inta-csic.es\/galaxias\/wp-json\/wp\/v2\/pages\/640\/revisions"}],"predecessor-version":[{"id":828,"href":"http:\/\/auditore.cab.inta-csic.es\/galaxias\/wp-json\/wp\/v2\/pages\/640\/revisions\/828"}],"up":[{"embeddable":true,"href":"http:\/\/auditore.cab.inta-csic.es\/galaxias\/wp-json\/wp\/v2\/pages\/10"}],"wp:attachment":[{"href":"http:\/\/auditore.cab.inta-csic.es\/galaxias\/wp-json\/wp\/v2\/media?parent=640"}],"curies":[{"name":"wp","href":"https:\/\/api.w.org\/{rel}","templated":true}]}}