{"id":82,"date":"2016-03-07T13:02:06","date_gmt":"2016-03-07T12:02:06","guid":{"rendered":"http:\/\/auditore.cab.inta-csic.es\/galaxias\/?page_id=82"},"modified":"2016-05-19T12:08:03","modified_gmt":"2016-05-19T11:08:03","slug":"mvillar","status":"publish","type":"page","link":"http:\/\/auditore.cab.inta-csic.es\/galaxias\/people\/mvillar\/","title":{"rendered":"Dr. Montserrat Villar Mart\u00edn"},"content":{"rendered":"<p><strong>Email:<\/strong>\u00a0 \u00a0 villarmm (+@cab.inta-csic.es)<br \/>\n<strong>Phone:<\/strong>\u00a0 \u00a0+34 915 206 433<br \/>\n<strong>Fax:<\/strong>\u00a0 \u00a0 \u00a0 \u00a0 +34\u00a0915 201 074<\/p>\n<p><strong>Address<\/strong><br \/>\nCentro de Astrobiolog\u00eda (CSIC\/INTA)<br \/>\nInstituto Nacional de T\u00e9cnica Aeroespacial<br \/>\nCtra de Torrej\u00f3n a Ajalvir, km 4<br \/>\n28850 Torrej\u00f3n de Ardoz, Madrid Spain<\/p>\n<p>Personal homepage<\/p>\n","protected":false},"excerpt":{"rendered":"<p>Email:\u00a0 \u00a0 villarmm (+@cab.inta-csic.es) Phone:\u00a0 \u00a0+34 915 206 433 Fax:\u00a0 \u00a0 \u00a0 \u00a0 +34\u00a0915 201 074 Address Centro de Astrobiolog\u00eda (CSIC\/INTA) Instituto Nacional de T\u00e9cnica Aeroespacial Ctra de Torrej\u00f3n a Ajalvir, km 4 28850 Torrej\u00f3n de Ardoz, Madrid Spain Personal &hellip; <a href=\"http:\/\/auditore.cab.inta-csic.es\/galaxias\/people\/mvillar\/\">Continue reading <span class=\"meta-nav\">&rarr;<\/span><\/a><\/p>\n","protected":false},"author":72,"featured_media":0,"parent":10,"menu_order":0,"comment_status":"closed","ping_status":"closed","template":"","meta":{"footnotes":""},"class_list":["post-82","page","type-page","status-publish","hentry"],"_links":{"self":[{"href":"http:\/\/auditore.cab.inta-csic.es\/galaxias\/wp-json\/wp\/v2\/pages\/82","targetHints":{"allow":["GET"]}}],"collection":[{"href":"http:\/\/auditore.cab.inta-csic.es\/galaxias\/wp-json\/wp\/v2\/pages"}],"about":[{"href":"http:\/\/auditore.cab.inta-csic.es\/galaxias\/wp-json\/wp\/v2\/types\/page"}],"author":[{"embeddable":true,"href":"http:\/\/auditore.cab.inta-csic.es\/galaxias\/wp-json\/wp\/v2\/users\/72"}],"replies":[{"embeddable":true,"href":"http:\/\/auditore.cab.inta-csic.es\/galaxias\/wp-json\/wp\/v2\/comments?post=82"}],"version-history":[{"count":1,"href":"http:\/\/auditore.cab.inta-csic.es\/galaxias\/wp-json\/wp\/v2\/pages\/82\/revisions"}],"predecessor-version":[{"id":83,"href":"http:\/\/auditore.cab.inta-csic.es\/galaxias\/wp-json\/wp\/v2\/pages\/82\/revisions\/83"}],"up":[{"embeddable":true,"href":"http:\/\/auditore.cab.inta-csic.es\/galaxias\/wp-json\/wp\/v2\/pages\/10"}],"wp:attachment":[{"href":"http:\/\/auditore.cab.inta-csic.es\/galaxias\/wp-json\/wp\/v2\/media?parent=82"}],"curies":[{"name":"wp","href":"https:\/\/api.w.org\/{rel}","templated":true}]}}