{"id":85,"date":"2016-03-07T13:03:17","date_gmt":"2016-03-07T12:03:17","guid":{"rendered":"http:\/\/auditore.cab.inta-csic.es\/galaxias\/?page_id=85"},"modified":"2017-04-25T07:55:27","modified_gmt":"2017-04-25T06:55:27","slug":"jalvarez","status":"publish","type":"page","link":"http:\/\/auditore.cab.inta-csic.es\/galaxias\/people\/jalvarez\/","title":{"rendered":"Dr. Javier \u00c1lvarez M\u00e1rquez"},"content":{"rendered":"<p><strong>Email:<\/strong>\u00a0 \u00a0 jalvarez (+@cab.inta-csic.es)<br \/>\n<strong>Phone:<\/strong>\u00a0 \u00a0+34 915 206 433<br \/>\n<strong>Fax:<\/strong>\u00a0 \u00a0 \u00a0 \u00a0 +34\u00a0915 201 074<\/p>\n<p><strong>Address<\/strong><br \/>\nCentro de Astrobiolog\u00eda (CSIC\/INTA)<br \/>\nInstituto Nacional de T\u00e9cnica Aeroespacial<br \/>\nCtra de Torrej\u00f3n a Ajalvir, km 4<br \/>\n28850 Torrej\u00f3n de Ardoz, Madrid Spain<\/p>\n<p>Personal homepage<\/p>\n","protected":false},"excerpt":{"rendered":"<p>Email:\u00a0 \u00a0 jalvarez (+@cab.inta-csic.es) Phone:\u00a0 \u00a0+34 915 206 433 Fax:\u00a0 \u00a0 \u00a0 \u00a0 +34\u00a0915 201 074 Address Centro de Astrobiolog\u00eda (CSIC\/INTA) Instituto Nacional de T\u00e9cnica Aeroespacial Ctra de Torrej\u00f3n a Ajalvir, km 4 28850 Torrej\u00f3n de Ardoz, Madrid Spain Personal &hellip; <a href=\"http:\/\/auditore.cab.inta-csic.es\/galaxias\/people\/jalvarez\/\">Continue reading <span class=\"meta-nav\">&rarr;<\/span><\/a><\/p>\n","protected":false},"author":72,"featured_media":0,"parent":10,"menu_order":0,"comment_status":"closed","ping_status":"closed","template":"","meta":{"footnotes":""},"class_list":["post-85","page","type-page","status-publish","hentry"],"_links":{"self":[{"href":"http:\/\/auditore.cab.inta-csic.es\/galaxias\/wp-json\/wp\/v2\/pages\/85","targetHints":{"allow":["GET"]}}],"collection":[{"href":"http:\/\/auditore.cab.inta-csic.es\/galaxias\/wp-json\/wp\/v2\/pages"}],"about":[{"href":"http:\/\/auditore.cab.inta-csic.es\/galaxias\/wp-json\/wp\/v2\/types\/page"}],"author":[{"embeddable":true,"href":"http:\/\/auditore.cab.inta-csic.es\/galaxias\/wp-json\/wp\/v2\/users\/72"}],"replies":[{"embeddable":true,"href":"http:\/\/auditore.cab.inta-csic.es\/galaxias\/wp-json\/wp\/v2\/comments?post=85"}],"version-history":[{"count":3,"href":"http:\/\/auditore.cab.inta-csic.es\/galaxias\/wp-json\/wp\/v2\/pages\/85\/revisions"}],"predecessor-version":[{"id":389,"href":"http:\/\/auditore.cab.inta-csic.es\/galaxias\/wp-json\/wp\/v2\/pages\/85\/revisions\/389"}],"up":[{"embeddable":true,"href":"http:\/\/auditore.cab.inta-csic.es\/galaxias\/wp-json\/wp\/v2\/pages\/10"}],"wp:attachment":[{"href":"http:\/\/auditore.cab.inta-csic.es\/galaxias\/wp-json\/wp\/v2\/media?parent=85"}],"curies":[{"name":"wp","href":"https:\/\/api.w.org\/{rel}","templated":true}]}}