{"id":193,"date":"2011-12-15T19:37:30","date_gmt":"2011-12-15T19:37:30","guid":{"rendered":"http:\/\/auditore.cab.inta-csic.es\/ipbsl\/?page_id=193"},"modified":"2014-01-17T10:30:36","modified_gmt":"2014-01-17T10:30:36","slug":"news","status":"publish","type":"page","link":"http:\/\/auditore.cab.inta-csic.es\/ipbsl\/news\/","title":{"rendered":"Public Outreach and Media"},"content":{"rendered":"<ul>\n<li><a href=\"http:\/\/auditore.cab.inta-csic.es\/ipbsl\/files\/2014\/01\/Resumen-prensa.-proyecto-fase-II.-2013.pdf\">Noticias de prensa <\/a>PROYECTO IPBSL, FASE II\u00a0 (2013): <a href=\"http:\/\/divulgauned.es\/?p=3522\">UNED<\/a>, <a href=\"http:\/\/www.agenciasinc.es\/Noticias\/Sondas-de-ultima-tecnologia-en-el-subsuelo-de-Rio-Tinto\">SINC<\/a>, <a href=\"http:\/\/www.europapress.es\/andalucia\/sostenible-00672\/noticia-huelva-sostenible-cientificos-instalaran-sondas-subsuelo-rio-tinto-estudiar-actividad-metabolica-20130710173814.html\">Europa Press<\/a>, <a href=\"http:\/\/ondaminera.wordpress.com\/2013\/07\/11\/en-marcha-la-segunda-fase-del-proyecto-ipbsl-en-rio-tinto\/\">Onda Minera RTVN 1<\/a>, <a href=\"https:\/\/www.youtube.com\/watch?v=71cpTlyBSxY&amp;feature=c4-overview&amp;list=UUM0Be2_XU76s4jMZVYJXoCg\">Onda Minera RTVN 2<\/a>, <a href=\"http:\/\/www.huelvainformacion.es\/article\/provincia\/1563041\/ la\/ciencia\/estudia\/subsuelo\/rio\/tinto.html\">Huelva informaci\u00f3n<\/a>, <a href=\"http:\/\/huelvaya.es\/2013\/07\/10\/cientificos-instalaran-sondas-en-el-subsuelodel-rio-tinto-para-estudiar-la-actividad-metabolica\/\">Huelva Ya<\/a>, <a href=\"http:\/\/www.larazon.es\/detalle_normal\/noticias\/3019812\/sondas-de-ultimatecnologia-en-el-subsuelo-de\">La Raz\u00f3n<\/a>, <a href=\"http:\/\/www.20minutos.es\/noticia\/1868349\/0\/\">20 minutos<\/a>, <a href=\"http:\/\/www.rtve.es\/alacarta\/audios\/eureka\/eureka-19-07-13\/1945155\/\">RTVE<\/a>, <a href=\"http:\/\/noticiasdelaciencia.com\/not\/7825\/medidas_de_la_ actividad_metabolica_en_el_subsuelo_de_rio_tinto\/\">Noticias de la Ciencia<\/a>, <a href=\"http:\/\/www.tendencias21.net\/Medidas-de-la-actividad-metabolica-en-el-subsuelo-de-Rio-Tinto_a21967.html\">Tendencias 21<\/a>, <a href=\"http:\/\/dialnet.unirioja.es\/servlet\/articulo?codigo=4419034\">Universidad de la Rioja<\/a>, <a href=\"http:\/\/actualidad-cuencaminera.es\/sondas-de-ultima-tecnologia-en-el-subsuelo-de-rio-tinto\/\">Actualidad Cuenca Minera<\/a>, <a href=\"http:\/\/noticias.lainformacion.com\/ciencia-ytecnologia\/ biologia\/cientificos-instalaran-sondas-en-el-subsuelo-del-rio-tinto-paraestudiar- la-actividad-metabolica_cdhPOibhE62AA6YzzJZnv2\/\">La informaci\u00f3n<\/a>, <a href=\"http:\/\/www.newsesp.com\/noticias\/cientificos-instalaran-sondas-en-elsubsuelo-del-rio-tinto-para-estudiar-la-actividad-metabolica\">News Espa\u00f1a<\/a>.<\/li>\n<li><a href=\"http:\/\/esmateria.com\/2012\/09\/24\/unos-microbios-baten-el-record-de-espana-de-vida-en-las-profundidades\/\" target=\"_blank\">Unos microbios baten el r\u00e9cord de Espa\u00f1a de vida en las profundidades<\/a> (Materia, September 24, 2012)<\/li>\n<li><a href=\"http:\/\/www.arndigital.com\/cultura-y-sociedad\/noticias\/1067\/en-busca-de-vida-en-las-entranas-de-rio-tinto\/\" target=\"_blank\">En busca de vida en las entra\u00f1as de R\u00edo Tinto<\/a> (ARN digital, February 6, 2012)<\/li>\n<li><a href=\"http:\/\/www.agenciasinc.es\/Reportajes\/La-ciudad-subterranea-de-Rio-Tinto\" target=\"_blank\">La ciudad subterr\u00e1nea de R\u00edo Tinto<\/a> (SINC, December 21, 2011)<\/li>\n<li><a href=\"http:\/\/auditore.cab.inta-csic.es\/ipbsl\/files\/2013\/02\/111215-prensa-El-Mundo.pdf\">Buscando vida en el &#8216;Marte&#8217; espa\u00f1ol<\/a> (El Mundo, December 15, 2011)<\/li>\n<li><a href=\"http:\/\/zalameanoticias.wordpress.com\/2011\/12\/15\/el-rio-tinto-en-el-punto-de-mira-de-la-ciencia\/\" target=\"_blank\">El R\u00edo Tinto en el punto de mira de la\u00a0ciencia<\/a> (Zalamea noticias, December 15, 2011)<\/li>\n<li><a href=\"http:\/\/www.cosmonoticias.org\/ipbsl-en-las-entranas-de-marte\/\" target=\"_blank\">IPBSL en las entra\u00f1as de Marte<\/a> (Cosmo Noticias, December 14, 2011)<\/li>\n<li><a href=\"http:\/\/auditore.cab.inta-csic.es\/ipbsl\/files\/2013\/02\/111207-prensa-Huelva-Informacion.pdf\">Entrevista a Ricardo Amils: &#8220;Venimos de la evoluci\u00f3n de microorganismos parecidos a los del subsuelo del Tinto&#8221;<\/a> (Huelva Informaci\u00f3n, December 7, 2011)<\/li>\n<li><a href=\"http:\/\/auditore.cab.inta-csic.es\/ipbsl\/files\/2013\/02\/111223-prensa-El-Gazpacho.pdf\">Comienza la perforaci\u00f3n del r\u00edo Tinto en busca del origen de la vida<\/a> (El Gazpacho, December 4, 2011)<\/li>\n<li><a href=\"http:\/\/auditore.cab.inta-csic.es\/ipbsl\/files\/2013\/02\/111204-prensa-Huelva-Informacion.pdf\">Pe\u00f1a de Hierro -el origen de la vida<\/a> (Huelva Informaci\u00f3n, December 4, 2011)<\/li>\n<li><a href=\"http:\/\/www.elperiodicodehuelva.es\/index.php\/component\/k2\/item\/6787-cient%C3%ADficos-del-centro-de-astrobiolog%C3%ADa-inician-la-perforaci%C3%B3n-del-suelo-en-r%C3%ADo-tinto?tmpl=component&amp;print=1\" target=\"_blank\">Cient\u00edficos del Centro de Astrobiolog\u00eda inician la perforaci\u00f3n del suelo en R\u00edo Tinto <\/a>(El peri\u00f3dico de Huelva, December 2, 2011)<\/li>\n<li><a href=\"http:\/\/www.20minutos.es\/noticia\/1239606\/0\/\" target=\"_blank\">Cient\u00edficos del Centro de Astrobiolog\u00eda inician la perforaci\u00f3n del suelo en R\u00edo Tinto <\/a>(20 minutos, December 2, 2011)<\/li>\n<li><a href=\"http:\/\/auditore.cab.inta-csic.es\/ipbsl\/files\/2013\/02\/111117-prensa-Faro-de-Vigo.pdf\">Entrevista a Ricardo Amils: &#8220;Las \u00fanicas posibilidades de vida en Marte, hoy por hoy, est\u00e1n en el subsuelo&#8221;<\/a> (Faro de Vigo, November 11, 2011)<\/li>\n<li><a href=\"http:\/\/auditore.cab.inta-csic.es\/ipbsl\/files\/2013\/02\/111101-prensa-Publico.pdf\">Espa\u00f1a busca vida a un kil\u00f3metro bajo tierra<\/a> (P\u00fablico, November 1, 2011)<\/li>\n<li><a href=\"http:\/\/auditore.cab.inta-csic.es\/ipbsl\/files\/2013\/02\/100512-prensa-Huelva-Informaci\u00f3n.pdf\">El secreto vital de Pe\u00f1a de Hierro<\/a> (Huelva Informaci\u00f3n, May 12, 2010)<\/li>\n<\/ul>\n","protected":false},"excerpt":{"rendered":"<p>Noticias de prensa PROYECTO IPBSL, FASE II\u00a0 (2013): UNED, SINC, Europa Press, Onda Minera RTVN 1, Onda Minera RTVN 2, Huelva informaci\u00f3n, Huelva Ya, La Raz\u00f3n, 20 minutos, RTVE, Noticias de la Ciencia, Tendencias 21, Universidad de la Rioja, Actualidad &hellip; <a href=\"http:\/\/auditore.cab.inta-csic.es\/ipbsl\/news\/\">Continue reading <span class=\"meta-nav\">&rarr;<\/span><\/a><\/p>\n","protected":false},"author":27,"featured_media":0,"parent":0,"menu_order":0,"comment_status":"closed","ping_status":"closed","template":"","meta":{"footnotes":""},"class_list":["post-193","page","type-page","status-publish","hentry"],"_links":{"self":[{"href":"http:\/\/auditore.cab.inta-csic.es\/ipbsl\/wp-json\/wp\/v2\/pages\/193","targetHints":{"allow":["GET"]}}],"collection":[{"href":"http:\/\/auditore.cab.inta-csic.es\/ipbsl\/wp-json\/wp\/v2\/pages"}],"about":[{"href":"http:\/\/auditore.cab.inta-csic.es\/ipbsl\/wp-json\/wp\/v2\/types\/page"}],"author":[{"embeddable":true,"href":"http:\/\/auditore.cab.inta-csic.es\/ipbsl\/wp-json\/wp\/v2\/users\/27"}],"replies":[{"embeddable":true,"href":"http:\/\/auditore.cab.inta-csic.es\/ipbsl\/wp-json\/wp\/v2\/comments?post=193"}],"version-history":[{"count":44,"href":"http:\/\/auditore.cab.inta-csic.es\/ipbsl\/wp-json\/wp\/v2\/pages\/193\/revisions"}],"predecessor-version":[{"id":968,"href":"http:\/\/auditore.cab.inta-csic.es\/ipbsl\/wp-json\/wp\/v2\/pages\/193\/revisions\/968"}],"wp:attachment":[{"href":"http:\/\/auditore.cab.inta-csic.es\/ipbsl\/wp-json\/wp\/v2\/media?parent=193"}],"curies":[{"name":"wp","href":"https:\/\/api.w.org\/{rel}","templated":true}]}}