{"id":504,"date":"2012-07-06T07:47:32","date_gmt":"2012-07-06T07:47:32","guid":{"rendered":"http:\/\/auditore.cab.inta-csic.es\/ipbsl\/?page_id=504"},"modified":"2015-03-10T09:49:46","modified_gmt":"2015-03-10T09:49:46","slug":"publications","status":"publish","type":"page","link":"http:\/\/auditore.cab.inta-csic.es\/ipbsl\/publications\/","title":{"rendered":"Publications"},"content":{"rendered":"<p><strong>RESEARCH ARTICLES<\/strong><\/p>\n<ul>\n<li>Puente-S\u00e1nchez, F., S\u00e1nchez-Rom\u00e1n, M., Amils, R., y <span class=\"highlight\"><span class=\"highlight\">Parro, V. <a href=\"http:\/\/www.ncbi.nlm.nih.gov\/pubmed\/25052391\"><em>Tessaracoccus lapidicaptus<\/em> sp. nov., an actinobacterium isolated from the deep subsurface of the Iberiand pyrite belt<\/a> <em><strong>International Journal of Systematic and Evolutionary Microbiology<\/strong><\/em> (2014) 64: 3546-3552. DOI: 10.1099\/ijs.0.060038-0<br \/>\n<\/span><\/span><\/li>\n<li>Oggerin, M., Rodr\u00edguez, N., del Moral, C., y Amils, R. <a href=\"http:\/\/auditore.cab.inta-csic.es\/ipbsl\/files\/2014\/12\/2014-Oggerin-et-al.-Fungal-jarosite-biomineralization-in-R\u00edo-Tinto.pdf\">Fungal jarosite biomineralization in R\u00edo Tinto<\/a> <em><strong>Research in Microbiology<\/strong><\/em> (2014) 165: 719-725. DOI: 10.1016\/j.resmic.2014.10.001<\/li>\n<li>S\u00e1nchez-Rom\u00e1n, M., Fern\u00e1ndez-Remolar, D., Amils, R., S\u00e1nchez-Navas, A.<br \/>\nSchmid, T., San Martin-Uriz, P., Rodr\u00edguez, N., McKenzie, J.A., y Vasconcelos, C.\u00a0<a href=\"http:\/\/auditore.cab.inta-csic.es\/ipbsl\/files\/2014\/04\/2014-S\u00e1nchez-Rom\u00e1n-et-al.pdf\">Microbial mediated formation of Fe-carbonate minerals under extreme acidic conditions<\/a>\u00a0 <strong><em>Scientific Reports<\/em><\/strong> (2014) 4: 4767-4774. DOI:10.1038\/srep04767<\/li>\n<li>G\u00f3mez-Ortiz, D., Fern\u00e1ndez-Remolar, D.C., Granda, \u00c1., Quesada, C., Granda, T., Prieto-Ballesteros, O., Molina, A. y Amils, R. <a href=\"http:\/\/dx.doi.org\/10.1016\/j.epsl.2014.01.022\">Identification of the subsurface sulfide bodies responsable for acidity in R\u00edo Tinto source water, Spain.<\/a> <strong><em>Earth and Planetary Science Letters<\/em><\/strong> (2014) 391: 36-41. DOI: 10.1016\/j.epsl.2014.01.022<\/li>\n<li>Puente-S\u00e1nchez, F., Moreno-Paz, M., Rivas, L.A., Cruz-Gil, P., Garc\u00eda-Villadangos, M., G\u00f3mez, M.J., Postigo, M., Garrido, P., Gonz\u00e1lez-Toril, E., Briones, C., Fern\u00e1ndez-Remolar, D., Stoker, C., Amils, R., and Parro, V. <a href=\"http:\/\/www.ncbi.nlm.nih.gov\/pubmed\/24237661\" target=\"_blank\">Deep subsurface sulfate reduction and methanogenesis in the Iberian Pyrite Belt revealed through geochemistry and molecular biomarkers<\/a>. <em><strong>Geobiology<\/strong> <\/em>(2014) 12: 34-47. DOI: 10.1111\/gbi.12065<\/li>\n<li>Oggerin, M.,\u00a0 Tornos, F., Rodr\u00edguez, N., del Moral, C. , S\u00e1nchez-Rom\u00e1n, M. and Amils, R. <a href=\"http:\/\/onlinelibrary.wiley.com\/doi\/10.1111\/1462-2920.12094\/abstract\">Specific jarosite biomineralization by <em>Purpureocillium lilacinum<\/em>, an acidophilic fungi isolated from R\u00edo Tinto<\/a>. <strong><em>Environmental Microbiology<\/em> <\/strong>(2013) 15: 2228-2237. DOI:\u00a010.1111\/1462-2920.12094<\/li>\n<li>Amils, R., <em>et al<\/em>. <em><a href=\"http:\/\/auditore.cab.inta-csic.es\/ipbsl\/files\/2013\/10\/2013-Adv.-Mat.-Res.-IPBSL.pdf\">Iberian Pyrite Belt Subsurface Life (IPBSL), a drilling project of biohydrometallurgical interest.\u00a0<\/a> <strong>Advanced Materials Research<\/strong><\/em> (2013) 825: 15-18.<\/li>\n<\/ul>\n<p>&nbsp;<\/p>\n<p><strong>REVIEW ARTICLES and BOOK CHAPTERS<\/strong><\/p>\n<ul>\n<li>Amils, R. (2015) <a href=\"http:\/\/auditore.cab.inta-csic.es\/ipbsl\/files\/2015\/03\/Amils-2015-Environmental_Microbiology_Reports.pdf\">Technological challenges to understanding the microbial ecology of deep subsurface ecosystems<\/a> <em><strong>Environmental Microbiology Reports<\/strong><\/em> 7(1): 9\u201310. DOI: 10.1111\/1758-2229.12219<\/li>\n<li>F. J. L\u00f3pez de Saro, H. D\u00edaz Maldonado, and R. Amils (2015). Microbial evolution: The view from the acidophiles. In Microbial evolution under extreme conditions (Corien Bakermans, Ed.) De Gruyter, pp. 19-30. ISBN 978-3-11-033506-4<\/li>\n<li>R. Amils, D. Fern\u00e1ndez-Remolar and the IPBSL Team (2014). <a href=\"http:\/\/auditore.cab.inta-csic.es\/ipbsl\/files\/2014\/09\/2014-Amils-et-al.pdf\">R\u00edo Tinto: A Geochemical and Mineralogical Terrestrial Analogue of Mars<\/a>. <strong><em>Life<\/em> <\/strong>4: 511-534. doi:<a href=\"http:\/\/dx.doi.org\/10.3390\/life4030511\">10.3390\/life4030511<\/a><\/li>\n<li>F. J. L\u00f3pez de Saro, M. J. G\u00f3mez, E. Gonz\u00e1lez-Tortuero, and Parro, V. (2013). The dynamic genomes of acidophiles. In <a href=\"http:\/\/www.springer.com\/life+sciences\/microbiology\/book\/978-94-007-6487-3\"><em>Polyextremophiles: Life Under Multiple Forms of Stress<\/em>, Vol. 27<\/a> (J. Seckbach, A. Oren and H. Stan-Lotter, Eds.), Springer, pp. 81-97.<\/li>\n<li>R. Amils, E. Gonz\u00e1lez-Toril, A. Aguilera, N. Rodr\u00edguez, D. Fern\u00e1ndez-Remolar, F. G\u00f3mez, A. Garc\u00eda Moyano, M. Malki, M. Oggerin, I. S\u00e1nchez Andrea, and J. L. Sanz. (2011). From Rio Tinto to Mars: the terrestrial and extraterrestrial ecology of acidophiles. <em>In Advances in Applied Microbiology<\/em>, Vol. 77 (A. Laskin, G. Gadd and S. Sariaslani, Eds.), Elsevier, pp. 41-70.<\/li>\n<\/ul>\n<p>&nbsp;<\/p>\n<p><span style=\"color: #000000\"><strong>CONFERENCE ABSTRACTS<\/strong><\/span><\/p>\n<ul>\n<li><strong>Red Espa\u00f1ola de Extrem\u00f3filos 2014<\/strong> (Octubre 2014), Miraflores, Espa\u00f1a. <a href=\"http:\/\/auditore.cab.inta-csic.es\/ipbsl\/files\/2014\/10\/141016-abstract-REDEX-Oggerin.pdf\">Actividad metanog\u00e9nica en el subsuelo de la Faja Pir\u00edtica Ib\u00e9rica detectada por hibridaci\u00f3n in situ fluorescente<\/a>. Oggerin <em>et al<\/em>.<\/li>\n<li><strong>European Planetary Science Congress 2014<\/strong> (Septiembre 2014), Cascais, Portugal. <a href=\"http:\/\/auditore.cab.inta-csic.es\/ipbsl\/files\/2014\/10\/140907-abstract-EPSC-Oggerin.pdf\">Subsurface methanogenic activity in the Iberian Pyrite Belt detected by fluorescence in situ hybridization<\/a>. Oggerin <em>et al<\/em>.<\/li>\n<li><strong>2<\/strong><strong>4nd Goldschmidt Conference <\/strong>(July 2014), Sacramento, CA, USA. <a href=\"http:\/\/auditore.cab.inta-csic.es\/ipbsl\/files\/2014\/10\/140608-abstract-Goldschmidt-SanchezRoman.pdf\">Mineralogy and Geochemistry in the Subsurface of Rio Tinto<\/a>. S\u00e1nchez-Rom\u00e1n <em>et al.<\/em><\/li>\n<li><strong>24nd Goldschmidt Conference <\/strong>(July 2014), Sacramento, CA, USA.<a href=\"http:\/\/auditore.cab.inta-csic.es\/ipbsl\/files\/2014\/10\/140608-abstract-Goldschmidt-Puente.pdf\">Exploring the ecology of continental deep-subsurface communities through a multi-technique approach<\/a> Puente<em> et al.<\/em><\/li>\n<li><strong>23nd Goldschmidt Conference <\/strong>(August 2013), Florence, Italy. <a href=\"http:\/\/auditore.cab.inta-csic.es\/ipbsl\/files\/2013\/09\/130800-abstract-Goldschmidt-SanchezRoman.pdf\">Geochemical and microbial signals related to carbonate formation in the subsurface of Rio Tinto <\/a>S\u00e1nchez-Rom\u00e1n <em>et al.<\/em><\/li>\n<li><strong>23nd Goldschmidt Conference <\/strong>(August 2013), Florence, Italy. <a href=\"http:\/\/auditore.cab.inta-csic.es\/ipbsl\/files\/2013\/09\/130800-abstract-Goldschmidt-Puente.pdf\">Carbonate biomineralization under aerobic and anaerobic conditions by a novel deep subsurface bacterial isolate <\/a>Puente-S\u00e1nchez <em>et al.<\/em><\/li>\n<li><strong>23nd Goldschmidt Conference <\/strong>(August 2013), Florence, Italy.<em> <a href=\"http:\/\/auditore.cab.inta-csic.es\/ipbsl\/files\/2013\/09\/130800-abstract-Goldschmidt-Oggering.pdf\">Biomineralization of jarosite by Purpureocillium lilacinum, an acidophilic fungi isolated from R\u00edo Tinto<\/a> <\/em>Oggerin <em>et al.<\/em><\/li>\n<li><strong>12th European Workshop on Astrobiology EANA<\/strong> (October 15-17, 2012) <em><a href=\"http:\/\/auditore.cab.inta-csic.es\/ipbsl\/files\/2013\/02\/121015-abstract-EANA-Amils.pdf\">Iberian Pyrite Belt Subsurface Life (IPBSL), a drilling project of astrobiological interest <\/a><\/em>Amils<em> et al.<\/em><\/li>\n<li><strong>European Planetary Science Congress 2012<\/strong> (September 23-28, 2012). Madrid, Spain.<em> <a href=\"http:\/\/auditore.cab.inta-csic.es\/ipbsl\/files\/2013\/02\/120923-abstract-Europlanet-Amils.pdf\">Iberian Pyrite Belt Subsurface Life (IPBSL), a drilling project in a geochemical Mars terrestrial analogue<\/a> <\/em>Amils<em> et al.<br \/>\n<\/em><\/li>\n<li><strong>9th International Congress on Extremophiles<\/strong> (September 10-13, 2012). Sevilla, Spain. <em><a href=\"http:\/\/auditore.cab.inta-csic.es\/ipbsl\/files\/2013\/02\/120910-abstract-Extremophiles-Amils.pdf\">Subsurface geomicrobiology of the Iberian Pyrite Belt<\/a><\/em> Amils <em>et al.<\/em><\/li>\n<li><strong>9th International Congress on Extremophiles<\/strong> (September 10-13, 2012). Sevilla, Spain.\u00a0<em><a href=\"http:\/\/auditore.cab.inta-csic.es\/ipbsl\/files\/2013\/02\/120910-abstract-Extremophiles-Parro.pdf\">The geochemistry of the deep Iberian Pyrite Belt (IBP) subsurface supports multiple microbial metabolisms<\/a> <\/em>Parro<em> et al.<\/em><\/li>\n<li><strong>22nd IUBMB-FEBS &#8211; From single molecules to systems biology<\/strong> (September 4-9, 2012). Sevilla, Spain. <em><a title=\"22nd IUBMB-FEBS 2012\" href=\"http:\/\/auditore.cab.inta-csic.es\/ipbsl\/publications\/abstract-22nd-iubmb-febs-2012\/\">An oligonucleotide-based microarray to detect and monitor mobile genetic elements.<\/a> <\/em>D\u00edaz-Maldonado<em> et al.<\/em><\/li>\n<li><strong>22nd Goldschmidt Conference <\/strong>(June 24-29, 2012). Montreal, Canada. <em><a href=\"http:\/\/auditore.cab.inta-csic.es\/ipbsl\/files\/2013\/02\/120524-abstract-Goldschmidt-Puente.pdf\">Exploring the Geomicrobiology of the R\u00edo Tinto subsurface Mars analog by using a life detector biochip <\/a><\/em>Puente-S\u00e1nchez <em>et al.<\/em><\/li>\n<li><strong>Astrobiology Science Conference <\/strong>(April 16-20, 2012). Atlanta, Georgia. <em><a href=\"http:\/\/abscicon2012.arc.nasa.gov\/abstracts\/abstract-detail\/carbonate-precipitation-in-acidic-environments-a-potential-biosignature-for-searching-life-on-mars\/\">Carbonate precipitation in acidic environments, a potential biosignature for searching life on Mars. <\/a><\/em>Izawa<em> et al.<\/em><\/li>\n<li><strong>Astrobiology Science Conference<\/strong> (April 16-20, 2012). Atlanta, Georgia. <em><a href=\"http:\/\/abscicon2012.arc.nasa.gov\/abstracts\/abstract-detail\/searching-for-biosignatures-in-deep-regions-of-the-rio-tinto-aquifer-the-iberian-pyritic-belt-subsurface-life-ipbsl-project\/\">Searching for biosignatures in deep regions of the Rio Tinto aquifer: the Iberian Pyritic Belt Subsurface Life (IPBSL) Project. <\/a><\/em>Molina<em> et al.<\/em><\/li>\n<li><strong>Astrobiology Science Conference<\/strong> (April 16-20, 2012). Atlanta, Georgia. <em><a href=\"http:\/\/abscicon2012.arc.nasa.gov\/abstracts\/abstract-detail\/exploring-the-microbial-diversity-of-the-iberian-pyritic-belt-subsurface-by-using-dna-microarrays-and-a-life-detecting-immunochip-ldchip\">Exploring the microbial diversity of the Iberian Pyritic Belt subsurface by using DNA microarrays and a life detecting immunochip, LDCHIP. <\/a><\/em>Parro<em> et al.<\/em><\/li>\n<li><strong>Astrobiology Science Conference<\/strong> (April 16-20, 2012). Atlanta, Georgia.<em> <a href=\"http:\/\/abscicon2012.arc.nasa.gov\/abstracts\/abstract-detail\/the-iberian-pyrite-belt-subsurface-life-ipbsl-drilling-project\">The Iberian Pyrite Belt Subsurface Life (IPBSL) drilling project. <\/a><\/em>Puente-S\u00e1nchez<em> et al.<\/em><\/li>\n<li><strong>XXIII Congreso Nacional de la Sociedad Espa\u00f1ola de Microbiolog\u00eda<\/strong> (July 11-14, 2011) Salamanca, Spain. <em><a title=\"XXIII Congreso Nacional de la SEM\" href=\"http:\/\/auditore.cab.inta-csic.es\/ipbsl\/publications\/xxiii-congreso-nacional-de-la-sem\/\">Explorando la diversidad microbiana del subsuelo de la Faja Pir\u00edtica Ib\u00e9rica mediante microarrays de DNA y un inmunochip detector de vida.<\/a> <\/em>Puente-S\u00e1nchez <em>et al. <\/em><\/li>\n<\/ul>\n","protected":false},"excerpt":{"rendered":"<p>RESEARCH ARTICLES Puente-S\u00e1nchez, F., S\u00e1nchez-Rom\u00e1n, M., Amils, R., y Parro, V. Tessaracoccus lapidicaptus sp. nov., an actinobacterium isolated from the deep subsurface of the Iberiand pyrite belt International Journal of Systematic and Evolutionary Microbiology (2014) 64: 3546-3552. DOI: 10.1099\/ijs.0.060038-0 Oggerin, &hellip; <a href=\"http:\/\/auditore.cab.inta-csic.es\/ipbsl\/publications\/\">Continue reading <span class=\"meta-nav\">&rarr;<\/span><\/a><\/p>\n","protected":false},"author":27,"featured_media":0,"parent":0,"menu_order":0,"comment_status":"closed","ping_status":"closed","template":"","meta":{"footnotes":""},"class_list":["post-504","page","type-page","status-publish","hentry"],"_links":{"self":[{"href":"http:\/\/auditore.cab.inta-csic.es\/ipbsl\/wp-json\/wp\/v2\/pages\/504","targetHints":{"allow":["GET"]}}],"collection":[{"href":"http:\/\/auditore.cab.inta-csic.es\/ipbsl\/wp-json\/wp\/v2\/pages"}],"about":[{"href":"http:\/\/auditore.cab.inta-csic.es\/ipbsl\/wp-json\/wp\/v2\/types\/page"}],"author":[{"embeddable":true,"href":"http:\/\/auditore.cab.inta-csic.es\/ipbsl\/wp-json\/wp\/v2\/users\/27"}],"replies":[{"embeddable":true,"href":"http:\/\/auditore.cab.inta-csic.es\/ipbsl\/wp-json\/wp\/v2\/comments?post=504"}],"version-history":[{"count":80,"href":"http:\/\/auditore.cab.inta-csic.es\/ipbsl\/wp-json\/wp\/v2\/pages\/504\/revisions"}],"predecessor-version":[{"id":1054,"href":"http:\/\/auditore.cab.inta-csic.es\/ipbsl\/wp-json\/wp\/v2\/pages\/504\/revisions\/1054"}],"wp:attachment":[{"href":"http:\/\/auditore.cab.inta-csic.es\/ipbsl\/wp-json\/wp\/v2\/media?parent=504"}],"curies":[{"name":"wp","href":"https:\/\/api.w.org\/{rel}","templated":true}]}}