{"id":51,"date":"2011-07-12T09:58:59","date_gmt":"2011-07-12T09:58:59","guid":{"rendered":"http:\/\/auditore\/ipbsl\/"},"modified":"2014-06-04T10:13:24","modified_gmt":"2014-06-04T10:13:24","slug":"team-members","status":"publish","type":"page","link":"http:\/\/auditore.cab.inta-csic.es\/ipbsl\/home\/team-members\/","title":{"rendered":"Team members"},"content":{"rendered":"<ul>\n<li><a href=\"http:\/\/www.cab.inta-csic.es\/en\/investigadores\/327\/ricardo-amils-pibernat\" target=\"_blank\">Ricardo Amils Pibernat<\/a><\/li>\n<li><a href=\"https:\/\/www.tu-braunschweig.de\/ifm\/abt\/timmis\">Kenneth Timmis<\/a><\/li>\n<li><a href=\"http:\/\/www.cab.inta-csic.es\/en\/investigadores\/348\/victor-parro\" target=\"_blank\">Victor Parro\u00a0Garc\u00eda<\/a><\/li>\n<li><a href=\"http:\/\/www.cab.inta-csic.es\/en\/investigadores\/321\/jose-antonio-rodriguez-manfredi\" target=\"_blank\">Jos\u00e9 Antonio Rodr\u00edguez Manfredi<\/a><\/li>\n<li><a href=\"http:\/\/www.cab.inta-csic.es\/en\/investigadores\/373\/david-fernandez-remolar\" target=\"_blank\">David Fern\u00e1ndez Remolar<\/a><\/li>\n<li><a href=\"http:\/\/www.cab.inta-csic.es\/es\/investigadores\/358\/carlos-briones-llorente\">Carlos Briones Llorente<\/a><\/li>\n<li><a href=\"http:\/\/www.cab.inta-csic.es\/en\/investigadores\/455\/monika-oggerin\" target=\"_blank\">Monica Oggerin<\/a><\/li>\n<li><a href=\"http:\/\/www.cab.inta-csic.es\/en\/investigadores\/425\/jose-pablo-fernandez-rodriguez\" target=\"_blank\">Jos\u00e9 Pablo Fern\u00e1ndez Rodr\u00edguez<\/a><\/li>\n<li><a href=\"http:\/\/www.cab.inta-csic.es\/en\/investigadores\/345\/francisco-j.-lopez-de-saro\" target=\"_blank\">Francisco J. L\u00f3pez de Saro<\/a><\/li>\n<li><a href=\"http:\/\/www.cab.inta-csic.es\/en\/investigadores\/454\/monica-sanchez-roman\" target=\"_blank\">Monica S\u00e1nchez Rom\u00e1n<\/a><\/li>\n<li>Fernando Puente S\u00e1nchez<\/li>\n<li>Nuria Rodr\u00edguez<\/li>\n<li>Miriam Garc\u00eda Villadangos<\/li>\n<\/ul>\n\n\t\t<style type=\"text\/css\">\n\t\t\t#gallery-1 {\n\t\t\t\tmargin: auto;\n\t\t\t}\n\t\t\t#gallery-1 .gallery-item {\n\t\t\t\tfloat: left;\n\t\t\t\tmargin-top: 10px;\n\t\t\t\ttext-align: center;\n\t\t\t\twidth: 50%;\n\t\t\t}\n\t\t\t#gallery-1 img {\n\t\t\t\tborder: 2px solid #cfcfcf;\n\t\t\t}\n\t\t\t#gallery-1 .gallery-caption {\n\t\t\t\tmargin-left: 0;\n\t\t\t}\n\t\t\t\/* see gallery_shortcode() in wp-includes\/media.php *\/\n\t\t<\/style>\n\t\t<div id='gallery-1' class='gallery galleryid-51 gallery-columns-2 gallery-size-thumbnail'><dl class='gallery-item'>\n\t\t\t<dt class='gallery-icon landscape'>\n\t\t\t\t<a href='http:\/\/auditore.cab.inta-csic.es\/ipbsl\/files\/2011\/07\/grupo-ipbsl.jpg'><img loading=\"lazy\" decoding=\"async\" width=\"150\" height=\"150\" src=\"http:\/\/auditore.cab.inta-csic.es\/ipbsl\/files\/2011\/07\/grupo-ipbsl-150x150.jpg\" class=\"attachment-thumbnail size-thumbnail\" alt=\"\" aria-describedby=\"gallery-1-151\" \/><\/a>\n\t\t\t<\/dt>\n\t\t\t\t<dd class='wp-caption-text gallery-caption' id='gallery-1-151'>\n\t\t\t\tSpanish team&#8230; well, partially.\n\t\t\t\t<\/dd><\/dl><dl class='gallery-item'>\n\t\t\t<dt class='gallery-icon landscape'>\n\t\t\t\t<a href='http:\/\/auditore.cab.inta-csic.es\/ipbsl\/files\/2011\/07\/IMG_01941.jpg'><img loading=\"lazy\" decoding=\"async\" width=\"150\" height=\"150\" src=\"http:\/\/auditore.cab.inta-csic.es\/ipbsl\/files\/2011\/07\/IMG_01941-150x150.jpg\" class=\"attachment-thumbnail size-thumbnail\" alt=\"\" \/><\/a>\n\t\t\t<\/dt><\/dl><br style=\"clear: both\" \/><dl class='gallery-item'>\n\t\t\t<dt class='gallery-icon landscape'>\n\t\t\t\t<a href='http:\/\/auditore.cab.inta-csic.es\/ipbsl\/files\/2011\/07\/P1010494.jpg'><img loading=\"lazy\" decoding=\"async\" width=\"150\" height=\"113\" src=\"http:\/\/auditore.cab.inta-csic.es\/ipbsl\/files\/2011\/07\/P1010494.jpg\" class=\"attachment-thumbnail size-thumbnail\" alt=\"\" \/><\/a>\n\t\t\t<\/dt><\/dl><dl class='gallery-item'>\n\t\t\t<dt class='gallery-icon landscape'>\n\t\t\t\t<a href='http:\/\/auditore.cab.inta-csic.es\/ipbsl\/files\/2011\/07\/P1010496.jpg'><img loading=\"lazy\" decoding=\"async\" width=\"150\" height=\"113\" src=\"http:\/\/auditore.cab.inta-csic.es\/ipbsl\/files\/2011\/07\/P1010496.jpg\" class=\"attachment-thumbnail size-thumbnail\" alt=\"\" \/><\/a>\n\t\t\t<\/dt><\/dl><br style=\"clear: both\" \/>\n\t\t<\/div>\n\n<p>&nbsp;<\/p>\n<p>&nbsp;<\/p>\n","protected":false},"excerpt":{"rendered":"<p>Ricardo Amils Pibernat Kenneth Timmis Victor Parro\u00a0Garc\u00eda Jos\u00e9 Antonio Rodr\u00edguez Manfredi David Fern\u00e1ndez Remolar Carlos Briones Llorente Monica Oggerin Jos\u00e9 Pablo Fern\u00e1ndez Rodr\u00edguez Francisco J. L\u00f3pez de Saro Monica S\u00e1nchez Rom\u00e1n Fernando Puente S\u00e1nchez Nuria Rodr\u00edguez Miriam Garc\u00eda Villadangos &nbsp; &hellip; <a href=\"http:\/\/auditore.cab.inta-csic.es\/ipbsl\/home\/team-members\/\">Continue reading <span class=\"meta-nav\">&rarr;<\/span><\/a><\/p>\n","protected":false},"author":45,"featured_media":0,"parent":518,"menu_order":0,"comment_status":"closed","ping_status":"closed","template":"","meta":{"footnotes":""},"class_list":["post-51","page","type-page","status-publish","hentry"],"_links":{"self":[{"href":"http:\/\/auditore.cab.inta-csic.es\/ipbsl\/wp-json\/wp\/v2\/pages\/51","targetHints":{"allow":["GET"]}}],"collection":[{"href":"http:\/\/auditore.cab.inta-csic.es\/ipbsl\/wp-json\/wp\/v2\/pages"}],"about":[{"href":"http:\/\/auditore.cab.inta-csic.es\/ipbsl\/wp-json\/wp\/v2\/types\/page"}],"author":[{"embeddable":true,"href":"http:\/\/auditore.cab.inta-csic.es\/ipbsl\/wp-json\/wp\/v2\/users\/45"}],"replies":[{"embeddable":true,"href":"http:\/\/auditore.cab.inta-csic.es\/ipbsl\/wp-json\/wp\/v2\/comments?post=51"}],"version-history":[{"count":20,"href":"http:\/\/auditore.cab.inta-csic.es\/ipbsl\/wp-json\/wp\/v2\/pages\/51\/revisions"}],"predecessor-version":[{"id":1012,"href":"http:\/\/auditore.cab.inta-csic.es\/ipbsl\/wp-json\/wp\/v2\/pages\/51\/revisions\/1012"}],"up":[{"embeddable":true,"href":"http:\/\/auditore.cab.inta-csic.es\/ipbsl\/wp-json\/wp\/v2\/pages\/518"}],"wp:attachment":[{"href":"http:\/\/auditore.cab.inta-csic.es\/ipbsl\/wp-json\/wp\/v2\/media?parent=51"}],"curies":[{"name":"wp","href":"https:\/\/api.w.org\/{rel}","templated":true}]}}