{"id":720,"date":"2013-02-01T16:40:02","date_gmt":"2013-02-01T16:40:02","guid":{"rendered":"http:\/\/auditore.cab.inta-csic.es\/ipbsl\/?page_id=720"},"modified":"2013-02-13T11:43:49","modified_gmt":"2013-02-13T11:43:49","slug":"xxiii-congreso-nacional-de-la-sem","status":"publish","type":"page","link":"http:\/\/auditore.cab.inta-csic.es\/ipbsl\/publications\/xxiii-congreso-nacional-de-la-sem\/","title":{"rendered":"XXIII Congreso Nacional de la SEM"},"content":{"rendered":"<p><strong>Explorando la diversidad microbiana del subsuelo de la Faja Pir\u00edtica Ib\u00e9rica mediante microarrays de DNA y un inmunochip detector de vida<\/strong><\/p>\n<p><i>Fernando Puente S\u00e1nchez, Mercedes Moreno Paz, Patricia Cruz Gil, Luis A. Rivas, Patricia Garrido, Marina Postigo, Manuel J. G\u00f3mez, Miriam Garc\u00eda-Villadangos, y V\u00edctor Parro<\/i><\/p>\n<p>Departamento de Evoluci\u00f3n Molecular, Centro de Astrobiolog\u00eda (INTA-CSIC)<\/p>\n<p>La <b>Faja Pir\u00edtica Ib\u00e9rica (FPI)<\/b> (Huelva, Espa\u00f1a) es un ambiente de gran inter\u00e9s ecol\u00f3gico y astrobiol\u00f3gico debido a la presencia masiva de sulfuros y otros minerales de hierro, que generan unas <b>condiciones extremas<\/b> caracter\u00edsticas por su similitud con <b>ambientes descritos en Marte<\/b>. Si bien numerosos estudios sobre los microorganismos acid\u00f3filos del R\u00edo Tinto han revelado un ecosistema sorprendentemente\u00a0 diverso y complejo, a\u00fan se conoce muy poco acerca de la biolog\u00eda de su subsuelo profundo. En este estudio se procesaron de 0,5 a 1g de muestras procedentes de\u00a0 <b>testigos de hasta 160 m de profundidad<\/b> obtenidos durante la campa\u00f1a de perforaci\u00f3n del proyecto MARTE (CAB-NASA) para un an\u00e1lisis r\u00e1pido con un <b>microarray detector de vida (LDCHIP),<\/b> compuesto por <b>200 anticuerpos<\/b> contra cepas bacterianas, diferentes fracciones de extractos ambientales y prote\u00ednas espec\u00edficas de ambientes extremos, realiz\u00e1ndose un inmunoperfil a lo largo de toda la profundidad de la perforaci\u00f3n. El an\u00e1lisis revel\u00f3 la presencia de bacterias Gram-positivas o sus biopol\u00edmeros caracter\u00edsticos, as\u00ed como de otros compuestos entre los que destacaron las ferritinas (implicadas en la resistencia a la toxicidad del Fe2+). Estos resultados fueron validados por la extracci\u00f3n de ADN de muestras de testigos y su posterior an\u00e1lisis usando un <b>microarray de oligonucle\u00f3tidos<\/b> de diversidad procariota (PAM), amplificaci\u00f3n del rRNA 16S, <b>clonaje y secuenciaci\u00f3n<\/b>. Los resultados validaron el LDCHIP tanto para la detecci\u00f3n de vida como para la monitorizaci\u00f3n de la microbiolog\u00eda ambiental, y permitieron realizar una primera <b>caracterizaci\u00f3n de la biolog\u00eda del subsuelo de la FPI<\/b>.<\/p>\n","protected":false},"excerpt":{"rendered":"<p>Explorando la diversidad microbiana del subsuelo de la Faja Pir\u00edtica Ib\u00e9rica mediante microarrays de DNA y un inmunochip detector de vida Fernando Puente S\u00e1nchez, Mercedes Moreno Paz, Patricia Cruz Gil, Luis A. Rivas, Patricia Garrido, Marina Postigo, Manuel J. G\u00f3mez, &hellip; <a href=\"http:\/\/auditore.cab.inta-csic.es\/ipbsl\/publications\/xxiii-congreso-nacional-de-la-sem\/\">Continue reading <span class=\"meta-nav\">&rarr;<\/span><\/a><\/p>\n","protected":false},"author":46,"featured_media":0,"parent":504,"menu_order":0,"comment_status":"open","ping_status":"closed","template":"","meta":{"footnotes":""},"class_list":["post-720","page","type-page","status-publish","hentry"],"_links":{"self":[{"href":"http:\/\/auditore.cab.inta-csic.es\/ipbsl\/wp-json\/wp\/v2\/pages\/720","targetHints":{"allow":["GET"]}}],"collection":[{"href":"http:\/\/auditore.cab.inta-csic.es\/ipbsl\/wp-json\/wp\/v2\/pages"}],"about":[{"href":"http:\/\/auditore.cab.inta-csic.es\/ipbsl\/wp-json\/wp\/v2\/types\/page"}],"author":[{"embeddable":true,"href":"http:\/\/auditore.cab.inta-csic.es\/ipbsl\/wp-json\/wp\/v2\/users\/46"}],"replies":[{"embeddable":true,"href":"http:\/\/auditore.cab.inta-csic.es\/ipbsl\/wp-json\/wp\/v2\/comments?post=720"}],"version-history":[{"count":2,"href":"http:\/\/auditore.cab.inta-csic.es\/ipbsl\/wp-json\/wp\/v2\/pages\/720\/revisions"}],"predecessor-version":[{"id":758,"href":"http:\/\/auditore.cab.inta-csic.es\/ipbsl\/wp-json\/wp\/v2\/pages\/720\/revisions\/758"}],"up":[{"embeddable":true,"href":"http:\/\/auditore.cab.inta-csic.es\/ipbsl\/wp-json\/wp\/v2\/pages\/504"}],"wp:attachment":[{"href":"http:\/\/auditore.cab.inta-csic.es\/ipbsl\/wp-json\/wp\/v2\/media?parent=720"}],"curies":[{"name":"wp","href":"https:\/\/api.w.org\/{rel}","templated":true}]}}