{"id":47,"date":"2012-09-13T19:52:08","date_gmt":"2012-09-13T17:52:08","guid":{"rendered":"http:\/\/auditore.cab.inta-csic.es\/manrubia\/?page_id=47"},"modified":"2022-05-05T11:59:55","modified_gmt":"2022-05-05T09:59:55","slug":"selected-publications","status":"publish","type":"page","link":"http:\/\/auditore.cab.inta-csic.es\/manrubia\/selected-publications\/","title":{"rendered":""},"content":{"rendered":"<p><span style=\"font-size: large\"><span style=\"color: #a9f5f2\"><strong>BOOKS<\/strong><\/span><\/span><\/p>\n<p><a href=\"https:\/\/auditore.cab.inta-csic.es\/manrubia\/selected-publications\/cienciapseudociencia-portada\/\" rel=\"attachment wp-att-1373\"><img loading=\"lazy\" decoding=\"async\" class=\"wp-image-1373 alignleft\" src=\"http:\/\/auditore.cab.inta-csic.es\/manrubia\/files\/2022\/05\/CienciaPseudociencia-Portada-e1651743648368.jpg\" alt=\"\" width=\"167\" height=\"265\" srcset=\"http:\/\/auditore.cab.inta-csic.es\/manrubia\/files\/2022\/05\/CienciaPseudociencia-Portada-e1651743648368.jpg 214w, http:\/\/auditore.cab.inta-csic.es\/manrubia\/files\/2022\/05\/CienciaPseudociencia-Portada-e1651743648368-189x300.jpg 189w\" sizes=\"auto, (max-width: 167px) 100vw, 167px\" \/><\/a><\/p>\n<p>C. Pedr\u00f3s-Ali\u00f3, I. M. Ant\u00f3n, S. Manrubia, A. Hueso-Gil, J. Gallardo, M. Cobo-Sim\u00f3n, M. Seoane, M. Maestro-L\u00f3pez, P. Ortega-Gonz\u00e1lez, R. Torres-P\u00e9rez and R. Tenorio<br \/>\n<em><a href=\"https:\/\/www.plataformaeditorial.com\/libro\/9345-ciencia-o-pseudociencia\" target=\"_blank\" rel=\"noopener\">Ciencia o pseudociencia. Herramientas para orientarse en un mar de informaci\u00f3n<\/a><br \/>\n<\/em>ISBN: 978-84-18927-30-0. Plataforma Editorial, 2022 (352 pp.)<\/p>\n<pre>\n\n\n\n\n\n\n<\/pre>\n<p><a href=\"http:\/\/auditore.cab.inta-csic.es\/manrubia\/files\/2013\/05\/gens-i-genealogies_portada.jpg\"><img loading=\"lazy\" decoding=\"async\" class=\"alignleft  wp-image-817\" src=\"http:\/\/auditore.cab.inta-csic.es\/manrubia\/files\/2013\/05\/gens-i-genealogies_portada.jpg\" alt=\"gens-i-genealogies_portada\" width=\"166\" height=\"237\" \/><\/a>S. Manrubia and D. H. Zanette<img loading=\"lazy\" decoding=\"async\" class=\"alignright wp-image-958\" src=\"http:\/\/auditore.cab.inta-csic.es\/manrubia\/files\/2012\/09\/GenesGenealogias_Portada.jpg\" alt=\"GenesGenealogias_Portada\" width=\"163\" height=\"250\" \/><br \/>\n<em><a href=\"http:\/\/www.bromera.com\/fitxa-llibre-coleccions\/items\/gens-i-genealogies.html\" target=\"_blank\" rel=\"noopener noreferrer\">Gens i <\/a><a href=\"http:\/\/www.bromera.com\/fitxa-llibre-coleccions\/items\/gens-i-genealogies.html\" target=\"_blank\" rel=\"noopener noreferrer\">genealogies. Sobre la nostra her\u00e8ncia cultural i gen\u00f2mica<\/a> (Genes and genealogies. On our cultural and genomic inheritance.)<\/em><br \/>\nISBN: 978-84-902-6085-2. Col.lecci\u00f3 <em>Sense Fronteres<\/em>, Edicions Bromera, 2013 (200 p).<\/p>\n<p style=\"padding-left: 40px;text-align: right\">S. Manrubia and D. H. Zanette<br \/>\n<em><a href=\"http:\/\/puv.uv.es\/product_info.php?products_id=25066&amp;osCsid=a074e4a559e5d9f9af0e6abb1c84ec6a\" target=\"_blank\" rel=\"noopener noreferrer\">Genes y Genealog\u00edas. Sobre nuestra herencia cultural y gen\u00f3mica<\/a><\/em><br \/>\nISBN: 978-84-370-9293-5. Colecci\u00f3n <em>Sin Fronteras<\/em>. C\u00e1tedra de Divulgaci\u00f3n de la Ciencia, Publicaciones de la Universidad de Valencia, 2014 (164 p).<\/p>\n<p><a href=\"http:\/\/auditore.cab.inta-csic.es\/manrubia\/files\/2012\/09\/EmergenceOfOrder.jpg\"><img loading=\"lazy\" decoding=\"async\" class=\"alignleft  wp-image-266\" src=\"http:\/\/auditore.cab.inta-csic.es\/manrubia\/files\/2012\/09\/EmergenceOfOrder.jpg\" alt=\"\" width=\"159\" height=\"228\" \/><\/a> <a href=\"http:\/\/auditore.cab.inta-csic.es\/manrubia\/files\/2012\/09\/OrdenYCaos.jpg\"><img loading=\"lazy\" decoding=\"async\" class=\"alignright\" src=\"http:\/\/auditore.cab.inta-csic.es\/manrubia\/files\/2012\/09\/OrdenYCaos.jpg\" alt=\"\" width=\"159\" height=\"230\" \/><\/a>S.C. Manrubia, A.S. Mikhailov, and D.H. Zanette<br \/>\n<a href=\"http:\/\/www.amazon.com\/Emergence-Dynamical-Order-Synchronization-Scientific\/dp\/9812388036\"><em>Emergence of Dynamical Order. Synchronization Phenomena in Complex Systems<\/em><\/a><br \/>\nLecture Notes in Complex Systems, Vol. 2, 360 pp., ISBN 981-238-803-6. World Scientic Publishing Co., Singapore<\/p>\n<p style=\"text-align: right\">R.V. Sol\u00e9 and S.C. Manrubia<br \/>\n<a href=\"http:\/\/books.google.es\/books?id=i4fSedNiNnEC&amp;source=gbs_similarbooks\"><em>Orden y Caos en Sistemas Complejos<\/em><\/a><br \/>\nCol.lecci\u00f3 Politext, Edicions UPC, Barcelona, 1996 (594 p.)<\/p>\n<h4><\/h4>\n<h3><strong>PAPERS THAT MADE IT TO THE MEDIA&#8230;<\/strong><\/h3>\n<p><a href=\"https:\/\/www.pnas.org\/content\/117\/42\/26190\" target=\"_blank\" rel=\"noopener noreferrer\">The turning point and end of an expanding epidemic cannot be precisely forecast<\/a><br \/>\nCastro, M., Ares, S., Cuesta, J. A., Manrubia, S.<br \/>\n<em>Proceedings of the National Academy of Sciences USA<\/em> <strong>117<\/strong>, <span class=\"highwire-cite-metadata-pages highwire-cite-metadata\">26190-26196 (2020)<br \/>\nWith the COVID-19 pandemic as motivation, this work has been featured broadly.<br \/>\nCheck this wonderful feature by Jordana Cepelewicz in <a href=\"https:\/\/www.quantamagazine.org\/\" target=\"_blank\" rel=\"noopener noreferrer\">Quanta Magazine<\/a>, <em><a href=\"https:\/\/www.quantamagazine.org\/the-hard-lessons-of-modeling-the-coronavirus-pandemic-20210128\/\" target=\"_blank\" rel=\"noopener noreferrer\">The hard lessons of modelling the coronavirus pandemic<\/a>, <\/em>published January 28, 2021, to get a broad and accurate overview of the problem.<br \/>\n<\/span><span class=\"highwire-cite-metadata-pages highwire-cite-metadata\">Other publications, in <em>The Conversation<\/em> (27\/01\/2021, <em><a href=\"https:\/\/theconversation.com\/el-coste-en-vidas-de-salvar-la-navidad-153751\" target=\"_blank\" rel=\"noopener noreferrer\">El coste en vidas de salvar la Navidad<\/a><\/em>), <em>PNAS<\/em> (17\/11\/2020, <em><a href=\"https:\/\/www.pnas.org\/content\/117\/46\/28549\" target=\"_blank\" rel=\"noopener noreferrer\">Predicting an epidemic trajectory is difficult<\/a>, <\/em>by C. O. Wilke and C. T. Bergstrom), <em>El confidencial<\/em> (2\/11\/2020, <em><a href=\"https:\/\/www.elconfidencial.com\/espana\/2020-11-02\/ha-habido-mucho-vendedor-de-humo-cientifico-haciendo-predicciones-del-virus_2815396\/\" target=\"_blank\" rel=\"noopener noreferrer\">Ha habido mucho vendedor de humo cient\u00edfico haciendo predicciones del virus<\/a><\/em>), <em>Physics World<\/em> (18\/10\/2020,<em> <a href=\"https:\/\/physicsworld.com\/a\/public-should-be-informed-of-uncertainties-in-model-predictions-of-covid-19-spread-say-researchers\/\" target=\"_blank\" rel=\"noopener noreferrer\">Public should be informed of uncertainties in model predictions of COVID-19 spread, say researchers<\/a><\/em>, by Louisa Cockbill), <em>The Conversation<\/em> (19\/10\/2020, <a href=\"https:\/\/theconversation.com\/se-puede-predecir-la-evolucion-de-una-pandemia-147782\" target=\"_blank\" rel=\"noopener noreferrer\"><em>\u00bfSe puede predecir la evoluci\u00f3n de una epidemia?<\/em><\/a>), <em>El Pa\u00eds<\/em> (28\/05\/2020, <em><a href=\"https:\/\/elpais.com\/ciencia\/2020-05-28\/de-matematicos-y-charlatanes-por-que-es-imposible-predecir-que-va-a-pasar-dentro-de-unos-dias-con-la-covid-19.html\" target=\"_blank\" rel=\"noopener noreferrer\">De matem\u00e1ticos y charlatanes: por qu\u00e9 es imposible predecir qu\u00e9 va a pasar dentro de unos d\u00edas con la covid-19<\/a><\/em>), blog <em>Nada es Gratis<\/em> (27\/04\/2020, <a href=\"https:\/\/nadaesgratis.es\/anxo-sanchez\/ni-el-pico-ni-el-final-de-una-epidemia-se-pueden-predecir-con-precision\" target=\"_blank\" rel=\"noopener noreferrer\"><em>Ni el pico ni el final de una epidemia se pueden predecir con precisi\u00f3n<\/em><\/a>, by Anxo S\u00e1nchez).<\/span><\/p>\n<p><a href=\"http:\/\/auditore.cab.inta-csic.es\/manrubia\/files\/2012\/09\/PRSB281-20133029.pdf\">River density and landscape roughness are universal determinants of linguistic diversity<\/a><br \/>\nAxelsen, J. B. and Manrubia, S.<br \/>\n<em>Proceedings of the Royal Society of London B<\/em> <strong>281<\/strong>, 20133029 (2014)<br \/>\nThis paper has been featured in <em>Science<\/em> <strong>344<\/strong>, 340 (<a href=\"http:\/\/auditore.cab.inta-csic.es\/manrubia\/files\/2014\/04\/Science-2014-Riddihough-340.pdf\"><em>Rivers of Words<\/em><\/a>, Editor&#8217;s Choice), in The Economist on April 23rd: <a href=\"http:\/\/www.economist.com\/blogs\/prospero\/2014\/04\/language-and-geography\" target=\"_blank\" rel=\"noopener noreferrer\"><em>Mountains high enough and rivers wide enough<\/em><\/a>, and in the Danish newspaper <em>Politiken<\/em> on August 24th:<br \/>\n<a href=\"http:\/\/auditore.cab.inta-csic.es\/manrubia\/files\/2012\/09\/Floderogbjerge_Politiken_25thAug_2014_jax.pdf\"><em>Floder og bjerge holder styr p\u00e5 sprog<\/em><\/a>.<\/p>\n<p><a href=\"http:\/\/auditore.cab.inta-csic.es\/manrubia\/files\/2012\/09\/PNAS102-4448.pdf\">Suppression of viral infectivity through lethal defection<\/a><br \/>\nGrande-P\u00e9rez, A., L\u00e1zaro, E., Domingo, E., and Manrubia, S. C.<br \/>\n<em>Proceedings of the National Academy of Sciences USA<\/em> <strong>102<\/strong>, 4448-4452 (2005)<br \/>\nThe research reported was awarded a national prize (Diario Medico, <a href=\"http:\/\/auditore.cab.inta-csic.es\/manrubia\/files\/2012\/09\/mejores_ideas_2005.pdf\">Best Scientic Ideas 2005<\/a>). Related theory was featured in SINC news on April 22, 2009: <em><a href=\"https:\/\/www.agenciasinc.es\/Noticias\/Utilizan-un-modelo-matematico-para-explicar-extinciones-viricas\" target=\"_blank\" rel=\"noopener noreferrer\">Utilizan un modelo matem\u00e1tico para explicar extinciones v\u00edricas<\/a><\/em><\/p>\n<p><a href=\"http:\/\/auditore.cab.inta-csic.es\/manrubia\/files\/2012\/09\/PRL82-1987.pdf\">Statistical properties of genealogical trees<\/a><br \/>\nDerrida, B., Manrubia, S.C. and Zanette, D.H.<br \/>\n<em>Physical Review Letters<\/em> <strong>82<\/strong>, 1987-1990 (1999)<br \/>\nFeatured in Scientific American, October 2020 (<em><a href=\"https:\/\/www.scientificamerican.com\/article\/humans-are-all-more-closely-related-than-we-commonly-think\/\" target=\"_blank\" rel=\"noopener noreferrer\">Humans are all more closely related than we commonly think<\/a><\/em>), <a href=\"http:\/\/physicsworld.com\/cws\/archive\/print\/12\/4\" target=\"_blank\" rel=\"noopener noreferrer\"><em>Physics World<\/em><\/a>, April 1999 (<em>Family ties<\/em>), and in the <a href=\"http:\/\/www.aip.org\/pnu\/1999\/split\/pnu428-3.htm\" target=\"_blank\" rel=\"noopener noreferrer\"><em>Physics Bulletin of Physics News<\/em><\/a> (American Institute of Physics) <strong>428<\/strong>, May 14, 1999 (<em>King Edward III<\/em>).<\/p>\n<p><a href=\"http:\/\/auditore.cab.inta-csic.es\/manrubia\/files\/2012\/09\/Nature388-764.pdf\">Self-similarity of extinction statistics in the fossil record<\/a><br \/>\nSol\u00e9, R.V., Manrubia, S.C., Benton, M.J. and Bak, P.<br \/>\n<em>Nature <\/em><strong>388<\/strong>, 764-767 (21 August 1997).<br \/>\nFeatured in <a href=\"http:\/\/www.newscientist.com\/article\/mg15621074.600-one-law-to-rule-them-all.html\" target=\"_blank\" rel=\"noopener noreferrer\"><em>New Scientist<\/em><\/a>, 8 November 1997 (<em>One law to rule them all<\/em>), and in <a href=\"http:\/\/www.nytimes.com\/1997\/09\/02\/science\/many-small-events-may-add-up-to-one-mass-extinction.html\" target=\"_blank\" rel=\"noopener noreferrer\"><em>The New York Times<\/em><\/a>, 2 September 1997 (<em>Many small events may add up to one mass extinction<\/em>).<\/p>\n<p><a href=\"http:\/\/auditore.cab.inta-csic.es\/manrubia\/files\/2012\/09\/PRL79-523.pdf\">Role of intermittency in urban development: A model of large-scale city formation<\/a><br \/>\nZanette, D. H. and Manrubia, S.C.<br \/>\n<em>Physical Review Letters <\/em><strong>79<\/strong>, 523-526 (1997)<br \/>\nFeatured in <a href=\"http:\/\/physicsworld.com\/cws\/archive\/print\/10\/10\" target=\"_blank\" rel=\"noopener noreferrer\"><em>Physics World<\/em><\/a>, October 1997 (<em>Power laws for cities<\/em>).<\/p>\n","protected":false},"excerpt":{"rendered":"<p>BOOKS C. Pedr\u00f3s-Ali\u00f3, I. M. Ant\u00f3n, S. Manrubia, A. Hueso-Gil, J. Gallardo, M. Cobo-Sim\u00f3n, M. Seoane, M. Maestro-L\u00f3pez, P. Ortega-Gonz\u00e1lez, R. Torres-P\u00e9rez and R. Tenorio Ciencia o pseudociencia. Herramientas para orientarse en un mar de informaci\u00f3n ISBN: 978-84-18927-30-0. Plataforma Editorial, &hellip; <a href=\"http:\/\/auditore.cab.inta-csic.es\/manrubia\/selected-publications\/\">Continue reading <span class=\"meta-nav\">&rarr;<\/span><\/a><\/p>\n","protected":false},"author":43,"featured_media":0,"parent":0,"menu_order":0,"comment_status":"closed","ping_status":"closed","template":"full-width-page.php","meta":{"footnotes":""},"class_list":["post-47","page","type-page","status-publish","hentry"],"_links":{"self":[{"href":"http:\/\/auditore.cab.inta-csic.es\/manrubia\/wp-json\/wp\/v2\/pages\/47","targetHints":{"allow":["GET"]}}],"collection":[{"href":"http:\/\/auditore.cab.inta-csic.es\/manrubia\/wp-json\/wp\/v2\/pages"}],"about":[{"href":"http:\/\/auditore.cab.inta-csic.es\/manrubia\/wp-json\/wp\/v2\/types\/page"}],"author":[{"embeddable":true,"href":"http:\/\/auditore.cab.inta-csic.es\/manrubia\/wp-json\/wp\/v2\/users\/43"}],"replies":[{"embeddable":true,"href":"http:\/\/auditore.cab.inta-csic.es\/manrubia\/wp-json\/wp\/v2\/comments?post=47"}],"version-history":[{"count":66,"href":"http:\/\/auditore.cab.inta-csic.es\/manrubia\/wp-json\/wp\/v2\/pages\/47\/revisions"}],"predecessor-version":[{"id":1377,"href":"http:\/\/auditore.cab.inta-csic.es\/manrubia\/wp-json\/wp\/v2\/pages\/47\/revisions\/1377"}],"wp:attachment":[{"href":"http:\/\/auditore.cab.inta-csic.es\/manrubia\/wp-json\/wp\/v2\/media?parent=47"}],"curies":[{"name":"wp","href":"https:\/\/api.w.org\/{rel}","templated":true}]}}