{"id":11,"date":"2012-06-01T14:24:22","date_gmt":"2012-06-01T14:24:22","guid":{"rendered":"http:\/\/auditore.cab.inta-csic.es\/pruebas\/?page_id=11"},"modified":"2012-07-14T23:18:14","modified_gmt":"2012-07-14T23:18:14","slug":"interestellar-medium","status":"publish","type":"page","link":"http:\/\/auditore.cab.inta-csic.es\/publications\/interestellar-medium\/","title":{"rendered":"INTERESTELLAR MEDIUM"},"content":{"rendered":"<p>2012<\/p>\n<ol>\n<li>\nAg\u00fandez, M., Fonfr\u00eda, J. P., Cernicharo, J., Kahane, C., Daniel, F., &#038; Gu\u00e9lin, M. (2012). Molecular abundances in the inner layers of IRC+10216.\u00a0Astronomy and Astrophysics,\u00a0543.<\/p>\n<\/li>\n<li>\nBenedettini M, Busquet G, Lefloch B, Codella C, Cabrit S, Ceccarelli C, Giannini T, Nisini B, Vasta M, Cernicharo J, Lorenzani A, Di Giorgio AM.<br \/>\nThe CHESS survey of the L1157-B1 shock: The dissociative jet shock as revealed by herschel-PACS. Astronomy and Astrophysics 2012;539.<\/p>\n<\/li>\n<li>\nGoesmann, F., McKenna-Lawlor, S., Roll, R., Bredeh\u00f6ft, J.H., Meierhenrich, U., Raulin, F., Thiemann, W., Mu\u00f1oz Caro, G.M., Szopa, C.<br \/>\nInterpretation of COSAC mass spectrometer data acquired during Rosetta&#8217;s Lutetia fly-by 10 July 2010 (2012) Planetary and Space Science, 66 (1), pp. 187-191.<br \/>\nDOI: 10.1016\/j.pss.2012.01.012<\/p>\n<\/li>\n<li>\nJim\u00e9nez-Escobar, A., Mu\u00f1oz Caro, G.M., Ciaravella, A., Cecchi-Pestellini, C., Candia, R., Micela, G.<br \/>\nSoft X-ray irradiation of H2S ice and the presence of S2 in comets (2012) Astrophysical Journal Letters, 751 (2), art. no. L40, .<br \/>\nDOI: 10.1088\/2041-8205\/751\/2\/L40<\/p>\n<\/li>\n<li>\nDe Luca, M., Gupta, H., Neufeld, D., Gerin, M., Teyssier, D., Drouin, B.J., Pearson, J.C., Lis, D.C., Monje, R., Phillips, T.G., Goicoechea, J.R., Godard, B., Falgarone, E., Coutens, A., Bell, T.A.<br \/>\nHerschel\/HIFI discovery of HCL + in the interstellar medium<br \/>\n(2012) Astrophysical Journal Letters, 751 (2), art. no. L37.<br \/>\nDOI: 10.1088\/2041-8205\/751\/2\/L37<\/p>\n<\/li>\n<li>\nNeufeld, D.A., Falgarone, E., Gerin, M., Godard, B., Herbst, E., Pineau Des For\u00eats, G., Vasyunin, A.I., G\u00fcsten, R., Wiesemeyer, H., Ricken, O.<br \/>\nDiscovery of interstellar mercapto radicals (SH) with the GREAT instrument on SOFIA (2012) Astronomy and Astrophysics, 542, art. no. L6.<br \/>\nDOI: 10.1051\/0004-6361\/201218870<\/p>\n<\/li>\n<li>\nLiseau, R., Goldsmith, P.F., Larsson, B., Pagani, L., Bergman, P., Le Bourlot, J., Bell, T.A., Benz, A.O., Bergin, E.A., Bjerkeli, P., Black, J.H., Bruderer, S., Caselli, P., Caux, E., Chen, J.-H., De Luca, M., Encrenaz, P., Falgarone, E., Gerin, M., Goicoechea, J.R., Hjalmarson, A., Hollenbach, D.J., Justtanont, K., Kaufman, M.J., Le Petit, F., Li, D., Lis, D.C., Melnick, G.J., Nagy, Z., Olofsson, A.O.H., Olofsson, G., Roueff, E., Sandqvist, A., Snell, R.L., Van Der Tak, F.F.S., Van Dishoeck, E.F., Vastel, C., Viti, S., Yiliz, U.A.<br \/>\nMulti-line detection of O2 toward \u03c1 Ophuichi A (2012) Astronomy and Astrophysics, 541, art. no. A73, .<br \/>\nDOI: 10.1051\/0004-6361\/201118575<\/p>\n<\/li>\n<\/ol>\n","protected":false},"excerpt":{"rendered":"<p>2012 Ag\u00fandez, M., Fonfr\u00eda, J. P., Cernicharo, J., Kahane, C., Daniel, F., &#038; Gu\u00e9lin, M. (2012). Molecular abundances in the inner layers of IRC+10216.\u00a0Astronomy and Astrophysics,\u00a0543. Benedettini M, Busquet G, Lefloch B, Codella C, Cabrit S, Ceccarelli C, Giannini T, Nisini B, Vasta M, Cernicharo J, Lorenzani A, Di Giorgio AM. The CHESS survey of [&hellip;]<\/p>\n","protected":false},"author":9,"featured_media":0,"parent":0,"menu_order":0,"comment_status":"open","ping_status":"open","template":"page_fullwidth.php","meta":{"footnotes":""},"class_list":["post-11","page","type-page","status-publish","hentry"],"_links":{"self":[{"href":"http:\/\/auditore.cab.inta-csic.es\/publications\/wp-json\/wp\/v2\/pages\/11","targetHints":{"allow":["GET"]}}],"collection":[{"href":"http:\/\/auditore.cab.inta-csic.es\/publications\/wp-json\/wp\/v2\/pages"}],"about":[{"href":"http:\/\/auditore.cab.inta-csic.es\/publications\/wp-json\/wp\/v2\/types\/page"}],"author":[{"embeddable":true,"href":"http:\/\/auditore.cab.inta-csic.es\/publications\/wp-json\/wp\/v2\/users\/9"}],"replies":[{"embeddable":true,"href":"http:\/\/auditore.cab.inta-csic.es\/publications\/wp-json\/wp\/v2\/comments?post=11"}],"version-history":[{"count":14,"href":"http:\/\/auditore.cab.inta-csic.es\/publications\/wp-json\/wp\/v2\/pages\/11\/revisions"}],"predecessor-version":[{"id":80,"href":"http:\/\/auditore.cab.inta-csic.es\/publications\/wp-json\/wp\/v2\/pages\/11\/revisions\/80"}],"wp:attachment":[{"href":"http:\/\/auditore.cab.inta-csic.es\/publications\/wp-json\/wp\/v2\/media?parent=11"}],"curies":[{"name":"wp","href":"https:\/\/api.w.org\/{rel}","templated":true}]}}