{"id":13,"date":"2012-06-08T13:58:25","date_gmt":"2012-06-08T13:58:25","guid":{"rendered":"http:\/\/auditore.cab.inta-csic.es\/pruebas\/?page_id=13"},"modified":"2012-06-08T14:07:48","modified_gmt":"2012-06-08T14:07:48","slug":"stellar-formation-and-evolution","status":"publish","type":"page","link":"http:\/\/auditore.cab.inta-csic.es\/publications\/stellar-formation-and-evolution\/","title":{"rendered":"STELLAR FORMATION AND EVOLUTION"},"content":{"rendered":"<p>2012<\/p>\n<ol>\n<li>\nEsquej, P., Alonso-Herrero, A., P\u00e9rez-Garc\u00eda, A.M., Pereira-Santaella, M., Rigopoulou, D., S\u00e1nchez-Portal, M., Castillo, M., Ramos Almeida, C., Coia, D., Altieri, B., Acosta-Pulido, J.A., Conversi, L., Gonz\u00e1lez-Serrano, J.I., Hatziminaoglou, E., Povi\u0107, M., Rodr\u00edguez-Espinosa, J.M., Valtchanov, I.<br \/>\nThe starburst-active galactic nucleus connection in the merger galaxy Mrk 938: An infrared and X-ray view (2012) Monthly Notices of the Royal Astronomical Society, 423 (1), pp. 185-196.<br \/>\nDOI: 10.1111\/j.1365-2966.2012.20779.x<\/p>\n<\/li>\n<li>\nMantegazza, L., Poretti, E., Michel, E., Rainer, M., Baudin, F., Garc\u00eda Hern\u00e1ndez, A., Semaan, T., Alvarez, M., Amado, P.J., Garrido, R., Mathias, P., Moya, A., Su\u00e1rez, J.C., Auvergne, M., Baglin, A., Catala, C., Samadi, R.<br \/>\nPulsation spectrum of \u03b4 Scuti stars: The binary HD 50870 as seen with CoRoT and HARPS (2012) Astronomy and Astrophysics, 542, art. no. A24<br \/>\nDOI: 10.1051\/0004-6361\/201118682<\/p>\n<\/li>\n<li>\nPiqueras L\u00f3pez, J., Davies, R., Colina, L., Orban De Xivry, G.<br \/>\nSpatially resolved kinematics of the central regions of M83: Hidden mass signatures and the role of supernovae (2012) Astrophysical Journal, 752 (1), art. no. 47.<br \/>\nDOI: 10.1088\/0004-637X\/752\/1\/47<\/p>\n<\/li>\n<li>\nClark, J.S., Najarro, F., Negueruela, I., Ritchie, B.W., Urbaneja, M.A., Howarth, I.D.<br \/>\nOn the nature of the galactic early-B hypergiants (2012) Astronomy and Astrophysics, 541, art. no. A145, .<br \/>\nDOI: 10.1051\/0004-6361\/201117472<\/p>\n<\/li>\n<li>\nClark, J.S., Castro, N., Garcia, M., Herrero, A., Najarro, F., Negueruela, I., Ritchie, B.W., Smith, K.T.<br \/>\nOn the nature of candidate luminous blue variables in M 33 (2012) Astronomy and Astrophysics, 541, art. no. A146, .<br \/>\nDOI: 10.1051\/0004-6361\/201118440<\/p>\n<\/li>\n<\/ol>\n","protected":false},"excerpt":{"rendered":"<p>2012 Esquej, P., Alonso-Herrero, A., P\u00e9rez-Garc\u00eda, A.M., Pereira-Santaella, M., Rigopoulou, D., S\u00e1nchez-Portal, M., Castillo, M., Ramos Almeida, C., Coia, D., Altieri, B., Acosta-Pulido, J.A., Conversi, L., Gonz\u00e1lez-Serrano, J.I., Hatziminaoglou, E., Povi\u0107, M., Rodr\u00edguez-Espinosa, J.M., Valtchanov, I. The starburst-active galactic nucleus connection in the merger galaxy Mrk 938: An infrared and X-ray view (2012) Monthly Notices [&hellip;]<\/p>\n","protected":false},"author":9,"featured_media":0,"parent":0,"menu_order":0,"comment_status":"open","ping_status":"open","template":"","meta":{"footnotes":""},"class_list":["post-13","page","type-page","status-publish","hentry"],"_links":{"self":[{"href":"http:\/\/auditore.cab.inta-csic.es\/publications\/wp-json\/wp\/v2\/pages\/13","targetHints":{"allow":["GET"]}}],"collection":[{"href":"http:\/\/auditore.cab.inta-csic.es\/publications\/wp-json\/wp\/v2\/pages"}],"about":[{"href":"http:\/\/auditore.cab.inta-csic.es\/publications\/wp-json\/wp\/v2\/types\/page"}],"author":[{"embeddable":true,"href":"http:\/\/auditore.cab.inta-csic.es\/publications\/wp-json\/wp\/v2\/users\/9"}],"replies":[{"embeddable":true,"href":"http:\/\/auditore.cab.inta-csic.es\/publications\/wp-json\/wp\/v2\/comments?post=13"}],"version-history":[{"count":6,"href":"http:\/\/auditore.cab.inta-csic.es\/publications\/wp-json\/wp\/v2\/pages\/13\/revisions"}],"predecessor-version":[{"id":71,"href":"http:\/\/auditore.cab.inta-csic.es\/publications\/wp-json\/wp\/v2\/pages\/13\/revisions\/71"}],"wp:attachment":[{"href":"http:\/\/auditore.cab.inta-csic.es\/publications\/wp-json\/wp\/v2\/media?parent=13"}],"curies":[{"name":"wp","href":"https:\/\/api.w.org\/{rel}","templated":true}]}}