{"id":17,"date":"2012-06-01T14:23:36","date_gmt":"2012-06-01T14:23:36","guid":{"rendered":"http:\/\/auditore.cab.inta-csic.es\/pruebas\/?page_id=17"},"modified":"2012-06-08T14:06:25","modified_gmt":"2012-06-08T14:06:25","slug":"galaxies-formation-and-evolution","status":"publish","type":"page","link":"http:\/\/auditore.cab.inta-csic.es\/publications\/galaxies-formation-and-evolution\/","title":{"rendered":"GALAXIES FORMATION AND EVOLUTION"},"content":{"rendered":"<p>2012<\/p>\n<ol>\n<li>\nVillar-Mart\u00edn, M., Cabrera Lavers, A., Bessiere, P., Tadhunter, C., Rose, M., de Breuck, C.<br \/>\nMergers and interactions in Sloan Digital Sky Survey type 2 quasars at z\u223c 0.3-0.4. SDSS J143027.66-005614.8: A case study (2012) Monthly Notices of the Royal Astronomical Society, 423 (1), pp. 80-103.<br \/>\nDOI: 10.1111\/j.1365-2966.2012.20652.x<\/p>\n<\/li>\n<li>\nSaxton, R.D., Read, A.M., Esquej, P., Komossa, S., Dougherty, S., Rodriguez-Pascual, P., Barrado, D.<br \/>\nA tidal disruption-like X-ray flare from the quiescent galaxy SDSS J120136.02+300305.5 (2012) Astronomy and Astrophysics, 541, art. no. A106.<br \/>\nDOI: 10.1051\/0004-6361\/201118367<\/p>\n<\/li>\n<li>\nVillar-Mart\u00edn, M., Cabrera Lavers, A., Bessiere, P., Tadhunter, C., Rose, M., De Breuck, C.<br \/>\nMergers and interactions in Sloan Digital Sky Survey type 2 quasars at -0.4. SDSS J143027.66-005614.8: A case study (2012) Monthly Notices of the Royal Astronomical Society, . Article in Press.<br \/>\nDOI: 10.1111\/j.1365-2966.2012.20652.x<\/p>\n<\/li>\n<li>\nEsquej, P., Alonso-Herrero, A., P\u00e9rez-Garc\u00eda, A.M., Pereira-Santaella, M., Rigopoulou, D., S\u00e1nchez-Portal, M., Castillo, M., Ramos Almeida, C., Coia, D., Altieri, B., Acosta-Pulido, J.A., Conversi, L., Gonz\u00e1lez-Serrano, J.I., Hatziminaoglou, E., Povi\u0107, M., Rodr\u00edguez-Espinosa, J.M., Valtchanov, I.<br \/>\nThe starburst-active galactic nucleus connection in the merger galaxy Mrk 938: An infrared and X-ray view (2012) Monthly Notices of the Royal Astronomical Society, . Article in Press.<br \/>\nDOI: 10.1111\/j.1365-2966.2012.20779.x<\/p>\n<\/li>\n<\/ol>\n","protected":false},"excerpt":{"rendered":"<p>2012 Villar-Mart\u00edn, M., Cabrera Lavers, A., Bessiere, P., Tadhunter, C., Rose, M., de Breuck, C. Mergers and interactions in Sloan Digital Sky Survey type 2 quasars at z\u223c 0.3-0.4. SDSS J143027.66-005614.8: A case study (2012) Monthly Notices of the Royal Astronomical Society, 423 (1), pp. 80-103. DOI: 10.1111\/j.1365-2966.2012.20652.x Saxton, R.D., Read, A.M., Esquej, P., Komossa, [&hellip;]<\/p>\n","protected":false},"author":9,"featured_media":0,"parent":0,"menu_order":0,"comment_status":"open","ping_status":"open","template":"page_fullwidth.php","meta":{"footnotes":""},"class_list":["post-17","page","type-page","status-publish","hentry"],"_links":{"self":[{"href":"http:\/\/auditore.cab.inta-csic.es\/publications\/wp-json\/wp\/v2\/pages\/17","targetHints":{"allow":["GET"]}}],"collection":[{"href":"http:\/\/auditore.cab.inta-csic.es\/publications\/wp-json\/wp\/v2\/pages"}],"about":[{"href":"http:\/\/auditore.cab.inta-csic.es\/publications\/wp-json\/wp\/v2\/types\/page"}],"author":[{"embeddable":true,"href":"http:\/\/auditore.cab.inta-csic.es\/publications\/wp-json\/wp\/v2\/users\/9"}],"replies":[{"embeddable":true,"href":"http:\/\/auditore.cab.inta-csic.es\/publications\/wp-json\/wp\/v2\/comments?post=17"}],"version-history":[{"count":7,"href":"http:\/\/auditore.cab.inta-csic.es\/publications\/wp-json\/wp\/v2\/pages\/17\/revisions"}],"predecessor-version":[{"id":69,"href":"http:\/\/auditore.cab.inta-csic.es\/publications\/wp-json\/wp\/v2\/pages\/17\/revisions\/69"}],"wp:attachment":[{"href":"http:\/\/auditore.cab.inta-csic.es\/publications\/wp-json\/wp\/v2\/media?parent=17"}],"curies":[{"name":"wp","href":"https:\/\/api.w.org\/{rel}","templated":true}]}}