{"id":24,"date":"2012-06-01T14:28:08","date_gmt":"2012-06-01T14:28:08","guid":{"rendered":"http:\/\/auditore.cab.inta-csic.es\/pruebas\/?page_id=24"},"modified":"2012-06-08T14:08:20","modified_gmt":"2012-06-08T14:08:20","slug":"molecular-evolution","status":"publish","type":"page","link":"http:\/\/auditore.cab.inta-csic.es\/publications\/molecular-evolution\/","title":{"rendered":"MOLECULAR EVOLUTION"},"content":{"rendered":"<p>2012<\/p>\n<ol>\n<li>\nBlanco, Y., Prieto-Ballesteros, O., G\u00f3mez, M.J., Moreno-Paz, M., Garc\u00eda-Villadangos, M., Rodr\u00edguez-Manfredi, J.A., Cruz-Gil, P., S\u00e1nchez-Rom\u00e1n, M., Rivas, L.A., Parro, V.<br \/>\nProkaryotic communities and operating metabolisms in the surface and the permafrost of Deception Island (Antarctica) (2012) Environmental Microbiology, . Article in Press.<br \/>\nDOI: 10.1111\/j.1462-2920.2012.02767.x<\/p>\n<\/li>\n<\/ol>\n","protected":false},"excerpt":{"rendered":"<p>2012 Blanco, Y., Prieto-Ballesteros, O., G\u00f3mez, M.J., Moreno-Paz, M., Garc\u00eda-Villadangos, M., Rodr\u00edguez-Manfredi, J.A., Cruz-Gil, P., S\u00e1nchez-Rom\u00e1n, M., Rivas, L.A., Parro, V. Prokaryotic communities and operating metabolisms in the surface and the permafrost of Deception Island (Antarctica) (2012) Environmental Microbiology, . Article in Press. DOI: 10.1111\/j.1462-2920.2012.02767.x<\/p>\n","protected":false},"author":9,"featured_media":0,"parent":0,"menu_order":0,"comment_status":"open","ping_status":"open","template":"page_fullwidth.php","meta":{"footnotes":""},"class_list":["post-24","page","type-page","status-publish","hentry"],"_links":{"self":[{"href":"http:\/\/auditore.cab.inta-csic.es\/publications\/wp-json\/wp\/v2\/pages\/24","targetHints":{"allow":["GET"]}}],"collection":[{"href":"http:\/\/auditore.cab.inta-csic.es\/publications\/wp-json\/wp\/v2\/pages"}],"about":[{"href":"http:\/\/auditore.cab.inta-csic.es\/publications\/wp-json\/wp\/v2\/types\/page"}],"author":[{"embeddable":true,"href":"http:\/\/auditore.cab.inta-csic.es\/publications\/wp-json\/wp\/v2\/users\/9"}],"replies":[{"embeddable":true,"href":"http:\/\/auditore.cab.inta-csic.es\/publications\/wp-json\/wp\/v2\/comments?post=24"}],"version-history":[{"count":4,"href":"http:\/\/auditore.cab.inta-csic.es\/publications\/wp-json\/wp\/v2\/pages\/24\/revisions"}],"predecessor-version":[{"id":72,"href":"http:\/\/auditore.cab.inta-csic.es\/publications\/wp-json\/wp\/v2\/pages\/24\/revisions\/72"}],"wp:attachment":[{"href":"http:\/\/auditore.cab.inta-csic.es\/publications\/wp-json\/wp\/v2\/media?parent=24"}],"curies":[{"name":"wp","href":"https:\/\/api.w.org\/{rel}","templated":true}]}}