{"id":50,"date":"2013-09-19T09:27:08","date_gmt":"2013-09-19T09:27:08","guid":{"rendered":"http:\/\/auditore.cab.inta-csic.es\/solid\/?page_id=50"},"modified":"2025-01-20T14:36:34","modified_gmt":"2025-01-20T14:36:34","slug":"team","status":"publish","type":"page","link":"http:\/\/auditore.cab.inta-csic.es\/solid\/team\/","title":{"rendered":"<!--:es-->EQUIPO<!--:--><!--:en-->TEAM<!--:-->"},"content":{"rendered":"\n<p><!--:es--><\/p>\n<table style=\"border: hidden\" border=\"0\" width=\"100%\">\n<tbody>\n<tr>\n<td style=\"text-align: center;vertical-align: middle;border: hidden\" colspan=\"1\" width=\"50%\"><a href=\"http:\/\/cab.inta-csic.es\" target=\"_blank\" rel=\"noopener noreferrer\"> <img decoding=\"async\" style=\"width: 100%\" src=\"http:\/\/auditore.cab.inta-csic.es\/solid\/files\/2019\/04\/LOGO-CAB_MdM_VERSI\u00d3N-COMPACTA_COLOR_TRANSPARENTE-reducida.png\" alt=\"CAB horizontal\"> <\/a><\/td>\n<td>&nbsp;<\/td>\n<\/tr>\n<\/tbody>\n<\/table>\n<p>\n<a href=\"http:\/\/cab.inta-csic.es\/es\/investigadores\/348\/victor-parro-garcia\">V\u00edctor Parro Garc\u00eda (Director del Centro de Astrobiolog\u00eda)<\/a><br>\n<a href=\"http:\/\/cab.inta-csic.es\/es\/investigadores\/395\/mercedes-moreno-paz\">Mercedes Moreno Paz (Departamento de Evoluci\u00f3n Molecular)<\/a><br><\/p>\n\n\n<a href=\"https:\/\/research.astro.cornell.edu\/alberto-g-fair\u00e9n\">Alberto Gonz\u00e1lez Fair\u00e9n (Departamento de Planetolog\u00eda y Habitabilidad)<\/a><br>\n<a href=\"https:\/\/www.researchgate.net\/profile\/Laura_Sanchez-Garcia2\">Laura S\u00e1nchez Garc\u00eda (Departamento de Evoluci\u00f3n Molecular)<\/a><br>\n<a href=\"https:\/\/www.researchgate.net\/profile\/David_Ruano\">David Ruano Gallego (Departamento de Evoluci\u00f3n Molecular)<\/a><br>\n<a href=\"http:\/\/www.cab.inta.es\/es\/investigadores\/696\/maria-angeles-lezcano-vega\">Mar\u00eda \u00c1ngeles Lezcano Vega (Departamento de Evoluci\u00f3n Molecular)<\/a><br>\n<a href=\"https:\/\/cab.inta-csic.es\/es\/investigadores\/714\/rita-sofia-dos-santos-severino\">Rita Dos Santos Severino (Departamento de Evoluci\u00f3n Molecular)<\/a><br>\n<a href=\"https:\/\/www.researchgate.net\/profile\/Pedro_Mustieles_Del_Ser\">Pedro Mustieles del Ser (Departamento de Evoluci\u00f3n Molecular)<\/a><br>\n<a href=\"http:\/\/cab.inta-csic.es\/es\/investigadores\/341\/miriam-garcia-villadangos\">Miriam Garc\u00eda Villadangos (Departamento de Evoluci\u00f3n Molecular)<\/a><br>\n<a href=\"http:\/\/cab.inta-csic.es\/es\/investigadores\/627\/juan-manuel-manchado-ortega\">Juan Manuel Manchado Ortega (Departamento de Evoluci\u00f3n Molecular)<\/a><br>\n<a href=\"https:\/\/cab.inta-csic.es\/personal\/julio-jose-romeral-planello\/\">Julio Jos\u00e9 Romeral Planell\u00f3 (Departamento de Instrumentaci\u00f3n Avanzada)<\/a><br>\n<a href=\"https:\/\/www.researchgate.net\/profile\/Raquel_Lopez_Heredero\">Raquel L\u00f3pez Heredero (Departamento de \u00d3ptica Espacial)<\/a><br>\n<a href=\"https:\/\/www.researchgate.net\/profile\/Andoni_Moral\">Andoni Moral Inza (Departamento de Segmento de Vuelo)<\/a><br>\n<a href=\"http:\/\/cab.inta-csic.es\/es\/investigadores\/321\/jose-antonio-rodriguez-manfredi\">Jos\u00e9 Antonio Rodr\u00edguez-Manfredi (Departamento de Instrumentaci\u00f3n Avanzada)<\/a><br>\n<a href=\"http:\/\/cab.inta-csic.es\/es\/investigadores\/316\/javier-gomez-elvira-rodriguez\">Javier G\u00f3mez-Elvira (Departamento de Cargas Utiles)<\/a><\/p>\n\n","protected":false},"excerpt":{"rendered":"<p>&nbsp; V\u00edctor Parro Garc\u00eda (Director del Centro de Astrobiolog\u00eda) Mercedes Moreno Paz (Departamento de Evoluci\u00f3n Molecular) Alberto Gonz\u00e1lez Fair\u00e9n (Departamento de Planetolog\u00eda y Habitabilidad) Laura S\u00e1nchez Garc\u00eda (Departamento de Evoluci\u00f3n Molecular) David Ruano Gallego (Departamento de Evoluci\u00f3n Molecular) Mar\u00eda \u00c1ngeles Lezcano Vega (Departamento de Evoluci\u00f3n Molecular) Rita Dos Santos Severino (Departamento de Evoluci\u00f3n Molecular) Pedro Mustieles del Ser (Departamento de Evoluci\u00f3n Molecular) Miriam Garc\u00eda Villadangos (Departamento de Evoluci\u00f3n Molecular) Juan Manuel Manchado Ortega (Departamento de Evoluci\u00f3n Molecular) Julio Jos\u00e9 Romeral Planell\u00f3 (Departamento de Instrumentaci\u00f3n Avanzada) Raquel L\u00f3pez Heredero (Departamento de \u00d3ptica Espacial) Andoni Moral Inza (Departamento de Segmento de Vuelo) Jos\u00e9 Antonio Rodr\u00edguez-Manfredi (Departamento de Instrumentaci\u00f3n Avanzada) Javier G\u00f3mez-Elvira (Departamento de Cargas Utiles)<\/p>\n<a class=\"more-link\" rel=\"nofollow\" href=\"http:\/\/auditore.cab.inta-csic.es\/solid\/team\/\">[Read More...]<\/a>","protected":false},"author":35,"featured_media":0,"parent":0,"menu_order":0,"comment_status":"open","ping_status":"open","template":"","meta":{"ngg_post_thumbnail":0,"footnotes":""},"class_list":["post-50","page","type-page","status-publish","hentry"],"_links":{"self":[{"href":"http:\/\/auditore.cab.inta-csic.es\/solid\/wp-json\/wp\/v2\/pages\/50","targetHints":{"allow":["GET"]}}],"collection":[{"href":"http:\/\/auditore.cab.inta-csic.es\/solid\/wp-json\/wp\/v2\/pages"}],"about":[{"href":"http:\/\/auditore.cab.inta-csic.es\/solid\/wp-json\/wp\/v2\/types\/page"}],"author":[{"embeddable":true,"href":"http:\/\/auditore.cab.inta-csic.es\/solid\/wp-json\/wp\/v2\/users\/35"}],"replies":[{"embeddable":true,"href":"http:\/\/auditore.cab.inta-csic.es\/solid\/wp-json\/wp\/v2\/comments?post=50"}],"version-history":[{"count":37,"href":"http:\/\/auditore.cab.inta-csic.es\/solid\/wp-json\/wp\/v2\/pages\/50\/revisions"}],"predecessor-version":[{"id":924,"href":"http:\/\/auditore.cab.inta-csic.es\/solid\/wp-json\/wp\/v2\/pages\/50\/revisions\/924"}],"wp:attachment":[{"href":"http:\/\/auditore.cab.inta-csic.es\/solid\/wp-json\/wp\/v2\/media?parent=50"}],"curies":[{"name":"wp","href":"https:\/\/api.w.org\/{rel}","templated":true}]}}