{"id":10,"date":"2011-07-21T07:24:31","date_gmt":"2011-07-21T06:24:31","guid":{"rendered":"http:\/\/auditore.cab.inta-csic.es\/consolider-ingenio-astromol\/?page_id=10"},"modified":"2013-05-29T14:29:24","modified_gmt":"2013-05-29T13:29:24","slug":"organizacion-consolider-ingenio-astromol","status":"publish","type":"page","link":"https:\/\/auditore.cab.inta-csic.es\/consolider-ingenio-astromol\/organizacion-consolider-ingenio-astromol","title":{"rendered":"ORGANISATION"},"content":{"rendered":"<p><a href=\"http:\/\/auditore.cab.inta-csic.es\/consolider-ingenio-astromol\/files\/2011\/08\/logo_new_astromol.jpg\"><img loading=\"lazy\" decoding=\"async\" src=\"http:\/\/auditore.cab.inta-csic.es\/consolider-ingenio-astromol\/files\/2011\/08\/logo_new_astromol.jpg\" alt=\"\" width=\"200\" height=\"124\" class=\"alignleft wp-image-1383\" \/><\/a><\/p>\n<div align=\"justify\">\nNuestro equipo de investigaci\u00f3n ha resultado beneficiario de las ayudas para la ejecuci\u00f3n del Programa de actividad investigadora, con c\u00f3digo de referencia <strong>CSD2009-00038<\/strong>, de acuerdo con lo previsto en la Resoluci\u00f3n de la Secretar\u00eda de Estado de Investigaci\u00f3n del Ministerio de Ciencia e Innovaci\u00f3n de 17 de diciembre de 2009, de concesi\u00f3n de las ayudas de la convocatoria 2009 del <span style=\"text-decoration: underline\"><a href=\"http:\/\/www.micinn.es\/portal\/site\/MICINN\/menuitem.dbc68b34d11ccbd5d52ffeb801432ea0\/?vgnextoid=9ea8412b07917210VgnVCM1000001d04140aRCRD\" target=\"_blank\">PROGRAMA CONSOLIDER-INGENIO 2010.<\/a> <\/span><\/p>\n<p>The <strong>participating institutions<\/strong> are the following:<\/p>\n<ul>\n<li>\n<div><a href=\"http:\/\/www.csic.es\/\" target=\"_blank\">Agencia Estatal Consejo Superior de Investigaciones Cient\u00edficas (CSIC)<\/a><\/div>\n<p>CSIC serves as the managing institution of the team. The CSIC participating centres\/institutes are named below:<\/p>\n<ul>\n<li><a href=\"http:\/\/cab.inta-csic.es\/\" target=\"_blank\">Centro de Astrobiolog\u00eda<\/a> (managing and coordinating centre; Joint Centre CSIC &#8211; Instituto Nacional de T\u00e9cnica Aeroespacial)\n\t<\/li>\n<li><a href=\"http:\/\/www.iaa.es\/\" target=\"_blank\">Instituto de Astrof\u00edsica de Andaluc\u00eda<\/a>\n\t<\/li>\n<li><a href=\"http:\/\/www.iem.csic.es\/\" target=\"_blank\">Instituto de Estructura de la Materia<\/a>\n\t<\/li>\n<li><a href=\"http:\/\/www.iff.csic.es\/\" target=\"_blank\">Instituto de F\u00edsica Fundamental<\/a>\n<\/li>\n<\/ul>\n<\/li>\n<p><\/p>\n<li>\n<div><a href=\"http:\/\/www.iac.es\/\" target=\"_blank\">Instituto de Astrof\u00edsica de Canarias (IAC)<\/a><\/div>\n<\/li>\n<li>\n<div><a href=\"http:\/\/www.ign.es\/\" target=\"_blank\">Direcci\u00f3n General del Instituto Geogr\u00e1fico Nacional (IGN)<\/a><\/div>\n<p>del Ministerio de Fomento a trav\u00e9s del <a href=\"http:\/\/www.fomento.es\/MFOM\/LANG_CASTELLANO\/DIRECCIONES_GENERALES\/INSTITUTO_GEOGRAFICO\/Astronomia\/\" target=\"_blank\">Observatorio Astron\u00f3mico Nacional<\/a><\/li>\n<li>\n<div><a href=\"http:\/\/www.uclm.es\/\" target=\"_blank\">Universidad de Castilla La Mancha (UCLM)<\/a><\/div>\n<\/li>\n<li>\n<div><a href=\"http:\/\/www.ucm.es\/\" target=\"_blank\">Universidad Complutense de Madrid (UCM)<\/a><\/div>\n<\/li>\n<li>\n<div><a href=\"http:\/\/www.um.es\/\" target=\"_blank\">Universidad de Murcia (UM)<\/a><\/div>\n<\/li>\n<li>\n<div><a href=\"http:\/\/www.upo.es\/\" target=\"_blank\">Universidad Pablo de Olavide de Sevilla (UPO)<\/a><\/div>\n<\/li>\n<li>\n<div><a href=\"http:\/\/www.uva.es\/\" target=\"_blank\">Universidad de Valladolid (UVA)<\/a><\/div>\n<\/li>\n<\/ul>\n<p><img loading=\"lazy\" decoding=\"async\" src=\"http:\/\/auditore.cab.inta-csic.es\/consolider-ingenio-astromol\/files\/2011\/08\/logo_CSIC-e1317892600489.jpg\" alt=\"\" width=\"250\" height=\"98\" align=\"middle\" \/>&nbsp;&nbsp;&nbsp;&nbsp;<img loading=\"lazy\" decoding=\"async\" src=\"http:\/\/auditore.cab.inta-csic.es\/consolider-ingenio-astromol\/files\/2011\/08\/logo_IAC-e1317892649462.jpg\" alt=\"\" width=\"100\" height=\"97\" align=\"middle\" \/>&nbsp;&nbsp;&nbsp;&nbsp;&nbsp;&nbsp;<img loading=\"lazy\" decoding=\"async\" src=\"http:\/\/auditore.cab.inta-csic.es\/consolider-ingenio-astromol\/files\/2011\/08\/logo_UCM-e1317892186732.gif\" alt=\"\" width=\"146\" height=\"68\" align=\"middle\" \/>&nbsp;&nbsp;&nbsp;&nbsp;<img loading=\"lazy\" decoding=\"async\" src=\"http:\/\/auditore.cab.inta-csic.es\/consolider-ingenio-astromol\/files\/2011\/08\/logo_uclm-e1317893266782.jpg\" alt=\"\" width=\"140\" height=\"73\" align=\"middle\" \/>&nbsp;&nbsp;&nbsp;&nbsp;<img loading=\"lazy\" decoding=\"async\" src=\"http:\/\/auditore.cab.inta-csic.es\/consolider-ingenio-astromol\/files\/2011\/08\/logo_UMU-e1317892330155.jpg\" alt=\"\" width=\"160\" height=\"44\" align=\"middle\" \/>&nbsp;&nbsp;&nbsp;&nbsp;<img loading=\"lazy\" decoding=\"async\" src=\"http:\/\/auditore.cab.inta-csic.es\/consolider-ingenio-astromol\/files\/2011\/08\/logo_UPO-e1317892384867.gif\" alt=\"\" width=\"140\" height=\"56\" align=\"middle\" \/>&nbsp;&nbsp;&nbsp;&nbsp;<img loading=\"lazy\" decoding=\"async\" src=\"http:\/\/auditore.cab.inta-csic.es\/consolider-ingenio-astromol\/files\/2011\/08\/logo_UVA-e1317892423258.jpg\" alt=\"\" width=\"170\" height=\"98\" align=\"middle\" \/>&nbsp;&nbsp;&nbsp;&nbsp;<img loading=\"lazy\" decoding=\"async\" src=\"http:\/\/auditore.cab.inta-csic.es\/consolider-ingenio-astromol\/files\/2011\/08\/logo_ign-e1317892473770.png\" alt=\"\" width=\"170\" height=\"41\" align=\"middle\" \/>\n<\/div>\n<p style=\"text-align: left;vertical-align: top\">\n    <a href=\"http:\/\/validator.w3.org\/check?uri=referer\"><img decoding=\"async\" style=\"margin:170px 0px 0px 0px;width:100px;height:50px\" src=\"http:\/\/www.w3.org\/Icons\/valid-xhtml10-blue\" alt=\"Valid XHTML 1.0 Strict\" \/><\/a><br \/>\nLast updated on: <!--#echo var=\"LAST_MODIFIED\" --><\/p>\n","protected":false},"excerpt":{"rendered":"<p>Nuestro equipo de investigaci\u00f3n ha resultado beneficiario de las ayudas para la ejecuci\u00f3n del Programa de actividad investigadora, con c\u00f3digo de referencia CSD2009-00038, de acuerdo con lo previsto en la Resoluci\u00f3n de la Secretar\u00eda de Estado de Investigaci\u00f3n del Ministerio &hellip; <a href=\"https:\/\/auditore.cab.inta-csic.es\/consolider-ingenio-astromol\/organizacion-consolider-ingenio-astromol\">Continue reading <span class=\"meta-nav\">&rarr;<\/span><\/a><\/p>\n","protected":false},"author":11,"featured_media":0,"parent":0,"menu_order":0,"comment_status":"open","ping_status":"closed","template":"full-width-page.php","meta":{"_monsterinsights_skip_tracking":false,"_monsterinsights_sitenote_active":false,"_monsterinsights_sitenote_note":"","_monsterinsights_sitenote_category":0,"footnotes":""},"class_list":["post-10","page","type-page","status-publish","hentry"],"_links":{"self":[{"href":"https:\/\/auditore.cab.inta-csic.es\/consolider-ingenio-astromol\/wp-json\/wp\/v2\/pages\/10","targetHints":{"allow":["GET"]}}],"collection":[{"href":"https:\/\/auditore.cab.inta-csic.es\/consolider-ingenio-astromol\/wp-json\/wp\/v2\/pages"}],"about":[{"href":"https:\/\/auditore.cab.inta-csic.es\/consolider-ingenio-astromol\/wp-json\/wp\/v2\/types\/page"}],"author":[{"embeddable":true,"href":"https:\/\/auditore.cab.inta-csic.es\/consolider-ingenio-astromol\/wp-json\/wp\/v2\/users\/11"}],"replies":[{"embeddable":true,"href":"https:\/\/auditore.cab.inta-csic.es\/consolider-ingenio-astromol\/wp-json\/wp\/v2\/comments?post=10"}],"version-history":[{"count":21,"href":"https:\/\/auditore.cab.inta-csic.es\/consolider-ingenio-astromol\/wp-json\/wp\/v2\/pages\/10\/revisions"}],"predecessor-version":[{"id":1723,"href":"https:\/\/auditore.cab.inta-csic.es\/consolider-ingenio-astromol\/wp-json\/wp\/v2\/pages\/10\/revisions\/1723"}],"wp:attachment":[{"href":"https:\/\/auditore.cab.inta-csic.es\/consolider-ingenio-astromol\/wp-json\/wp\/v2\/media?parent=10"}],"curies":[{"name":"wp","href":"https:\/\/api.w.org\/{rel}","templated":true}]}}