{"id":28,"date":"2011-07-21T08:59:20","date_gmt":"2011-07-21T07:59:20","guid":{"rendered":"http:\/\/auditore.cab.inta-csic.es\/consolider-ingenio-astromol\/?page_id=28"},"modified":"2014-05-22T10:41:21","modified_gmt":"2014-05-22T09:41:21","slug":"divulgacion-consolider-ingenio-astromol","status":"publish","type":"page","link":"https:\/\/auditore.cab.inta-csic.es\/consolider-ingenio-astromol\/divulgacion-consolider-ingenio-astromol","title":{"rendered":"OUTREACH"},"content":{"rendered":"<p><a href=\"http:\/\/auditore.cab.inta-csic.es\/consolider-ingenio-astromol\/files\/2011\/08\/logo_new_astromol.jpg\"><img loading=\"lazy\" decoding=\"async\" src=\"http:\/\/auditore.cab.inta-csic.es\/consolider-ingenio-astromol\/files\/2011\/08\/logo_new_astromol.jpg\" alt=\"\" width=\"200\" height=\"124\" class=\"alignleft wp-image-1383\" \/><\/a><\/p>\n<div align=\"justify\">\nLos miembros integrantes del Equipo ASTROMOL participan activamente en reportajes, conferencias, blogs, y en todas aquellas actividades conectadas con nuestras l\u00edneas de investigaci\u00f3n que puedan ser de inter\u00e9s para la sociedad.<br \/>\n<\/p>\n<legend><strong><span style=\"color:red\"><u>Consolider ASTROMOL en prensa escrita y especializada <\/u><\/span><\/strong><\/legend>\n<p><\/p>\n<ul>\n<li><strong>Medio y referencia al art\u00edculo<\/strong>: <a href=\"http:\/\/www.rtve.es\/noticias\/20140203\/universidad-valladolid-halla-dos-nuevas-moleculas-medio-interestelar\/869960.shtml\" target=\"_blank\">Web RTVE<\/a> (Febrero de 2014)<\/li>\n<li><strong>Titular<\/strong>: La Universidad de Valladolid halla dos nuevas mol\u00e9culas en el medio interestelar<\/li>\n<li><strong>Autores referenciados en el art\u00edculo<\/strong>: Carlos Cabezas y Jos\u00e9 Luis Alonso (GEM-UVA, unidad asociada al CSIC)<\/li>\n<li><strong>Breve resumen<\/strong>: Carlos Cabezas, investigador postdoctoral del equipo ASTROMOL en la Universidad de Valladolid (grupo GEM-UVA) afirma: &#8220;En el caso del Etil mercaptano es una novedad el hecho de que contenga azufre, mientras que en el caso del Isocianuro de hidromagnesio lo novedoso est\u00e1 en que contiene magnesio\u201d, en relaci\u00f3n a las dos nuevas especies qu\u00edmicas identificadas en el medio interestelar junto al equipo coordinador de ASTROMOL, que lidera Jos\u00e9 Cernicharo. Los resultados del hallazgo han sido publicados en la revista <em>The Astrophysical Journal Letters<\/em><\/li>\n<\/ul>\n<hr \/>\n<ul>\n<li><strong>Diario y referencia al art\u00edculo<\/strong>: <a href=\"http:\/\/elpais.com\/sociedad\/2013\/06\/05\/actualidad\/1370435241_284071.html\" target=\"_blank\">Diario El Pa\u00eds<\/a> (Junio de 2013)<\/li>\n<li><strong>Titular<\/strong>: Tit\u00e1n, una luna de Saturno envuelta en hidrocarburos<\/li>\n<li><strong>Autores referenciados en el art\u00edculo<\/strong>: M. L\u00f3pez-Puertas (IAA-CSIC)<\/li>\n<li><strong>Breve resumen<\/strong>: Manuel L\u00f3pez-Puertas, profesor de investigaci\u00f3n del Instituto de Astrof\u00edsica de Andaluc\u00eda (IAA-CSIC) y miembro del equipo Consolider-Ingenio ASTROMOL en el grupo GAPT-IAA afirma: &#8220;Hace d\u00e9cadas se propuso que la capa de neblina de la baja atm\u00f3sfera [de Tit\u00e1n] se generaba a partir de mol\u00e9culas org\u00e1nicas complejas y, en 2007, se sugiri\u00f3 que estas mol\u00e9culas podr\u00edan formarse en la atm\u00f3sfera superior, varios cientos de kil\u00f3metros sobre su lugar de origen\u201d. El profesor L\u00f3pez-Puertas confirma ahora ambas hip\u00f3tesis. El resultado del hallazgo ser\u00e1 publicado en la revista <em>The Astrophysical Journal<\/em><\/li>\n<\/ul>\n<hr \/>\n<ul>\n<li><strong>Diario y referencia al art\u00edculo<\/strong>: <a href=\"http:\/\/www.elmundo.es\/elmundo\/2013\/05\/07\/ciencia\/1367927466.html\" target=\"_blank\">Diario El Mundo<\/a>; <a href=\"http:\/\/www.agenciasinc.es\/Noticias\/Un-gas-caliente-merodea-cerca-del-agujero-negro-de-nuestra-galaxia\" target=\"_blank\">Agencia de noticias SINC<\/a> (Mayo de 2013)<\/li>\n<li><strong>Titular<\/strong>: La inminente cena del agujero negro en la V\u00eda L\u00e1ctea<\/li>\n<li><strong>Autores referenciados en el art\u00edculo<\/strong>: J. R. Goicoechea (CAB-CSIC-INTA)<\/li>\n<li><strong>Breve resumen<\/strong>: Javier R. Goicoechea, investigador senior del Centro de Astrobiolog\u00eda (CSIC-INTA) y miembro del equipo Consolider-Ingenio ASTROMOL en el grupo AM-CSIC afirma: &#8220;Herschel ha resuelto la emisi\u00f3n en el infrarrojo lejano situada a tan solo un a\u00f1o luz del agujero negro, haciendo posible, por primera vez en estas longitudes de onda, que pueda separarse la emisi\u00f3n procedente de la cavidad central de la que proviene del denso disco molecular circundante\u201d. El resultado del hallazgo ser\u00e1 publicado en la revista <em>The Astrophysical Journal Letters<\/em><\/li>\n<\/ul>\n<hr \/>\n<ul>\n<li><strong>Diario y referencia al art\u00edculo<\/strong>: <a href=\"http:\/\/www.elmundo.es\/elmundo\/2013\/03\/19\/ciencia\/1363686464.html\" target=\"_blank\">Diario El Mundo<\/a>; <a href=\"http:\/\/www.agenciasinc.es\/Noticias\/Un-misterioso-gas-aparece-durante-el-dia-en-la-atmosfera-de-Titan\" target=\"_blank\">Agencia de noticias SINC<\/a> (Marzo de 2013)<\/li>\n<li><strong>Titular<\/strong>: Un gas misterioso en Tit\u00e1n<\/li>\n<li><strong>Autores referenciados en el art\u00edculo<\/strong>: M. L\u00f3pez-Puertas (IAA-CSIC)<\/li>\n<li><strong>Breve resumen<\/strong>: El investigador Manuel L\u00f3pez-Puertas, perteneciente al equipo ASTROMOL, se\u00f1ala &#8220;La forma espectral de la emisi\u00f3n puede deberse a los Hidrocarburos Polic\u00edclicos Arom\u00e1ticos (PAHs) o, quiz\u00e1s, a los Compuestos Heteroc\u00edclicos Arom\u00e1ticos (HACs), es decir, compuestos formados por cadenas de benceno con, quiz\u00e1s, alg\u00fan \u00e1tomo de carbono reemplazado por uno de nitr\u00f3geno. Sin embargo, c\u00f3mo estos compuestos pueden producir una emisi\u00f3n tan intensa como la del metano constituye, a d\u00eda de hoy, un misterio&#8221;<\/li>\n<\/ul>\n<hr \/>\n<ul>\n<li><strong>Diario y referencia al art\u00edculo<\/strong>: <a href=\"http:\/\/www.dicyt.com\/noticias\/un-grupo-de-la-universidad-de-valladolid-investiga-nuevas-especies-quimicas-presentes-en-el-universo\" target=\"_blank\">Agencia de Noticias para la Difusi\u00f3n de la Ciencia y la Tecnolog\u00eda (DiCYT)<\/a> (Octubre de 2012)<\/li>\n<li><strong>Titular<\/strong>: Un grupo de la Universidad de Valladolid investiga nuevas especies qu\u00edmicas presentes en el Universo<\/li>\n<li><strong>Investigadores referenciados en el art\u00edculo<\/strong>: Jos\u00e9 Luis Alonso (GEM-UVA); Jos\u00e9 Cernicharo (AM-CSIC)<\/li>\n<li><strong>Breve resumen<\/strong>: El investigador Jos\u00e9 Luis Alonso,  se\u00f1ala &#8220;Estamos caracterizando especies en laboratorio que simult\u00e1neamente dan se\u00f1ales en el medio interestelar. Esto es muy importante ya que en estos momentos los astr\u00f3nomos est\u00e1n en aquello que se conoce como l\u00edmite de la confusi\u00f3n &#8230; No solo trabajamos en la caracterizaci\u00f3n de mol\u00e9culas en el medio interestelar, si no que generamos especies en laboratorio que suministramos a los radioastr\u00f3nomos, concretamente al grupo de investigaci\u00f3n de Jos\u00e9 Cernicharo, coordinador del proyecto Astromol, para que intenten identificarlas en sus registros&#8221;<\/li>\n<\/ul>\n<hr \/>\n<ul>\n<li><strong>Diario y referencia al art\u00edculo<\/strong>: <a href=\"http:\/\/www.dicyt.com\/noticias\/la-unidad-asociada-csic-gem-profundizara-en-el-origen-y-la-evolucion-quimica-del-universo\" target=\"_blank\">Agencia de Noticias para la Difusi\u00f3n de la Ciencia y la Tecnolog\u00eda (DiCYT)<\/a> (Mayo de 2012)<\/li>\n<li><strong>Titular<\/strong>: La Unidad Asociada CSIC-GEM profundizar\u00e1 en el origen y la evoluci\u00f3n qu\u00edmica del Universo<\/li>\n<li><strong>Investigadores referenciados en el art\u00edculo<\/strong>: Jos\u00e9 Luis Alonso (GEM-UVA); Jos\u00e9 Cernicharo (AM-CSIC)<\/li>\n<li><strong>Breve resumen<\/strong>: El Grupo de Espectroscopia Molecular (GEM) de la Universidad de Valladolid y el Centro de Astrobiolog\u00eda (CSIC-INTA) han materializado su colaboraci\u00f3n cient\u00edfica, que se extiende desde hace varios a\u00f1os, en una nueva Unidad Asociada al Consejo Superior de Investigaciones Cient\u00edficas. La Unidad se ha propuesto como reto, en un plazo de cinco a\u00f1os, avanzar de forma significativa en la explotaci\u00f3n cient\u00edfica del sat\u00e9lite Herschel de la Agencia Espacial Europea (ESA, por sus siglas en ingl\u00e9s), del interfer\u00f3metro ALMA y de los instrumentos de espectroscopia y espectropolarimetr\u00eda de alta resoluci\u00f3n de los telescopios del Observatorio Europeo Austral y de los Observatorios de Canarias. A trav\u00e9s de este trabajo, el grupo cient\u00edfico profundizar\u00e1 en el origen y la evoluci\u00f3n qu\u00edmica del Universo.<\/li>\n<\/ul>\n<hr \/>\n<ul>\n<li><strong>Revista<\/strong>: <a href=\"http:\/\/www.astronomia-e.com\" target=\"_blank\">Revista ASTRONOM\u00cdA<\/a> (Diciembre de 2011)\n\t<\/li>\n<li><strong>Titular y referencia al art\u00edculo<\/strong>: <a href='http:\/\/auditore.cab.inta-csic.es\/consolider-ingenio-astromol\/files\/2011\/07\/26-32-astronomia-150-LA-QUIMICA-DEL-ESPACIO-DICIEMBRE-11-PDF-FINAL.pdf' target=\"_blank\"> La Qu\u00edmica del Espacio <\/a>(por Natalia R. Zelmanovitch, de la Unidad de Cultura Cient\u00edfica del Centro de Astrobiolog\u00eda; agradecemos a \u00c1ngel G\u00f3mez Rold\u00e1n, Director de la revista Astronom\u00eda, y a Natalia R. Zelmanovitch por remitirnos amablemente el pdf original)<\/li>\n<li><strong>Autores referenciados en el art\u00edculo<\/strong>: J. Cernicharo (CSIC)<\/li>\n<li><strong>Breve resumen<\/strong>: Este art\u00edculo nos presenta una visi\u00f3n sobre la Astroqu\u00edmica bajo la perspectiva de algunos de los investigadores m\u00e1s importantes en la comprensi\u00f3n y desarrollo del Universo Molecular<\/li>\n<\/ul>\n<hr \/>\n<ul>\n<li><strong>Diario y referencia al art\u00edculo<\/strong>: <a href=\"http:\/\/m.publico.es\/332755\" target=\"_blank\">Diario P\u00fablico<\/a> (19\/08\/2010)\n\t<\/li>\n<li><strong>Titular<\/strong>: Un &#8220;tsunami&#8221; creado por estrellas reci\u00e9n nacidas<\/li>\n<li><strong>Autores referenciados en el art\u00edculo<\/strong>: N. Marcelino &amp; J. Cernicharo (CSIC)<\/li>\n<li><strong>Breve resumen<\/strong>: Un grupo de investigadores espa\u00f1oles observa por primera vez &#8220;olas&#8221; causadas por el viento estelar<\/li>\n<\/ul>\n<hr \/>\n<ul>\n<li><strong>Diario y referencia al art\u00edculo<\/strong>: <a href=\"http:\/\/www.elmundo.es\/elmundo\/2010\/09\/01\/ciencia\/1283361253.html\" target=\"_blank\">Diario El Mundo<\/a> (29\/09\/2010)\n\t<\/li>\n<li><strong>Titular<\/strong>: Una estrella envejecida envuelta en vapor de agua\n\t<\/li>\n<li><strong>Autores referenciados en el art\u00edculo<\/strong>: J. Cernicharo (CSIC)\n\t<\/li>\n<li><strong>Breve resumen<\/strong>: Hallan la primera gigante roja rica en carbono con agua en su atm\u00f3sfera\n<\/li>\n<\/ul>\n<hr \/>\n<hr \/>\n<legend><strong><span style=\"color:red\"><u>Consolider ASTROMOL: Reportajes, videos y enlaces relacionados <\/u><\/span><\/strong><\/legend>\n<p><\/p>\n<ul>\n<li><strong>Medio<\/strong>: <a href=\"http:\/\/youtu.be\/PCqyGU2stJ8\" target=\"_blank\">CanalSur Andaluc\u00eda &#8211; Andalucia.es<\/a> (16\/12\/2012)\n\t<\/li>\n<li><strong>Tem\u00e1tica<\/strong>: Desvelando el Universo: II National Conference on Laboratory and Molecular Astrophysics<\/li>\n<li><strong>Contenido<\/strong>: Documental sobre la &#8220;II National Conference on Laboratory and Molecular Astrophysics&#8221; que se celebr\u00f3 en la Universidad Pablo de Olavide de Sevilla entre el 14 y 16 de noviembre de 2012 dentro de los objetivos de ASTROMOL. Los entrevistados (Jos\u00e9 Cernicharo, Bruno Mart\u00ednez-Haya, Miguel A. L\u00f3pez-Valverde y Andr\u00e9 Canosa) hablan sobre el fascinante mundo de la Astrof\u00edsica Molecular, la b\u00fasqueda de la vida y sus retos, los nuevos telescopios espaciales como Herschel y el instrumento del futuro, el radiointerfer\u00f3metro ALMA.<\/li>\n<\/ul>\n<hr \/>\n<ul>\n<li><strong>Medio<\/strong>: <a href=\"http:\/\/www.micinn.es\/portal\/site\/MICINN\/menuitem.edc7f2029a2be27d7010721001432ea0\/?vgnextoid=86ff8be934ec2310VgnVCM1000001d04140aRCRD&amp;vgnextchannel=4346846085f90210VgnVCM1000001034e20aRCRD\" target=\"_blank\">Ministerio de Ciencia e Innovaci\u00f3n<\/a> (04\/10\/2011)\n\t<\/li>\n<li><strong>Tem\u00e1tica<\/strong>: Cinco proyectos de investigaci\u00f3n espa\u00f1oles acceder\u00e1n a las primeras observaciones astron\u00f3micas con el telescopio ALMA <\/li>\n<li><strong>Contenido<\/strong>: Uno de los proyectos que participar\u00e1n en la primera fase de operaciones del radiointerfer\u00f3metro ALMA est\u00e1 liderado por el I.P. coordinador del Consolider-Ingenio CSD2009-00038, Prof. Jos\u00e9 Cernicharo. Dicho proyecto se encuentra directamente conectado con los objetivos propuestos en dicho Consolider.<\/li>\n<\/ul>\n<hr \/>\n<ul>\n<li><strong>Medio<\/strong>: <a href=\"http:\/\/www.youtube.com\/watch?v=RBdVCOl74Aw\" target=\"_blank\">&#8220;The Molecular Universe IAU280&#8221; press room<\/a> (31\/05\/2011)\n\t<\/li>\n<li><strong>Tem\u00e1tica<\/strong>: The Chemistry of the Evolved Stars (The Molecular Universe IAU280 Symposium, 30 de mayo al 3 de junio de 2011, Toledo)<\/li>\n<li><strong>Cient\u00edfico entrevistado<\/strong>: J. Cernicharo (CSIC)<\/li>\n<\/ul>\n<hr \/>\n<ul>\n<li><strong>Medio<\/strong>: <a href=\"http:\/\/cab.inta-csic.es\/molecular_universe_2011\/pressroomNew\/index\" target=\"_blank\">&#8220;The Molecular Universe IAU280&#8221; interviews<\/a> (31\/05\/2011)\n\t<\/li>\n<li><strong>Tem\u00e1tica<\/strong>: situaci\u00f3n de la red astroqu\u00edmica ASTROMOL bajo el paraguas del programa nacional Consolider-Ingenio<\/li>\n<li><strong>Cient\u00edficos entrevistados<\/strong>: Entrevistas escritas con John Black, Satoshi Yamamoto, Paul Goldsmith, Eric Herbst, Alexander Tielens y Ewine Van Dishoeck (The Molecular Universe IAU280 Symposium, 30 de mayo al 3 de junio de 2011, Toledo)<\/li>\n<\/ul>\n<hr \/>\n<ul>\n<li><strong>Medio<\/strong>: <a href=\"https:\/\/www.youtube.com\/watch?v=shInuCBMQL4\" target=\"_blank\">Sociedad Espa\u00f1ola de Astronom\u00eda<\/a> (15\/09\/2010)\n\t<\/li>\n<li><strong>Tem\u00e1tica<\/strong>: La misi\u00f3n espacial Herschel (IX Reuni\u00f3n Cient\u00edfica de la SEA, 13 al 17 de septiembre de 2010, Madrid)<\/li>\n<li><strong>Cient\u00edfico entrevistado<\/strong>: J. Cernicharo (CSIC)<\/li>\n<\/ul>\n<p><img loading=\"lazy\" decoding=\"async\" src=\"http:\/\/auditore.cab.inta-csic.es\/consolider-ingenio-astromol\/files\/2011\/08\/logo_CSIC-e1317892600489.jpg\" alt=\"\" width=\"250\" height=\"98\" align=\"middle\" \/>&nbsp;&nbsp;&nbsp;&nbsp;<img loading=\"lazy\" decoding=\"async\" src=\"http:\/\/auditore.cab.inta-csic.es\/consolider-ingenio-astromol\/files\/2011\/08\/logo_IAC-e1317892649462.jpg\" alt=\"\" width=\"100\" height=\"97\" align=\"middle\" \/>&nbsp;&nbsp;&nbsp;&nbsp;&nbsp;&nbsp;<img loading=\"lazy\" decoding=\"async\" src=\"http:\/\/auditore.cab.inta-csic.es\/consolider-ingenio-astromol\/files\/2011\/08\/logo_UCM-e1317892186732.gif\" alt=\"\" width=\"146\" height=\"68\" align=\"middle\" \/>&nbsp;&nbsp;&nbsp;&nbsp;<img loading=\"lazy\" decoding=\"async\" src=\"http:\/\/auditore.cab.inta-csic.es\/consolider-ingenio-astromol\/files\/2011\/08\/logo_uclm-e1317893266782.jpg\" alt=\"\" width=\"140\" height=\"73\" align=\"middle\" \/>&nbsp;&nbsp;&nbsp;&nbsp;<img loading=\"lazy\" decoding=\"async\" src=\"http:\/\/auditore.cab.inta-csic.es\/consolider-ingenio-astromol\/files\/2011\/08\/logo_UMU-e1317892330155.jpg\" alt=\"\" width=\"160\" height=\"44\" align=\"middle\" \/>&nbsp;&nbsp;&nbsp;&nbsp;<img loading=\"lazy\" decoding=\"async\" src=\"http:\/\/auditore.cab.inta-csic.es\/consolider-ingenio-astromol\/files\/2011\/08\/logo_UPO-e1317892384867.gif\" alt=\"\" width=\"140\" height=\"56\" align=\"middle\" \/>&nbsp;&nbsp;&nbsp;&nbsp;<img loading=\"lazy\" decoding=\"async\" src=\"http:\/\/auditore.cab.inta-csic.es\/consolider-ingenio-astromol\/files\/2011\/08\/logo_UVA-e1317892423258.jpg\" alt=\"\" width=\"170\" height=\"98\" align=\"middle\" \/>&nbsp;&nbsp;&nbsp;&nbsp;<img loading=\"lazy\" decoding=\"async\" src=\"http:\/\/auditore.cab.inta-csic.es\/consolider-ingenio-astromol\/files\/2011\/08\/logo_ign-e1317892473770.png\" alt=\"\" width=\"170\" height=\"41\" align=\"middle\" \/><\/p>\n<\/div>\n<p style=\"text-align: left;vertical-align: top\">\n    <a href=\"http:\/\/validator.w3.org\/check?uri=referer\"><img decoding=\"async\" style=\"margin:170px 0px 0px 0px;width:100px;height:50px\" src=\"http:\/\/www.w3.org\/Icons\/valid-xhtml10-blue\" alt=\"Valid XHTML 1.0 Strict\" \/><\/a><br \/>\nLast updated on: <!--#echo var=\"LAST_MODIFIED\" --><\/p>\n","protected":false},"excerpt":{"rendered":"<p>Los miembros integrantes del Equipo ASTROMOL participan activamente en reportajes, conferencias, blogs, y en todas aquellas actividades conectadas con nuestras l\u00edneas de investigaci\u00f3n que puedan ser de inter\u00e9s para la sociedad. Consolider ASTROMOL en prensa escrita y especializada Medio y &hellip; <a href=\"https:\/\/auditore.cab.inta-csic.es\/consolider-ingenio-astromol\/divulgacion-consolider-ingenio-astromol\">Continue reading <span class=\"meta-nav\">&rarr;<\/span><\/a><\/p>\n","protected":false},"author":11,"featured_media":0,"parent":0,"menu_order":4,"comment_status":"open","ping_status":"closed","template":"full-width-page.php","meta":{"_monsterinsights_skip_tracking":false,"_monsterinsights_sitenote_active":false,"_monsterinsights_sitenote_note":"","_monsterinsights_sitenote_category":0,"footnotes":""},"class_list":["post-28","page","type-page","status-publish","hentry"],"_links":{"self":[{"href":"https:\/\/auditore.cab.inta-csic.es\/consolider-ingenio-astromol\/wp-json\/wp\/v2\/pages\/28","targetHints":{"allow":["GET"]}}],"collection":[{"href":"https:\/\/auditore.cab.inta-csic.es\/consolider-ingenio-astromol\/wp-json\/wp\/v2\/pages"}],"about":[{"href":"https:\/\/auditore.cab.inta-csic.es\/consolider-ingenio-astromol\/wp-json\/wp\/v2\/types\/page"}],"author":[{"embeddable":true,"href":"https:\/\/auditore.cab.inta-csic.es\/consolider-ingenio-astromol\/wp-json\/wp\/v2\/users\/11"}],"replies":[{"embeddable":true,"href":"https:\/\/auditore.cab.inta-csic.es\/consolider-ingenio-astromol\/wp-json\/wp\/v2\/comments?post=28"}],"version-history":[{"count":62,"href":"https:\/\/auditore.cab.inta-csic.es\/consolider-ingenio-astromol\/wp-json\/wp\/v2\/pages\/28\/revisions"}],"predecessor-version":[{"id":1987,"href":"https:\/\/auditore.cab.inta-csic.es\/consolider-ingenio-astromol\/wp-json\/wp\/v2\/pages\/28\/revisions\/1987"}],"wp:attachment":[{"href":"https:\/\/auditore.cab.inta-csic.es\/consolider-ingenio-astromol\/wp-json\/wp\/v2\/media?parent=28"}],"curies":[{"name":"wp","href":"https:\/\/api.w.org\/{rel}","templated":true}]}}