{"id":45,"date":"2011-07-21T09:20:26","date_gmt":"2011-07-21T08:20:26","guid":{"rendered":"http:\/\/auditore.cab.inta-csic.es\/consolider-ingenio-astromol\/?page_id=45"},"modified":"2013-05-29T14:30:37","modified_gmt":"2013-05-29T13:30:37","slug":"ofertas-de-trabajo-consolider-ingenio-astromol","status":"publish","type":"page","link":"https:\/\/auditore.cab.inta-csic.es\/consolider-ingenio-astromol\/ofertas-de-trabajo-consolider-ingenio-astromol","title":{"rendered":"JOB OFFERS"},"content":{"rendered":"<p><a href=\"http:\/\/auditore.cab.inta-csic.es\/consolider-ingenio-astromol\/files\/2011\/08\/logo_new_astromol.jpg\"><img loading=\"lazy\" decoding=\"async\" src=\"http:\/\/auditore.cab.inta-csic.es\/consolider-ingenio-astromol\/files\/2011\/08\/logo_new_astromol.jpg\" alt=\"\" width=\"200\" height=\"124\" class=\"alignleft wp-image-1383\" \/><\/a><\/p>\n<div align=\"justify\">\n<p>En esta secci\u00f3n incluiremos todas las ofertas de trabajo disponibles en Consolider-Ingenio ASTROMOL. Dichas ofertas estar\u00e1n fundamentalmente dirigidas a doctores (especializados en Astrof\u00edsica, F\u00edsica Molecular, Qu\u00edmica F\u00edsica y campos afines) con experiencia en el \u00e1rea que se especifique y con clara vocaci\u00f3n interdisciplinar. Dichas ofertas estar\u00e1n supeditadas a las normas y condiciones de contrataci\u00f3n que aplique cada organismo integrante del Consolider-Ingenio ASTROMOL.<\/p>\n<hr \/>\n<ul>\n<li><strong>Job offer<\/strong>: <em><span style=\"text-decoration: underline\">ASTROMOL Postdoctoral position in gas phase kinetics at low temperatures <\/span><\/em><\/li>\n<li><strong> Closing date for applications<\/strong>: Dec 17, 2012 (APPLICATIONS CLOSED)<\/li>\n<li><strong>Job description<\/strong>: PostDoctoral position in the Department of Physical Chemistry, in the Atmospheric Chemistry Laboratory of the University de Castilla \u2013 La Mancha (Ciudad Real, Spain) for 8 months (the envisaged job starting date is January 2013). The candidate will work in a CONSOLIDER-INGENIO project: \u201cMolecular Astrophysics: The Herschel and Alma era\u201d (ASTROMOL). The main objective of this part of the project is the development of a new pulsed Laval Nozzle system for determining rate coefficients of several radical-molecule reactions of atmospheric and astrophysical interest at very low temperatures.\n<\/p>\n<p>Candidates must hold a PhD in chemistry or physics. Previous experience in laser techniques, gas phase kinetics, and vacuum techniques are mandatory. He\/She is expected to think creatively, work independently and collaborate with the team. The application should include a CV, a list of publications, a brief summary of current research, and some letters of recommendation. It may be sent by e-mail (preferred), or regular mail. Email inquiries are welcome. Contact address and applications e-mail: Att. Prof. Bernab\u00e9 Ballesteros (bernabe.ballesteros at uclm.es).\n<\/li>\n<\/ul>\n<hr \/>\n<ul>\n<li><strong>Job offer<\/strong>: <em><span style=\"text-decoration: underline\">ASTROMOL Postdoctoral position in Observational Star Formation<\/span><\/em><\/li>\n<li><strong> Closing date<\/strong>: May 31, 2012 (APPLICATIONS CLOSED)<\/li>\n<li><strong>Job description<\/strong>: The Centro de Astrobiologia (CAB, CSIC-INTA, Spain) and the Observatorio Astronomico Nacional (OAN-IGN, Spain) offer one postdoctoral contract (1 + 1 years) in the field of Star Formation. The successful candidate will work under the supervision of Mario Tafalla and a collaborator from the CAB, and will be involved in the study of the earliest phases of stellar birth. There is some flexibility in the exact topic of research, which depending on the interest of the candidate can focus on different aspects of dense core formation and evolution or the physics and chemistry of bipolar outflows. Other lines of work may be considered if they have a natural connection to the above two topics.\n<p>In order to apply, the candidate must have a PhD in astronomy, astrophysics, or related discipline (or expect to have one by early July). Experience in star-formation studies, radio astronomical observations, and\/or radiative transfer calculations will be highly valued. The contract is available in the framework of the Consolider-Ingenio Research Project &#8220;Molecular Astrophysics: The Herschel and ALMA Era&#8221; led by Jose Cernicharo, and will be awarded by the Spanish CAB-CSIC. A brief CV, statement of research interests, and contact information for at least two referees should be sent to Mario Tafalla (m.tafalla at oan.es). The deadline for applications is May 31, 2012, and the starting date of the contract is negotiable but should not be later than December 1, 2012. Bachelor and PhD degrees granted by non-Spanish universities need to be accredited by a Spanish institution, and the interested candidate should contact Mario Tafalla for instructions on how to initiate the process.<\/p>\n<p>The gross annual pre-tax income including health insurance contributions and social security is in the range of 35,000 EUR. Additional funds are available to cover travel expenses and participation in conferences.<\/p>\n<p>For further inquiries, please contact Mario Tafalla (m.tafalla at oan.es).\n<\/li>\n<\/ul>\n<hr \/>\n<ul>\n<li><strong>Job offer<\/strong>: <em><span style=\"text-decoration: underline\">ASTROMOL Postdoctoral position in Laboratory of Molecular Fluid Dynamics<\/span><\/em><\/li>\n<li><strong> Closing date<\/strong>: February 20, 2012 (APPLICATIONS CLOSED)<\/li>\n<li><strong>Job description<\/strong>: One post-Doctoral contract (1 + 1 years) is available in the framework of the Consolider-Ingenio Research Project &#8220;Molecular Astrophysics: The Herschel and ALMA Era&#8221; (CSD2009-00038). The successful candidate will be involved in a study of collisions of several molecular species of astrophysical interest, aimed at determining the rate coefficients for inelastic collisions at low temperature, and the formation of small clusters. The tasks to be undertaken include: 1) laboratory spectroscopic measurements (by Raman spectroscopy with high time-space resolution) in supersonic jets of H2O or CO, and their mixtures with H2 and He; 2) data reduction to fluid dynamic quantities (densities, temperatures, rotational populations, flow velocities, etc); and 3) interpretation of the experimental data in terms of molecular collisions at the lowest temperature as possible. The required instrumentation (high power lasers, grating spectrograph, expansion chamber and nozzles, high vacuum pumps) is fully operative at the laboratory. The sucessful candidate must have experience in molecular spectroscopy, and will be trained according to his\/her background in Physics, Chemical-, Molecular-, or Statistical Physics, and Quantum Mechanics. Well qualified candidates are invited to apply to the contact information below, including a CV and potential references. Application deadline is February 20th. Contact and more information Prof. Salvador Montero: emsalvador at iem.cfmac.csic.es Dr. Jos\u00e9 Mar\u00eda Fern\u00e1ndez: jmfernandez at cfmac.csic.es http:\/\/www.iem.csic.es\/departamentos\/fismol\/fisica_molecular.htm<\/li>\n<\/ul>\n<hr \/>\n<p>&nbsp;<\/p>\n<ul>\n<li><strong>Job offer<\/strong>: <em><span style=\"text-decoration: underline\">ASTROMOL Postdoctoral contract in Astrophysics (Radiative Transfer and Spectropolarimetry)<\/span><\/em><\/li>\n<li><strong> Closing date<\/strong>: March 22, 2011 (APPLICATIONS CLOSED)<\/li>\n<li><strong>Job description<\/strong>: see further details in the <strong><a href=\"http:\/\/www.cab.inta-csic.es\/consolider-ingenio-ASTROMOL\/Documents\/convocatoria_contrato_postdoc_IAC.pdf\" target=\"_blank\"> application form <\/a><\/strong><\/li>\n<\/ul>\n<p>&nbsp;<\/p>\n<ul>\n<\/ul>\n<ul>\n<li><strong>Job offer<\/strong>: <em><span style=\"text-decoration: underline\">ASTROMOL Postdoctoral contract in Extragalactic Astrophysics<\/span><\/em><\/li>\n<li><strong> Closing date<\/strong>: February 2011 (APPLICATIONS CLOSED)<\/li>\n<li><strong>Job description<\/strong>: The Center for Astrobiology (CAB, CSIC-INTA) and the National Astronomical Observatory (OAN, IGN) announce the opening of the recently established Postdoctoral Program in Astrophysics in the framework of the Consolider Program &#8220;Molecular Astrophysics: The Herschel and ALMA Era (CSD2009-00038)&#8221;. The present Consolider position will be awarded to a postdoctoral scientist displaying significant promise in observational astrophysics in the area of millimeter and sub-millimeter extragalactic astronomy, currently developed at OAN and CAB. The successful applicants will work with Santiago Garcia-Burillo at OAN in collaboration with Jose Cernicharo at CAB and other members of a large international team in the context of the following research lines:<\/li>\n<li><span style=\"text-decoration: underline\">Molecular gas chemistry in starbursts and AGNs<\/span>. The extragalactic team at OAN in collaboration with CAB is leading a combined survey which aims at studying the excitation and chemistry of molecular gas in a sample of active galaxies at low and high redshift.<\/li>\n<li><span style=\"text-decoration: underline\">The Feeding of nuclear activity<\/span>: The NUclei of GAlaxies (NUGA) project. The OAN team leads the exploitation of an interferometer CO survey of 25 low luminosity AGNs to study feeding mechanisms and star formation laws with subarcsecond spatial resolution.<\/li>\n<li><span style=\"text-decoration: underline\">Study of AGN feedback in radio galaxies through millimeter line observations<\/span>.<\/li>\n<\/ul>\n<p>The postdoctoral fellow will be one of the key persons for the reduction of the different molecular data obtained with ground-based mm-wave radiotelescopes and interferometers in the framework of the different ongoing projects led by our team at OAN. These observations are part of the preparatory work for the exploitation of future facilities like NOEMA (upgraded IRAM array) and ALMA. <span style=\"text-decoration: underline\">Appointments are for 2 years starting during June-September 2011<\/span>. The gross annual pre-tax income including health insurance contributions and social security is in the range of <span style=\"text-decoration: underline\">37,000 EUR<\/span>. Additional funds are available to cover travel expenses and participation in conferences.<\/p>\n<p>The CONSOLIDER postdoc in extragalactic astronomy will have access to all astronomical facilities of ESO (including the future ALMA interferometer) and IRAM (the single-dish 30m telescope and the Plateau de Bure interferometer). CAB and OAN provide an active research environment and a wealth of opportunities to interact within ongoing or planned research projects. Applicants must have a PhD in astronomy, astrophysics, or theoretical physics. Applicants are requested to send a curriculum vitae, a list of all university courses taken and transcripts of grades obtained, brief statements of research interests and experience, and the contact information for at least two referees by email to the above address. The details of the future selection process will be communicated to the applicants after reception of the letter of interest. <span style=\"text-decoration: underline\">Included Benefits<\/span>: Health insurance contributions and social security payments are all included in the gross salary.<\/p>\n<p>Submit Resumes to:<br \/>\nAttention: Santiago Garcia-Burillo, Astronomer<br \/>\nObservatorio de Madrid (OAN), Alfonso XII, 3<br \/>\nMadrid-28014 (Spain)<br \/>\nTel: +34 915270107 Ext 335<br \/>\nFAX: +34 915271935<br \/>\nEmail Submission Address: s.gburillo@oan.es<br \/>\nEmail Inquiries: s.gburillo@oan.es<\/p>\n<p><img loading=\"lazy\" decoding=\"async\" src=\"http:\/\/auditore.cab.inta-csic.es\/consolider-ingenio-astromol\/files\/2011\/08\/logo_CSIC-e1317892600489.jpg\" alt=\"\" width=\"250\" height=\"98\" align=\"middle\" \/>\u00a0\u00a0\u00a0\u00a0<img loading=\"lazy\" decoding=\"async\" src=\"http:\/\/auditore.cab.inta-csic.es\/consolider-ingenio-astromol\/files\/2011\/08\/logo_IAC-e1317892649462.jpg\" alt=\"\" width=\"100\" height=\"97\" align=\"middle\" \/>\u00a0\u00a0\u00a0\u00a0\u00a0\u00a0<img loading=\"lazy\" decoding=\"async\" src=\"http:\/\/auditore.cab.inta-csic.es\/consolider-ingenio-astromol\/files\/2011\/08\/logo_UCM-e1317892186732.gif\" alt=\"\" width=\"146\" height=\"68\" align=\"middle\" \/>\u00a0\u00a0\u00a0\u00a0<img loading=\"lazy\" decoding=\"async\" src=\"http:\/\/auditore.cab.inta-csic.es\/consolider-ingenio-astromol\/files\/2011\/08\/logo_uclm-e1317893266782.jpg\" alt=\"\" width=\"140\" height=\"73\" align=\"middle\" \/>\u00a0\u00a0\u00a0\u00a0<img loading=\"lazy\" decoding=\"async\" src=\"http:\/\/auditore.cab.inta-csic.es\/consolider-ingenio-astromol\/files\/2011\/08\/logo_UMU-e1317892330155.jpg\" alt=\"\" width=\"160\" height=\"44\" align=\"middle\" \/>\u00a0\u00a0\u00a0\u00a0<img loading=\"lazy\" decoding=\"async\" src=\"http:\/\/auditore.cab.inta-csic.es\/consolider-ingenio-astromol\/files\/2011\/08\/logo_UPO-e1317892384867.gif\" alt=\"\" width=\"140\" height=\"56\" align=\"middle\" \/>\u00a0\u00a0\u00a0\u00a0<img loading=\"lazy\" decoding=\"async\" src=\"http:\/\/auditore.cab.inta-csic.es\/consolider-ingenio-astromol\/files\/2011\/08\/logo_UVA-e1317892423258.jpg\" alt=\"\" width=\"170\" height=\"98\" align=\"middle\" \/>\u00a0\u00a0\u00a0\u00a0<img loading=\"lazy\" decoding=\"async\" src=\"http:\/\/auditore.cab.inta-csic.es\/consolider-ingenio-astromol\/files\/2011\/08\/logo_ign-e1317892473770.png\" alt=\"\" width=\"170\" height=\"41\" align=\"middle\" \/><\/p>\n<\/div>\n<p style=\"text-align: left;vertical-align: top\"><a href=\"http:\/\/validator.w3.org\/check?uri=referer\"><img decoding=\"async\" style=\"margin: 170px 0px 0px 0px;width: 100px;height: 50px\" src=\"http:\/\/www.w3.org\/Icons\/valid-xhtml10-blue\" alt=\"Valid XHTML 1.0 Strict\" \/><\/a><br \/>\nLast updated on: <!--#echo var=\"LAST_MODIFIED\" --><\/p>\n","protected":false},"excerpt":{"rendered":"<p>En esta secci\u00f3n incluiremos todas las ofertas de trabajo disponibles en Consolider-Ingenio ASTROMOL. Dichas ofertas estar\u00e1n fundamentalmente dirigidas a doctores (especializados en Astrof\u00edsica, F\u00edsica Molecular, Qu\u00edmica F\u00edsica y campos afines) con experiencia en el \u00e1rea que se especifique y con &hellip; <a href=\"https:\/\/auditore.cab.inta-csic.es\/consolider-ingenio-astromol\/ofertas-de-trabajo-consolider-ingenio-astromol\">Continue reading <span class=\"meta-nav\">&rarr;<\/span><\/a><\/p>\n","protected":false},"author":11,"featured_media":0,"parent":0,"menu_order":5,"comment_status":"open","ping_status":"closed","template":"full-width-page.php","meta":{"_monsterinsights_skip_tracking":false,"_monsterinsights_sitenote_active":false,"_monsterinsights_sitenote_note":"","_monsterinsights_sitenote_category":0,"footnotes":""},"class_list":["post-45","page","type-page","status-publish","hentry"],"_links":{"self":[{"href":"https:\/\/auditore.cab.inta-csic.es\/consolider-ingenio-astromol\/wp-json\/wp\/v2\/pages\/45","targetHints":{"allow":["GET"]}}],"collection":[{"href":"https:\/\/auditore.cab.inta-csic.es\/consolider-ingenio-astromol\/wp-json\/wp\/v2\/pages"}],"about":[{"href":"https:\/\/auditore.cab.inta-csic.es\/consolider-ingenio-astromol\/wp-json\/wp\/v2\/types\/page"}],"author":[{"embeddable":true,"href":"https:\/\/auditore.cab.inta-csic.es\/consolider-ingenio-astromol\/wp-json\/wp\/v2\/users\/11"}],"replies":[{"embeddable":true,"href":"https:\/\/auditore.cab.inta-csic.es\/consolider-ingenio-astromol\/wp-json\/wp\/v2\/comments?post=45"}],"version-history":[{"count":36,"href":"https:\/\/auditore.cab.inta-csic.es\/consolider-ingenio-astromol\/wp-json\/wp\/v2\/pages\/45\/revisions"}],"predecessor-version":[{"id":1728,"href":"https:\/\/auditore.cab.inta-csic.es\/consolider-ingenio-astromol\/wp-json\/wp\/v2\/pages\/45\/revisions\/1728"}],"wp:attachment":[{"href":"https:\/\/auditore.cab.inta-csic.es\/consolider-ingenio-astromol\/wp-json\/wp\/v2\/media?parent=45"}],"curies":[{"name":"wp","href":"https:\/\/api.w.org\/{rel}","templated":true}]}}