{"id":67,"date":"2011-07-21T10:57:23","date_gmt":"2011-07-21T09:57:23","guid":{"rendered":"http:\/\/auditore.cab.inta-csic.es\/consolider-ingenio-astromol\/?page_id=67"},"modified":"2014-05-20T14:16:59","modified_gmt":"2014-05-20T13:16:59","slug":"equipo-investigacion-consolider-ingenio-astromol","status":"publish","type":"page","link":"https:\/\/auditore.cab.inta-csic.es\/consolider-ingenio-astromol\/organizacion-consolider-ingenio-astromol\/equipo-investigacion-consolider-ingenio-astromol","title":{"rendered":"Research Team"},"content":{"rendered":"<div align=\"justify\">\n<strong><span style=\"color:red\">Consolider Ingenio ASTROMOL<\/span><\/strong> encompasses <strong><span style=\"color:blue\">12 interdisciplinary research groups in Astrophysics, Molecular Physics and Physical Chemistry<\/span><\/strong>, settled in several public research institutions and universities. The team is made up of more than 90 senior researchers, including permanent positions and tenure-track positions (&#8220;Ram\u00f3n y Cajal&#8221; program). The distribution of researchers in the team can be looked up in the following file <strong><a href=\"http:\/\/auditore.cab.inta-csic.es\/consolider-ingenio-astromol\/organizacion-consolider-ingenio-astromol\/equipo-investigacion-consolider-ingenio-astromol\/plantilla_personal_paginaweb_2009_00038-2\" rel=\"attachment wp-att-1970\">list of ASTROMOL members<\/a><\/strong>. The participating research groups in ASTROMOL are depicted below:<\/p>\n<ul>\n<li><strong><a href=\"http:\/\/cab.inta-csic.es\/en\/lineasdeinvestigacion\/4\/medio-interestelar-y-circunestelar\" target=\"_blank\">Grupo de Astrof\u00edsica Molecular AM-CSIC (Molecular Astrophysics)<\/a><\/strong><br \/>\nDepartamento de Astrof\u00edsica, Centro de Astrobiolog\u00eda, CSIC-INTA.\n\t<\/li>\n<p>Team coordinating P.I.: <strong>Jos\u00e9 Cernicharo<\/strong><\/p>\n<li><strong><a href=\"http:\/\/www.iaa.es\/GAPT\/index.php\/es\/\" target=\"_blank\">Grupo de Atm\u00f3sferas Planetarias Terrestres GAPT-IAA (Planetary Atmospheres)<\/a><\/strong><br \/>\nInstituto de Astrof\u00edsica de Andaluc\u00eda, CSIC.\n\t<\/li>\n<p>Team P.I.: <strong>Miguel A. L\u00f3pez-Valverde<\/strong><\/p>\n<li><strong><a href=\"http:\/\/www.iem.csic.es\/departamentos\/fismol\/lineas_investigacion%20.htm\" target=\"_blank\">Grupo de F\u00edsica Molecular GFM-CSIC (Molecular Physics)<\/a><\/strong><br \/>\nInstituto de Estructura de la Materia, CSIC.\n\t<\/li>\n<p>Team P.I.: <strong>Salvador Montero<\/strong><\/p>\n<li><strong><a href=\"http:\/\/fama.iff.csic.es\/personas\/octavio\/current\/current%20research.html\" target=\"_blank\">Grupo de C\u00e1lculos <em>ab-initio<\/em> y Din\u00e1micos ABIDIN-CSIC (<em>ab-initio<\/em> and dynamical calculations)<\/a><\/strong><br \/>\nDepartamento de F\u00edsica At\u00f3mica, Molecular y Agregados del Instituto de F\u00edsica Fundamental, CSIC.\n\t<\/li>\n<p>Team P.I.: <strong>Octavio Roncero<\/strong><\/p>\n<li><strong><a href=\"http:\/\/www.iac.es\/proyecto\/magnetism\/\" target=\"_blank\"> Grupo de Transferencia de Radiaci\u00f3n y Espectropolarimetr\u00eda en Astrof\u00edsica RT-IAC (Radiative transfer and spectropolarimetry)<\/a><\/strong><br \/>\nInstituto de Astrof\u00edsica de Canarias.\n\t<\/li>\n<p>Team P.I.: <strong>Javier Trujillo<\/strong><\/p>\n<li><strong><a href=\"http:\/\/www.fomento.es\/MFOM\/LANG_CASTELLANO\/DIRECCIONES_GENERALES\/INSTITUTO_GEOGRAFICO\/Astronomia\/Investigacion\/astronomia\/astroquimica.htm\" target=\"_blank\">Grupo de Medio Interestelar y Circunestelar MIC-OAN (Interstellar and Circumstellar medium)<\/a><\/strong><br \/>\nObservatorio Astron\u00f3mico Nacional, Direcci\u00f3n General del Instituto Geogr\u00e1fico Nacional, Ministerio de Fomento.\n\t<\/li>\n<p>Team P.I.: <strong>Asunci\u00f3n Fuente<\/strong><\/p>\n<li><strong><a href=\"http:\/\/www.uclm.es\/dep\/qifi\/investigacion.asp\" target=\"_blank\">Grupo de Qu\u00edmica y Contaminaci\u00f3n Atmosf\u00e9rica QYCA-UCLM (Chemistry and Atmospheric Pollution)<\/a><\/strong><br \/>\nDepartamento de Qu\u00edmica F\u00edsica, Facultad de Qu\u00edmicas, Universidad de Castilla La Mancha.\n\t<\/li>\n<p>Team P.I.: <strong>Beatriz Caba\u00f1as<\/strong><\/p>\n<li><strong><a href=\"http:\/\/www.ucm.es\/info\/dinalaser\/index.html\" target=\"_blank\">Laboratorio de Din\u00e1mica de Reacciones Qu\u00edmicas y Espectroscop\u00eda Multifot\u00f3nica DINQUIM-UCM (Dynamics of chemical reactions and multi-photon spectroscopy)<\/a><\/strong><br \/>\nDepartamento de Qu\u00edmica F\u00edsica I, Facultad de Qu\u00edmica de la Universidad Complutense de Madrid.\n\t<\/li>\n<p>Team P.I.: <strong>Javier Aoiz<\/strong><\/p>\n<li><strong><a href=\"http:\/\/www.ucm.es\/info\/ip\/ulhm.htm\" target=\"_blank\">Grupo de L\u00e1seres y Haces Moleculares LHM-UCM (Lasers and Molecular beams)<\/a><\/strong><br \/>\nInstituto Pluridisciplinar, Universidad Complutense de Madrid.\n\t<\/li>\n<p>Team P.I.: <strong>\u00c1ngel Gonz\u00e1lez-Ure\u00f1a<\/strong><\/p>\n<li><strong><a href=\"https:\/\/curie.um.es\/curie\/catalogo-grupo-investigacion.du?cods=E045*03\" target=\"_blank\">Grupo de L\u00e1seres, Espectroscop\u00eda Molecular y Qu\u00edmica Cu\u00e1ntica LEMQC-UMU (Lasers, Molecular Spectroscopy and Quantum Chemistry)<\/a><\/strong><br \/>\nDepartamento de Qu\u00edmica F\u00edsica, Universidad de Murcia.\n\t<\/li>\n<p>Team P.I.: <strong>Alberto Requena<\/strong><\/p>\n<li><strong><a href=\"http:\/\/www.upo.es\/depa\/webdex\/quimfis\/bruno\/bmhesp.htm\" target=\"_blank\">Grupo de Espectroscop\u00eda L\u00e1ser y Espectrometr\u00eda de Masas IONTRAP-UPO (Laser spectroscopy and Mass-Spectrometry)<\/a><\/strong><br \/>\nDepartamento de Sistemas F\u00edsicos, Qu\u00edmicos y Naturales, Universidad Pablo de Olavide.\n\t<\/li>\n<p>Team P.I.: <strong>Bruno Mart\u00ednez-Haya<\/strong><\/p>\n<li><strong><a href=\"http:\/\/www.gem.uva.es\/\" target=\"_blank\">Grupo de Espectroscop\u00eda Molecular GEM-UVA &#8212; Molecular Spectroscopy (desde el 21\/12\/2011, Unidad Asociada de I+D al CSIC a trav\u00e9s del Centro de Astrobiolog\u00eda)<\/a><\/strong><br \/>\nDepartamento de Qu\u00edmica F\u00edsica e Inorg\u00e1nica, Facultad de Ciencias, Universidad de Valladolid.\n\t<\/li>\n<p>Team P.I. and deputy coordinator: <strong>Jos\u00e9 L. Alonso<\/strong><\/p>\n<\/ul>\n<\/div>\n","protected":false},"excerpt":{"rendered":"<p>Consolider Ingenio ASTROMOL encompasses 12 interdisciplinary research groups in Astrophysics, Molecular Physics and Physical Chemistry, settled in several public research institutions and universities. The team is made up of more than 90 senior researchers, including permanent positions and tenure-track positions &hellip; <a href=\"https:\/\/auditore.cab.inta-csic.es\/consolider-ingenio-astromol\/organizacion-consolider-ingenio-astromol\/equipo-investigacion-consolider-ingenio-astromol\">Continue reading <span class=\"meta-nav\">&rarr;<\/span><\/a><\/p>\n","protected":false},"author":11,"featured_media":0,"parent":10,"menu_order":0,"comment_status":"open","ping_status":"closed","template":"full-width-page.php","meta":{"_monsterinsights_skip_tracking":false,"_monsterinsights_sitenote_active":false,"_monsterinsights_sitenote_note":"","_monsterinsights_sitenote_category":0,"footnotes":""},"class_list":["post-67","page","type-page","status-publish","hentry"],"_links":{"self":[{"href":"https:\/\/auditore.cab.inta-csic.es\/consolider-ingenio-astromol\/wp-json\/wp\/v2\/pages\/67","targetHints":{"allow":["GET"]}}],"collection":[{"href":"https:\/\/auditore.cab.inta-csic.es\/consolider-ingenio-astromol\/wp-json\/wp\/v2\/pages"}],"about":[{"href":"https:\/\/auditore.cab.inta-csic.es\/consolider-ingenio-astromol\/wp-json\/wp\/v2\/types\/page"}],"author":[{"embeddable":true,"href":"https:\/\/auditore.cab.inta-csic.es\/consolider-ingenio-astromol\/wp-json\/wp\/v2\/users\/11"}],"replies":[{"embeddable":true,"href":"https:\/\/auditore.cab.inta-csic.es\/consolider-ingenio-astromol\/wp-json\/wp\/v2\/comments?post=67"}],"version-history":[{"count":29,"href":"https:\/\/auditore.cab.inta-csic.es\/consolider-ingenio-astromol\/wp-json\/wp\/v2\/pages\/67\/revisions"}],"predecessor-version":[{"id":1974,"href":"https:\/\/auditore.cab.inta-csic.es\/consolider-ingenio-astromol\/wp-json\/wp\/v2\/pages\/67\/revisions\/1974"}],"up":[{"embeddable":true,"href":"https:\/\/auditore.cab.inta-csic.es\/consolider-ingenio-astromol\/wp-json\/wp\/v2\/pages\/10"}],"wp:attachment":[{"href":"https:\/\/auditore.cab.inta-csic.es\/consolider-ingenio-astromol\/wp-json\/wp\/v2\/media?parent=67"}],"curies":[{"name":"wp","href":"https:\/\/api.w.org\/{rel}","templated":true}]}}