{"id":75,"date":"2011-07-21T11:12:20","date_gmt":"2011-07-21T10:12:20","guid":{"rendered":"http:\/\/auditore.cab.inta-csic.es\/consolider-ingenio-astromol\/?page_id=75"},"modified":"2012-02-22T13:20:44","modified_gmt":"2012-02-22T12:20:44","slug":"gestion-consolider-ingenio-astromol","status":"publish","type":"page","link":"https:\/\/auditore.cab.inta-csic.es\/consolider-ingenio-astromol\/organizacion-consolider-ingenio-astromol\/gestion-consolider-ingenio-astromol","title":{"rendered":"Management"},"content":{"rendered":"<div align=\"justify\">\nLa toma de decisiones y el funcionamiento interno del equipo se estructuran en torno a tres \u00f3rganos: el Comit\u00e9 de Gesti\u00f3n, el Comit\u00e9 Ejecutivo y el Comit\u00e9 de Estrategia Cient\u00edfica.<\/p>\n<ul>\n<li><strong><span style=\"text-decoration: underline\">Comit\u00e9 de Gesti\u00f3n<\/span><\/strong>\u00a0\u00a0 Est\u00e1 integrado por los siguientes miembros:\n<ul>\n<li>Investigador Coordinador: Jos\u00e9 Cernicharo Quintanilla (CSIC)\n\t<\/li>\n<li>Investigador Vice-coordinador: Jos\u00e9 Luis Alonso Hern\u00e1ndez (UVA)\n\t<\/li>\n<li>Gestor cient\u00edfico-t\u00e9cnico: Marcelo Castellanos Beltr\u00e1n (CSIC)\n<\/li>\n<\/ul>\n<p><\/p>\n<p>Asume las siguientes atribuciones:<\/p>\n<ul>\n<li>Dise\u00f1o peri\u00f3dico de la distribuci\u00f3n de las asignaciones presupuestarias a los grupos integrantes del Equipo, seg\u00fan las l\u00edneas generales de actuaci\u00f3n que apruebe el Comit\u00e9 Ejecutivo.<\/li>\n<li>Revisi\u00f3n, estudio de viabilidad y supervisi\u00f3n de todos los objetivos cient\u00edfico-t\u00e9cnicos del Programa.<\/li>\n<li>Supervisi\u00f3n y control de los aspectos relacionados con la contrataci\u00f3n de personal, bienes y equipos.<\/li>\n<\/ul>\n<\/li>\n<p><\/p>\n<li><strong><span style=\"text-decoration: underline\">Comit\u00e9 Ejecutivo<\/span><\/strong>\u00a0\u00a0\u00a0 El Comit\u00e9 Ejecutivo est\u00e1 formado por los investigadores principales de los grupos integrantes del Equipo. Sus atribuciones son las siguientes:<br \/>\n<\/p>\n<ul>\n<li>Validaci\u00f3n de las propuestas cient\u00edfico-t\u00e9cnicos del Programa, presentadas a trav\u00e9s del Comit\u00e9 de Gesti\u00f3n.<\/li>\n<li>Asesoramiento y apoyo al Investigador Coordinador en todas las facetas cient\u00edfico-t\u00e9cnicas del Programa.<\/li>\n<\/ul>\n<\/li>\n<p><\/p>\n<li><strong><span style=\"text-decoration: underline\">Comit\u00e9 de Estrategia Cient\u00edfica<\/span><\/strong>\u00a0\u00a0 Est\u00e1 integrado por los siguientes miembros:\n<ul>\n<li>Jos\u00e9 Cernicharo Quintanilla (Coordinador del equipo, CSIC)\n\t<\/li>\n<li>Jos\u00e9 Luis Alonso Hern\u00e1ndez (Vice-coordinador, UVA)\n\t<\/li>\n<li>Asunci\u00f3n Fuente Juan (OAN)\n\t<\/li>\n<li>\u00c1ngel Gonz\u00e1lez Ure\u00f1a (UCM)\n\t<\/li>\n<li>Salvador Montero Mart\u00edn (CSIC)\n\t<\/li>\n<li>Javier Trujillo Bueno (IAC)\n<\/li>\n<\/ul>\n<p><\/p>\n<p>Asume las siguientes atribuciones:<\/p>\n<ul>\n<li>Recabar las necesidades cient\u00edfico-t\u00e9cnicas propuestas por los investigadores del Equipo y elevar dichas propuestas al Comit\u00e9 de Gesti\u00f3n.<\/li>\n<\/ul>\n<\/li>\n<\/ul>\n<\/div>\n","protected":false},"excerpt":{"rendered":"<p>La toma de decisiones y el funcionamiento interno del equipo se estructuran en torno a tres \u00f3rganos: el Comit\u00e9 de Gesti\u00f3n, el Comit\u00e9 Ejecutivo y el Comit\u00e9 de Estrategia Cient\u00edfica. Comit\u00e9 de Gesti\u00f3n\u00a0\u00a0 Est\u00e1 integrado por los siguientes miembros: Investigador &hellip; <a href=\"https:\/\/auditore.cab.inta-csic.es\/consolider-ingenio-astromol\/organizacion-consolider-ingenio-astromol\/gestion-consolider-ingenio-astromol\">Continue reading <span class=\"meta-nav\">&rarr;<\/span><\/a><\/p>\n","protected":false},"author":11,"featured_media":0,"parent":10,"menu_order":1,"comment_status":"open","ping_status":"closed","template":"full-width-page.php","meta":{"_monsterinsights_skip_tracking":false,"_monsterinsights_sitenote_active":false,"_monsterinsights_sitenote_note":"","_monsterinsights_sitenote_category":0,"footnotes":""},"class_list":["post-75","page","type-page","status-publish","hentry"],"_links":{"self":[{"href":"https:\/\/auditore.cab.inta-csic.es\/consolider-ingenio-astromol\/wp-json\/wp\/v2\/pages\/75","targetHints":{"allow":["GET"]}}],"collection":[{"href":"https:\/\/auditore.cab.inta-csic.es\/consolider-ingenio-astromol\/wp-json\/wp\/v2\/pages"}],"about":[{"href":"https:\/\/auditore.cab.inta-csic.es\/consolider-ingenio-astromol\/wp-json\/wp\/v2\/types\/page"}],"author":[{"embeddable":true,"href":"https:\/\/auditore.cab.inta-csic.es\/consolider-ingenio-astromol\/wp-json\/wp\/v2\/users\/11"}],"replies":[{"embeddable":true,"href":"https:\/\/auditore.cab.inta-csic.es\/consolider-ingenio-astromol\/wp-json\/wp\/v2\/comments?post=75"}],"version-history":[{"count":16,"href":"https:\/\/auditore.cab.inta-csic.es\/consolider-ingenio-astromol\/wp-json\/wp\/v2\/pages\/75\/revisions"}],"predecessor-version":[{"id":1046,"href":"https:\/\/auditore.cab.inta-csic.es\/consolider-ingenio-astromol\/wp-json\/wp\/v2\/pages\/75\/revisions\/1046"}],"up":[{"embeddable":true,"href":"https:\/\/auditore.cab.inta-csic.es\/consolider-ingenio-astromol\/wp-json\/wp\/v2\/pages\/10"}],"wp:attachment":[{"href":"https:\/\/auditore.cab.inta-csic.es\/consolider-ingenio-astromol\/wp-json\/wp\/v2\/media?parent=75"}],"curies":[{"name":"wp","href":"https:\/\/api.w.org\/{rel}","templated":true}]}}