{"id":92,"date":"2021-02-17T08:42:17","date_gmt":"2021-02-17T08:42:17","guid":{"rendered":"http:\/\/auditore.cab.inta-csic.es\/europlanet\/?page_id=92"},"modified":"2021-02-17T08:42:17","modified_gmt":"2021-02-17T08:42:17","slug":"felipe-gomez-short-cv","status":"publish","type":"page","link":"https:\/\/auditore.cab.inta-csic.es\/europlanet\/felipe-gomez-short-cv\/","title":{"rendered":"Felipe G\u00f3mez short CV"},"content":{"rendered":"\n<p>El Dr. Felipe G\u00f3mez es cient\u00edfico senior del CAB. Su labor investigadora se centra en el estudio de entornos extremos, l\u00edmites de vida y, por extrapolaci\u00f3n, desarrollo del potencial de habitabilidad en entornos adversos. Participa en misiones espaciales de exploraci\u00f3n de Marte para buscar rastros de vida y estudiar el potencial de habitabilidad del planeta rojo. Actualmente forma parte del equipo cient\u00edfico (Co-Investigador) del instrumento Rover Environmental Monitoring Station (REMS) a bordo del rover Curiosity-MSL de la NASA que est\u00e1 estudiando la superficie de Marte en este momento. El Dr. Felipe G\u00f3mez es Co-I del instrumento MEDA que est\u00e1 a bordo de la misi\u00f3n Mars2020 de la NASA a Marte.<\/p>\n\n\n\n<p><strong>Some References:<\/strong><\/p>\n\n\n\n<p>R S Thombre,&nbsp;<strong>F. Gomez<\/strong>, R. Parkhe, K. Kaur, P. Vaishampayan, E. Shivakarthik, B. Sivaraman, R. Perumal, N. Mason. Effect of impact shock on extremophilic Halomonas gomseoemensis EP-3 isolated from hypersaline sulphated lake Laguna de Pe\u00f1a Hueca, Spain. Planetary and Space Science 2020, 192, 105041, ISSN 0032-0633, doi.org\/10.1016\/j.pss.<strong>2020<\/strong>.105041.<\/p>\n\n\n\n<p>Wong, G. M.; Lewis, J. M. T.; Knudson, C. A.; Millan, M.; McAdam, A. C.; Eigenbrode, J. L.; Andrejkovi\u010dov\u00e1, S.;&nbsp;<strong>G\u00f3mez, F.<\/strong>; Navarro-Gonz\u00e1lez, R.; House, C. H., Detection of Reduced Sulfur on Vera Rubin Ridge by Quadratic Discriminant Analysis of Volatiles Observed During Evolved Gas Analysis. Journal of Geophysical Research: Planets&nbsp;<strong>2020<\/strong>, 125, (8).<\/p>\n\n\n\n<p>Stack, K. M.; Williams, N. R.; Calef, F.; Sun, V. Z.; Williford, K. H.; Farley, K. A.; Eide, S.; Flannery, D.; Hughes, C.; Jacob, S. R.; Kah, L. C.; Meyen, F.; Molina, A.; Nataf, C. Q.; Rice, M.; Russell, P.; Scheller, E.; Seeger, C. H.; Abbey, W. J.; Adler, J. B.; Amundsen, H.; Anderson, R. B.; Angel, S. M.; Arana, G.; Atkins, J.; Barrington, M.; Berger, T.; Borden, R.; Boring, B.; Brown, A.; Carrier, B. L.; Conrad, P.; Dypvik, H.; Fagents, S. A.; Gallegos, Z. E.; Garczynski, B.; Golder, K.;&nbsp;<strong>Gomez, F.<\/strong>; Goreva, Y.; Gupta, S.; Hamran, S. E.; Hicks, T.; Hinterman, E. D.; Horgan, B. N.; Hurowitz, J.; Johnson, J. R.; Lasue, J.; Kronyak, R. E.; Liu, Y.; Madariaga, J. M.; Mangold, N.; McClean, J.; Miklusicak, N.; Nunes, D.; Rojas, C.; Runyon, K.; Schmitz, N.; Scudder, N.; Shaver, E.; SooHoo, J.; Spaulding, R.; Stanish, E.; Tamppari, L. K.; Tice, M. M.; Turenne, N.; Willis, P. A.; Aileen Yingst, R., Photogeologic Map of the Perseverance Rover Field Site in Jezero Crater Constructed by the Mars 2020 Science Team. Space Science Reviews&nbsp;<strong>2020<\/strong>, 216, (8).<\/p>\n\n\n\n<p>Pla-Garc\u00eda, J.; Rafkin, S. C. R.; Martinez, G. M.; Vicente-Retortillo, \u00c1.; Newman, C. E.; Savij\u00e4rvi, H.; de la Torre, M.; Rodriguez-Manfredi, J. A.;&nbsp;<strong>G\u00f3mez, F.<\/strong>; Molina, A.; Vi\u00fadez-Moreiras, D.; Harri, A. M., Meteorological Predictions for Mars 2020 Perseverance Rover Landing Site at Jezero Crater. Space Science Reviews&nbsp;<strong>2020<\/strong>, 216, (8).<\/p>\n\n\n\n<p><strong>G\u00f3mez, F.<\/strong>; Cavalazzi, B.; Rodr\u00edguez, N.; Amils, R.; Ori, G. G.; Olsson-Francis, K.; Escudero, C.; Mart\u00ednez, J. M.; Miruts, H., Erratum: Author Correction: Ultra-small microorganisms in the polyextreme conditions of the Dallol volcano, Northern Afar, Ethiopia (Scientific reports (<strong>2019<\/strong>) 9 1 (7907)). Scientific reports 2020, 10, (1), 3873.<\/p>\n\n\n\n<p>Escudero, C.; del Campo, A.; Ares, J. R.; S\u00e1nchez, C.; Mart\u00ednez, J. M.;&nbsp;<strong>G\u00f3mez, F.<\/strong>; Amils, R., Visualizing Microorganism-Mineral Interaction in the Iberian Pyrite Belt Subsurface: The Acidovorax Case. Frontiers in Microbiology&nbsp;<strong>2020<\/strong>, 11.<\/p>\n\n\n\n<p>Beblo-Vranesevic, K.; Bohmeier, M.; Schleumer, S.; Rabbow, E.; Perras, A. K.; Moissl-Eichinger, C.; Schwendner, P.; Cockell, C. S.; Vannier, P.; Marteinsson, V. T.; Monaghan, E. P.; Riedo, A.; Ehrenfreund, P.; Garcia-Descalzo, L.;&nbsp;<strong>G\u00f3mez, F.<\/strong>; Malki, M.; Amils, R.; Gaboyer, F.; Hickman-Lewis, K.; Westall, F.; Cabezas, P.; Walter, N.; Rettberg, P., Impact of simulated martian conditions on (Facultatively) anaerobic bacterial strains from different mars analogue sites. Current Issues in Molecular Biology&nbsp;<strong>2020<\/strong>, 38, 103-122.<\/p>\n\n\n\n<p><strong>G\u00f3mez, F<\/strong>.; Cavalazzi, B.; Rodr\u00edguez, N.; Amils, R.; Ori, G. G.; Olsson-Francis, K.; Escudero, C.; Mart\u00ednez, J. M.; Miruts, H., Ultra-small microorganisms in the polyextreme conditions of the Dallol volcano, Northern Afar, Ethiopia. Scientific Reports&nbsp;<strong>2019<\/strong>, 9, (1).<\/p>\n\n\n\n<p>Garc\u00eda-Descalzo, L.; Parro, V.; Garc\u00eda-Villadangos, M.; Cockell, C. S.; Moissl-Eichinger, C.; Perras, A.; Rettberg, P.; Beblo-Vranesevic, K.; Bohmeier, M.; Rabbow, E.; Westall, F.; Gaboyer, F.; Amils, R.; Malki, M.; Marteinsson, V.; Vannier, P.; Ehrenfreund, P.; Monaghan, E.; Riedo, A.; Cabezas, P.; Walter, N.;&nbsp;<strong>G\u00f3mez, F. G.<\/strong>, Microbial markers profile in anaerobic mars analogue environments using the ldchip (Life detector chip) antibody microarray core of the solid (signs of life detector) platform. Microorganisms&nbsp;<strong>2019<\/strong>, 7, (9).<\/p>\n\n\n\n<p>Cavalazzi, B.; Barbieri, R.;&nbsp;<strong>G\u00f3mez, F.<\/strong>; Capaccioni, B.; Olsson-Francis, K.; Pondrelli, M.; Rossi, A. P.; Hickman-Lewis, K.; Agangi, A.; Gasparotto, G.; Glamoclija, M.; Ori, G. G.; Rodriguez, N.; Hagos, M., The Dallol Geothermal Area, Northern Afar (Ethiopia) &#8211; An Exceptional Planetary Field Analog on Earth. Astrobiology&nbsp;<strong>2019<\/strong>, 19, (4), 553-578.<\/p>\n\n\n\n<p>Carrizo, D.; S\u00e1nchez-Garc\u00eda, L.; Rodriguez, N.;&nbsp;<strong>G\u00f3mez, F.<\/strong>, Lipid Biomarker and Carbon Stable Isotope Survey on the Dallol Hydrothermal System in Ethiopia. Astrobiology&nbsp;<strong>2019<\/strong>, 19, (12), 1474-1489.<\/p>\n\n\n\n<p>Beblo-Vranesevic, K.; Bohmeier, M.; Perras, A. K.; Schwendner, P.; Rabbow, E.; Moissl-Eichinger, C.; Cockell, C. S.; Vannier, P.; Marteinsson, V. T.; Monaghan, E. P.; Ehrenfreund, P.; Garcia-Descalzo, L.;&nbsp;<strong>G\u00f3mez, F.<\/strong>; Malki, M.; Amils, R.; Gaboyer, F.; Westall, F.; Cabezas, P.; Walter, N.; Rettberg, P., Lack of correlation of desiccation and radiation tolerance in microorganisms from diverse extreme environments tested under anoxic conditions. FEMS Microbiology Letters&nbsp;<strong>2018<\/strong>, 365, (6).<\/p>\n\n\n\n<p>Cockell, C. S.; Schwendner, P.; Perras, A.; Rettberg, P.; Beblo-Vranesevic, K.; Bohmeier, M.; Rabbow, E.; Moissl-Eichinger, C.; Wink, L.; Marteinsson, V.; Vannier, P.;&nbsp;<strong>Gomez, F.<\/strong>; Garcia-Descalzo, L.; Ehrenfreund, P.; Monaghan, E. P.; Westall, F.; Gaboyer, F.; Amils, R.; Malki, M.; Pukall, R.; Cabezas, P.; Walter, N., Anaerobic microorganisms in astrobiological analogue environments: From field site to culture collection. International Journal of Astrobiology&nbsp;<strong>2018<\/strong>, 17, (4), 314-328.<\/p>\n\n\n\n<p>Schwendner, P.; Bohmeier, M.; Rettberg, P.; Beblo-Vranesevic, K.; Gaboyer, F.; Moissl-Eichinger, C.; Perras, A. K.; Vannier, P.; Marteinsson, V. T.; Garcia-Descalzo, L.;&nbsp;<strong>G\u00f3mez, F.<\/strong>; Malki, M.; Amils, R.; Westall, F.; Riedo, A.; Monaghan, E. P.; Ehrenfreund, P.; Cabezas, P.; Walter, N.; Cockell, C., Beyond chloride brines: Variable metabolomic responses in the anaerobic organism Yersinia intermedia MASE-LG-1 to NaCl and MgSO&lt;inf&gt;4&lt;\/inf&gt; at identical water activity. Frontiers in Microbiology&nbsp;<strong>2018<\/strong>, 9, (FEB).<\/p>\n\n\n\n<p>Beblo-Vranesevic, K.; Bohmeier, M.; Perras, A. K.; Schwendner, P.; Rabbow, E.; Moissl-Eichinger, C.; Cockell, C. S.; Pukall, R.; Vannier, P.; Marteinsson, V. T.; Monaghan, E. P.; Ehrenfreund, P.; Garcia-Descalzo, L.;&nbsp;<strong>G\u00f3mez, F.<\/strong>; Malki, M.; Amils, R.; Gaboyer, F.; Westall, F.; Cabezas, P.; Walter, N.; Rettberg, P., The responses of an anaerobic microorganism, Yersinia intermedia MASE-LG-1 to individual and combined simulated Martian stresses. PLoS ONE&nbsp;<strong>2017<\/strong>, 12, (10).<\/p>\n\n\n\n<p>Gaboyer, F.; Le Milbeau, C.; Bohmeier, M.; Schwendner, P.; Vannier, P.; Beblo-Vranesevic, K.; Rabbow, E.; Foucher, F.; Gautret, P.; Gu\u00e9gan, R.; Richard, A.; Sauldubois, A.; Richmann, P.; Perras, A. K.; Moissl-Eichinger, C.; Cockell, C. S.; Rettberg, P.; Marteinsson; Monaghan, E.; Ehrenfreund, P.; Garcia-Descalzo, L.;&nbsp;<strong>Gomez, F.<\/strong>; Malki, M.; Amils, R.; Cabezas, P.; Walter, N.; Westall, F., Mineralization and Preservation of an extremotolerant Bacterium Isolated from an Early Mars Analog Environment. Scientific Reports&nbsp;<strong>2017<\/strong>, 7, (1).<\/p>\n\n\n\n<p>Molina, A.; L\u00f3pez, I.; Prieto-Ballesteros, O.; Fern\u00e1ndez-Remolar, D.; de Pablo, M. \u00c1.;&nbsp;<strong>G\u00f3mez, F.<\/strong>, Coogoon Valles, western Arabia Terra: Hydrological evolution of a complex Martian channel system. Icarus&nbsp;<strong>2017<\/strong>, 293, 27-44.<\/p>\n\n\n\n<p>Tighe, S.; Afshinnekoo, E.; Rock, T. M.; McGrath, K.; Alexander, N.; McIntyre, A.; Ahsanuddins, S.; Bezdan, D.; Green, S. J.; Joye, S.; Johnson, S. S.; Baldwin, D. A.; Bivens, N.; Ajami, N.; Carmical, J. R.; Herriott, I. C.; Colwell, R.; Donia, M.; Foox, J.; Greenfield, N.; Hunter, T.; Hoffman, J.; Hyman, J.; Jorgensen, E.; Krawczyk, D.; Lee, J.; Levy, S.; Garcia-Reyero, N.; Settles, M.; Thomas, K.;&nbsp;<strong>G\u00f3mez, F.<\/strong>; Schriml, L.; Kyrpides, N.; Zaikova, E.; Penterman, J.; Mason, C. E., Genomic methods and microbiological technologies for profiling novel and extreme environments for the extreme microbiome project (XMP). Journal of Biomolecular Techniques&nbsp;<strong>2017<\/strong>, 28, (1), 31-39.<\/p>\n\n\n\n<p>Horneck, G.; Walter, N.;&nbsp;<strong>Gomez, F.<\/strong>; Muller, C.; Leuko, S.; Palomba, E.; Capria, M. T.; Rettberg, P. In The European astrobiology roadmap &#8211; AstRoMap, Proceedings of the International Astronautical Congress, IAC, 2016;&nbsp;<strong>2016<\/strong>.<\/p>\n\n\n\n<p>Horneck, G.; Walter, N.; Westall, F.; Grenfell, J. L.; Martin, W. F.;&nbsp;<strong>Gomez, F.<\/strong>; Leuko, S.; Lee, N.; Onofri, S.; Tsiganis, K.; Saladino, R.; Pilat-Lohinger, E.; Palomba, E.; Harrison, J.; Rull, F.; Muller, C.; Strazzulla, G.; Brucato, J. R.; Rettberg, P.; Capria, M. T., AstRoMap European Astrobiology Roadmap. Astrobiology&nbsp;<strong>2016<\/strong>, 16, (3), 201-243.<\/p>\n\n\n\n<p>Mart\u00ednez, G. M.; Fischer, E.; Renn\u00f3, N. O.; Sebasti\u00e1n, E.; Kemppinen, O.; Bridges, N.; Borlina, C. S.; Meslin, P. Y.; Genzer, M.; Harri, A. H.; Vicente-Retortillo, A.; Ramos, M.; de la Torre Ju\u00e1rez, M.;&nbsp;<strong>G\u00f3mez, F.<\/strong>; G\u00f3mez-Elvira, J., Likely frost events at Gale crater: Analysis from MSL\/REMS measurements. Icarus&nbsp;<strong>2016<\/strong>, 280, 93-102.<\/p>\n\n\n\n<p>Rettberg, P.; Cockell, C. S.; Beblo-Vranesevic, K.; Bohmeier, M.; Rabbow, E.; Schwendner, P.; Westall, F.; Gaboyer, F.; Walter, N.; Moissl-Eichinger, C.; Perras, A.;&nbsp;<strong>Gomez, F.<\/strong>; Amils, R.; Garcia, L.; Ehrenfreund, P.; Monaghan, E.; Marteinsson, V.; Vannier, P.; Kasma, M.; Cabezas, P.; Pukall, R. In Mars analogues for space exploration, Proceedings of the International Astronautical Congress, IAC, 2016;&nbsp;<strong>2016<\/strong>.<\/p>\n\n\n\n<p>Horneck, G.; Rettberg, P.; Walter, N.;&nbsp;<strong>Gomez, F<\/strong>., European landscape in astrobiology, results of the AstRoMap consultation. Acta Astronautica&nbsp;<strong>2015<\/strong>, 110, 145-154.<\/p>\n\n\n\n<p><strong>Projects:<\/strong><\/p>\n\n\n\n<p>Project: Research Infrastructure Project \u2013 EPN \u2013 RI \u2013 2014 Partners: CAB-INTA\/OU\/ DLR \/ ESF 1 Feb2020 &#8211; 31-Ene-2024 Budget: 10 000 000 \u20ac<\/p>\n\n\n\n<p>Project: Research Infrastructure Project \u2013 EPN \u2013 RI &#8211; Europlanet 2020 Ref. 654208 INFRAIA-1-2014\/2015 Partners: CAB-INTA\/OU\/ DLR \/ ESF 1 Sept 2015 &#8211; 31-Ago-2019 Budget: 10 000 000 \u20ac<\/p>\n\n\n\n<p>Project: Mars Analogues for Space Exporation (MASE) Ref. 607297 FP7-Space-2013-1<\/p>\n\n\n\n<p>Partners:CAB-INTA\/DLR\/ESF\/EUDIN\/UAM\/MATIS\/Universidad Leiden\/UREG\/CNRS\/NERC 1Ene2014 &#8211; 31Dic-<\/p>\n\n\n\n<p>2017 Budget: 2 499 903 \u20ac Coordinador: ESF<\/p>\n\n\n\n<p><strong>Colaborations:<\/strong><\/p>\n\n\n\n<p>NASA &#8211; Mars exploration space missions. Dr. Felipe Gomez is currently part of the scientific team of the Rover Environmental Monitoring Station (REMS) instrument aboard the NASA Curiosity-MSL rover that is studying the surface of Mars and of MEDA instrument that will be onboard Mars2020 NASA mission to Mars.<\/p>\n\n\n\n<p>REPSOL &#8211; A collaboration has been initiated with the Spanish oil company Repsol to study the degradation of recalcitrant products.<\/p>\n","protected":false},"excerpt":{"rendered":"<p>El Dr. Felipe G\u00f3mez es cient\u00edfico senior del CAB. Su labor investigadora se centra en el estudio de entornos extremos, l\u00edmites de vida y, por extrapolaci\u00f3n, desarrollo del potencial de habitabilidad en entornos adversos. Participa en misiones espaciales de exploraci\u00f3n &hellip; <a href=\"https:\/\/auditore.cab.inta-csic.es\/europlanet\/felipe-gomez-short-cv\/\">Sigue leyendo <span class=\"meta-nav\">&rarr;<\/span><\/a><\/p>\n","protected":false},"author":63,"featured_media":0,"parent":0,"menu_order":0,"comment_status":"closed","ping_status":"closed","template":"","meta":{"footnotes":""},"class_list":["post-92","page","type-page","status-publish","hentry"],"_links":{"self":[{"href":"https:\/\/auditore.cab.inta-csic.es\/europlanet\/wp-json\/wp\/v2\/pages\/92","targetHints":{"allow":["GET"]}}],"collection":[{"href":"https:\/\/auditore.cab.inta-csic.es\/europlanet\/wp-json\/wp\/v2\/pages"}],"about":[{"href":"https:\/\/auditore.cab.inta-csic.es\/europlanet\/wp-json\/wp\/v2\/types\/page"}],"author":[{"embeddable":true,"href":"https:\/\/auditore.cab.inta-csic.es\/europlanet\/wp-json\/wp\/v2\/users\/63"}],"replies":[{"embeddable":true,"href":"https:\/\/auditore.cab.inta-csic.es\/europlanet\/wp-json\/wp\/v2\/comments?post=92"}],"version-history":[{"count":2,"href":"https:\/\/auditore.cab.inta-csic.es\/europlanet\/wp-json\/wp\/v2\/pages\/92\/revisions"}],"predecessor-version":[{"id":94,"href":"https:\/\/auditore.cab.inta-csic.es\/europlanet\/wp-json\/wp\/v2\/pages\/92\/revisions\/94"}],"wp:attachment":[{"href":"https:\/\/auditore.cab.inta-csic.es\/europlanet\/wp-json\/wp\/v2\/media?parent=92"}],"curies":[{"name":"wp","href":"https:\/\/api.w.org\/{rel}","templated":true}]}}