{"id":864,"date":"2023-12-12T13:06:17","date_gmt":"2023-12-12T12:06:17","guid":{"rendered":"https:\/\/auditore.cab.inta-csic.es\/galaxias\/?page_id=864"},"modified":"2023-12-12T13:06:17","modified_gmt":"2023-12-12T12:06:17","slug":"dr-irene-shivaei","status":"publish","type":"page","link":"https:\/\/auditore.cab.inta-csic.es\/galaxias\/dr-irene-shivaei\/","title":{"rendered":"Dr. Irene Shivaei"},"content":{"rendered":"\n<p><strong>Email:<\/strong>\u00a0 \u00a0 ishivaei\u00a0(+@cab.inta-csic.es)<br><strong>Phone:<\/strong>\u00a0 \u00a0<\/p>\n\n\n\n<p><strong>Address<\/strong><br>Centro de Astrobiolog\u00eda (CSIC\/INTA)<br>Instituto Nacional de T\u00e9cnica Aeroespacial<br>Ctra de Torrej\u00f3n a Ajalvir, km 4<br>28850 Torrej\u00f3n de Ardoz, Madrid Spain<\/p>\n\n\n\n<p><a href=\"http:\/\/www.ireneshivaei.com\/\">Personal homepage<\/a><\/p>\n","protected":false},"excerpt":{"rendered":"<p>Email:\u00a0 \u00a0 ishivaei\u00a0(+@cab.inta-csic.es)Phone:\u00a0 \u00a0 AddressCentro de Astrobiolog\u00eda (CSIC\/INTA)Instituto Nacional de T\u00e9cnica AeroespacialCtra de Torrej\u00f3n a Ajalvir, km 428850 Torrej\u00f3n de Ardoz, Madrid Spain Personal homepage<\/p>\n","protected":false},"author":73,"featured_media":0,"parent":0,"menu_order":0,"comment_status":"closed","ping_status":"closed","template":"","meta":{"footnotes":""},"class_list":["post-864","page","type-page","status-publish","hentry"],"_links":{"self":[{"href":"https:\/\/auditore.cab.inta-csic.es\/galaxias\/wp-json\/wp\/v2\/pages\/864","targetHints":{"allow":["GET"]}}],"collection":[{"href":"https:\/\/auditore.cab.inta-csic.es\/galaxias\/wp-json\/wp\/v2\/pages"}],"about":[{"href":"https:\/\/auditore.cab.inta-csic.es\/galaxias\/wp-json\/wp\/v2\/types\/page"}],"author":[{"embeddable":true,"href":"https:\/\/auditore.cab.inta-csic.es\/galaxias\/wp-json\/wp\/v2\/users\/73"}],"replies":[{"embeddable":true,"href":"https:\/\/auditore.cab.inta-csic.es\/galaxias\/wp-json\/wp\/v2\/comments?post=864"}],"version-history":[{"count":1,"href":"https:\/\/auditore.cab.inta-csic.es\/galaxias\/wp-json\/wp\/v2\/pages\/864\/revisions"}],"predecessor-version":[{"id":866,"href":"https:\/\/auditore.cab.inta-csic.es\/galaxias\/wp-json\/wp\/v2\/pages\/864\/revisions\/866"}],"wp:attachment":[{"href":"https:\/\/auditore.cab.inta-csic.es\/galaxias\/wp-json\/wp\/v2\/media?parent=864"}],"curies":[{"name":"wp","href":"https:\/\/api.w.org\/{rel}","templated":true}]}}