{"id":1077,"date":"2026-02-11T19:17:35","date_gmt":"2026-02-11T18:17:35","guid":{"rendered":"https:\/\/auditore.cab.inta-csic.es\/harmoni\/?page_id=1077"},"modified":"2026-02-11T19:33:48","modified_gmt":"2026-02-11T18:33:48","slug":"irene-maria-ferro-rodriguez","status":"publish","type":"page","link":"https:\/\/auditore.cab.inta-csic.es\/harmoni\/members\/irene-maria-ferro-rodriguez\/","title":{"rendered":"Irene Mar\u00eda Ferro Rodr\u00edguez"},"content":{"rendered":"\n<p>Optical Engineer and <a href=\"https:\/\/auditore.cab.inta-csic.es\/harmoni\/instrument\/icas\/\" data-type=\"page\" data-id=\"281\">Instrument Calibration and Aligment System<\/a> Work Package Manager.<\/p>\n\n\n\n<p><strong>Email<\/strong>: iferro@cab.inta-csic.es<\/p>\n\n\n\n<p><strong>Address<\/strong><br>Departamento de Instrumentaci\u00f3n y Exploraci\u00f3n Espacial<br>Instrumentaci\u00f3n Criog\u00e9nica y Astron\u00f3mica<br>Centro de Astrobiolog\u00eda (INTA-CSIC)<\/p>\n\n\n\n<p>Campus Torrej\u00f3n (Sede Central) del Instituto Nacional de T\u00e9cnica Aeroespacial<br>Ctra de Torrej\u00f3n a Ajalvir, km 4<br>28850 Torrej\u00f3n de Ardoz, Madrid, Spain<\/p>\n\n\n\n<p><\/p>\n","protected":false},"excerpt":{"rendered":"<p>Optical Engineer and Instrument Calibration and Aligment System Work Package Manager. Email: iferro@cab.inta-csic.es AddressDepartamento de Instrumentaci\u00f3n y Exploraci\u00f3n EspacialInstrumentaci\u00f3n Criog\u00e9nica y Astron\u00f3micaCentro de Astrobiolog\u00eda (INTA-CSIC) Campus Torrej\u00f3n (Sede Central) del Instituto Nacional de T\u00e9cnica AeroespacialCtra de Torrej\u00f3n a Ajalvir, km 428850 Torrej\u00f3n de Ardoz, Madrid, Spain<\/p>\n","protected":false},"author":84,"featured_media":0,"parent":29,"menu_order":0,"comment_status":"closed","ping_status":"closed","template":"","meta":{"ngg_post_thumbnail":0,"footnotes":"","_links_to":"","_links_to_target":""},"class_list":["post-1077","page","type-page","status-publish","hentry"],"blocksy_meta":[],"_links":{"self":[{"href":"https:\/\/auditore.cab.inta-csic.es\/harmoni\/wp-json\/wp\/v2\/pages\/1077","targetHints":{"allow":["GET"]}}],"collection":[{"href":"https:\/\/auditore.cab.inta-csic.es\/harmoni\/wp-json\/wp\/v2\/pages"}],"about":[{"href":"https:\/\/auditore.cab.inta-csic.es\/harmoni\/wp-json\/wp\/v2\/types\/page"}],"author":[{"embeddable":true,"href":"https:\/\/auditore.cab.inta-csic.es\/harmoni\/wp-json\/wp\/v2\/users\/84"}],"replies":[{"embeddable":true,"href":"https:\/\/auditore.cab.inta-csic.es\/harmoni\/wp-json\/wp\/v2\/comments?post=1077"}],"version-history":[{"count":6,"href":"https:\/\/auditore.cab.inta-csic.es\/harmoni\/wp-json\/wp\/v2\/pages\/1077\/revisions"}],"predecessor-version":[{"id":1095,"href":"https:\/\/auditore.cab.inta-csic.es\/harmoni\/wp-json\/wp\/v2\/pages\/1077\/revisions\/1095"}],"up":[{"embeddable":true,"href":"https:\/\/auditore.cab.inta-csic.es\/harmoni\/wp-json\/wp\/v2\/pages\/29"}],"wp:attachment":[{"href":"https:\/\/auditore.cab.inta-csic.es\/harmoni\/wp-json\/wp\/v2\/media?parent=1077"}],"curies":[{"name":"wp","href":"https:\/\/api.w.org\/{rel}","templated":true}]}}