{"id":1106,"date":"2026-02-11T19:51:03","date_gmt":"2026-02-11T18:51:03","guid":{"rendered":"https:\/\/auditore.cab.inta-csic.es\/harmoni\/?page_id=1106"},"modified":"2026-02-11T19:53:15","modified_gmt":"2026-02-11T18:53:15","slug":"iago-funes-vecino","status":"publish","type":"page","link":"https:\/\/auditore.cab.inta-csic.es\/harmoni\/members\/iago-funes-vecino\/","title":{"rendered":"Iago Funes Vecino"},"content":{"rendered":"\n<p>Mechanical Engineer, Numerical Simulations specialist. <a href=\"https:\/\/auditore.cab.inta-csic.es\/harmoni\/instrument\/lowfs\/\" data-type=\"page\" data-id=\"21\">LOWFS Pick-off Arms Unit<\/a> Work Package Manager.<\/p>\n\n\n\n<p><strong>Email<\/strong>: ifunes@cab.inta-csic.es<br><strong>Phone:<\/strong> +34 915 87 29 91<\/p>\n\n\n\n<p><strong>Address<\/strong><br>Departamento de Instrumentaci\u00f3n y Exploraci\u00f3n Espacial<br>Instrumentaci\u00f3n Criog\u00e9nica y Astron\u00f3mica<br>Centro de Astrobiolog\u00eda (INTA-CSIC)<\/p>\n\n\n\n<p>Campus Torrej\u00f3n (Sede Central) del Instituto Nacional de T\u00e9cnica Aeroespacial<br>Ctra de Torrej\u00f3n a Ajalvir, km 4<br>28850 Torrej\u00f3n de Ardoz, Madrid, Spain<\/p>\n","protected":false},"excerpt":{"rendered":"<p>Mechanical Engineer, Numerical Simulations specialist. LOWFS Pick-off Arms Unit Work Package Manager. Email: ifunes@cab.inta-csic.esPhone: +34 915 87 29 91 AddressDepartamento de Instrumentaci\u00f3n y Exploraci\u00f3n EspacialInstrumentaci\u00f3n Criog\u00e9nica y Astron\u00f3micaCentro de Astrobiolog\u00eda (INTA-CSIC) Campus Torrej\u00f3n (Sede Central) del Instituto Nacional de T\u00e9cnica AeroespacialCtra de Torrej\u00f3n a Ajalvir, km 428850 Torrej\u00f3n de Ardoz, Madrid, Spain<\/p>\n","protected":false},"author":84,"featured_media":0,"parent":29,"menu_order":0,"comment_status":"closed","ping_status":"closed","template":"","meta":{"ngg_post_thumbnail":0,"footnotes":"","_links_to":"","_links_to_target":""},"class_list":["post-1106","page","type-page","status-publish","hentry"],"blocksy_meta":[],"_links":{"self":[{"href":"https:\/\/auditore.cab.inta-csic.es\/harmoni\/wp-json\/wp\/v2\/pages\/1106","targetHints":{"allow":["GET"]}}],"collection":[{"href":"https:\/\/auditore.cab.inta-csic.es\/harmoni\/wp-json\/wp\/v2\/pages"}],"about":[{"href":"https:\/\/auditore.cab.inta-csic.es\/harmoni\/wp-json\/wp\/v2\/types\/page"}],"author":[{"embeddable":true,"href":"https:\/\/auditore.cab.inta-csic.es\/harmoni\/wp-json\/wp\/v2\/users\/84"}],"replies":[{"embeddable":true,"href":"https:\/\/auditore.cab.inta-csic.es\/harmoni\/wp-json\/wp\/v2\/comments?post=1106"}],"version-history":[{"count":2,"href":"https:\/\/auditore.cab.inta-csic.es\/harmoni\/wp-json\/wp\/v2\/pages\/1106\/revisions"}],"predecessor-version":[{"id":1110,"href":"https:\/\/auditore.cab.inta-csic.es\/harmoni\/wp-json\/wp\/v2\/pages\/1106\/revisions\/1110"}],"up":[{"embeddable":true,"href":"https:\/\/auditore.cab.inta-csic.es\/harmoni\/wp-json\/wp\/v2\/pages\/29"}],"wp:attachment":[{"href":"https:\/\/auditore.cab.inta-csic.es\/harmoni\/wp-json\/wp\/v2\/media?parent=1106"}],"curies":[{"name":"wp","href":"https:\/\/api.w.org\/{rel}","templated":true}]}}