{"id":121,"date":"2022-12-21T13:07:55","date_gmt":"2022-12-21T12:07:55","guid":{"rendered":"https:\/\/auditore.cab.inta-csic.es\/harmoni\/?page_id=121"},"modified":"2026-02-11T19:32:54","modified_gmt":"2026-02-11T18:32:54","slug":"heribert-argelaguet-vilaseca","status":"publish","type":"page","link":"https:\/\/auditore.cab.inta-csic.es\/harmoni\/members\/heribert-argelaguet-vilaseca\/","title":{"rendered":"Heribert Argelaguet Vilaseca"},"content":{"rendered":"\n<p>Physicist. AIT specialist lead and <a href=\"https:\/\/auditore.cab.inta-csic.es\/harmoni\/instrument\/calibration-module\/\" data-type=\"page\" data-id=\"19\">Calibration Module<\/a> Work Package Manager.<\/p>\n\n\n\n<p><strong>Email:<\/strong>&nbsp; &nbsp; hargelaguet@cab.inta-csic.es<br><strong>Phone:<\/strong>&nbsp; &nbsp;+34 915 201 821<\/p>\n\n\n\n<p><strong>Address<\/strong><br>Departamento de Instrumentaci\u00f3n y Exploraci\u00f3n Espacial<br>Instrumentaci\u00f3n Criog\u00e9nica y Astron\u00f3mica<br>Centro de Astrobiolog\u00eda (INTA-CSIC)<\/p>\n\n\n\n<p>Campus Torrej\u00f3n (Sede Central) del Instituto Nacional de T\u00e9cnica Aeroespacial<br>Ctra de Torrej\u00f3n a Ajalvir, km 4<br>28850 Torrej\u00f3n de Ardoz, Madrid, Spain<\/p>\n\n\n\n<p><\/p>\n","protected":false},"excerpt":{"rendered":"<p>Physicist. AIT specialist lead and Calibration Module Work Package Manager. Email:&nbsp; &nbsp; hargelaguet@cab.inta-csic.esPhone:&nbsp; &nbsp;+34 915 201 821 AddressDepartamento de Instrumentaci\u00f3n y Exploraci\u00f3n EspacialInstrumentaci\u00f3n Criog\u00e9nica y Astron\u00f3micaCentro de Astrobiolog\u00eda (INTA-CSIC) Campus Torrej\u00f3n (Sede Central) del Instituto Nacional de T\u00e9cnica AeroespacialCtra de Torrej\u00f3n a Ajalvir, km 428850 Torrej\u00f3n de Ardoz, Madrid, Spain<\/p>\n","protected":false},"author":84,"featured_media":0,"parent":29,"menu_order":4,"comment_status":"closed","ping_status":"closed","template":"","meta":{"ngg_post_thumbnail":0,"footnotes":"","_links_to":"","_links_to_target":""},"class_list":["post-121","page","type-page","status-publish","hentry"],"blocksy_meta":[],"_links":{"self":[{"href":"https:\/\/auditore.cab.inta-csic.es\/harmoni\/wp-json\/wp\/v2\/pages\/121","targetHints":{"allow":["GET"]}}],"collection":[{"href":"https:\/\/auditore.cab.inta-csic.es\/harmoni\/wp-json\/wp\/v2\/pages"}],"about":[{"href":"https:\/\/auditore.cab.inta-csic.es\/harmoni\/wp-json\/wp\/v2\/types\/page"}],"author":[{"embeddable":true,"href":"https:\/\/auditore.cab.inta-csic.es\/harmoni\/wp-json\/wp\/v2\/users\/84"}],"replies":[{"embeddable":true,"href":"https:\/\/auditore.cab.inta-csic.es\/harmoni\/wp-json\/wp\/v2\/comments?post=121"}],"version-history":[{"count":4,"href":"https:\/\/auditore.cab.inta-csic.es\/harmoni\/wp-json\/wp\/v2\/pages\/121\/revisions"}],"predecessor-version":[{"id":1094,"href":"https:\/\/auditore.cab.inta-csic.es\/harmoni\/wp-json\/wp\/v2\/pages\/121\/revisions\/1094"}],"up":[{"embeddable":true,"href":"https:\/\/auditore.cab.inta-csic.es\/harmoni\/wp-json\/wp\/v2\/pages\/29"}],"wp:attachment":[{"href":"https:\/\/auditore.cab.inta-csic.es\/harmoni\/wp-json\/wp\/v2\/media?parent=121"}],"curies":[{"name":"wp","href":"https:\/\/api.w.org\/{rel}","templated":true}]}}