{"id":131,"date":"2022-12-21T13:17:53","date_gmt":"2022-12-21T12:17:53","guid":{"rendered":"https:\/\/auditore.cab.inta-csic.es\/harmoni\/?page_id=131"},"modified":"2026-02-11T19:39:54","modified_gmt":"2026-02-11T18:39:54","slug":"dr-michele-perna","status":"publish","type":"page","link":"https:\/\/auditore.cab.inta-csic.es\/harmoni\/members\/dr-michele-perna\/","title":{"rendered":"Dr. Michele Perna"},"content":{"rendered":"\n<p>PhD in Astrophysics. Science Team.<\/p>\n\n\n\n<p><strong>Email:<\/strong>&nbsp; &nbsp; michele.perna@cab.inta-csic.es<\/p>\n\n\n\n<p><strong>Address<\/strong><br>Departamento de Astrof\u00edsica <br>Formaci\u00f3n y evoluci\u00f3n de galaxias<br>Centro de Astrobiolog\u00eda (INTA-CSIC)<\/p>\n\n\n\n<p>Campus Torrej\u00f3n (Sede Central) del Instituto Nacional de T\u00e9cnica Aeroespacial<br>Ctra de Torrej\u00f3n a Ajalvir, km 4<br>28850 Torrej\u00f3n de Ardoz, Madrid, Spain<\/p>\n","protected":false},"excerpt":{"rendered":"<p>PhD in Astrophysics. Science Team. Email:&nbsp; &nbsp; michele.perna@cab.inta-csic.es AddressDepartamento de Astrof\u00edsica Formaci\u00f3n y evoluci\u00f3n de galaxiasCentro de Astrobiolog\u00eda (INTA-CSIC) Campus Torrej\u00f3n (Sede Central) del Instituto Nacional de T\u00e9cnica AeroespacialCtra de Torrej\u00f3n a Ajalvir, km 428850 Torrej\u00f3n de Ardoz, Madrid, Spain<\/p>\n","protected":false},"author":84,"featured_media":0,"parent":29,"menu_order":8,"comment_status":"closed","ping_status":"closed","template":"","meta":{"ngg_post_thumbnail":0,"footnotes":"","_links_to":"","_links_to_target":""},"class_list":["post-131","page","type-page","status-publish","hentry"],"blocksy_meta":[],"_links":{"self":[{"href":"https:\/\/auditore.cab.inta-csic.es\/harmoni\/wp-json\/wp\/v2\/pages\/131","targetHints":{"allow":["GET"]}}],"collection":[{"href":"https:\/\/auditore.cab.inta-csic.es\/harmoni\/wp-json\/wp\/v2\/pages"}],"about":[{"href":"https:\/\/auditore.cab.inta-csic.es\/harmoni\/wp-json\/wp\/v2\/types\/page"}],"author":[{"embeddable":true,"href":"https:\/\/auditore.cab.inta-csic.es\/harmoni\/wp-json\/wp\/v2\/users\/84"}],"replies":[{"embeddable":true,"href":"https:\/\/auditore.cab.inta-csic.es\/harmoni\/wp-json\/wp\/v2\/comments?post=131"}],"version-history":[{"count":5,"href":"https:\/\/auditore.cab.inta-csic.es\/harmoni\/wp-json\/wp\/v2\/pages\/131\/revisions"}],"predecessor-version":[{"id":1102,"href":"https:\/\/auditore.cab.inta-csic.es\/harmoni\/wp-json\/wp\/v2\/pages\/131\/revisions\/1102"}],"up":[{"embeddable":true,"href":"https:\/\/auditore.cab.inta-csic.es\/harmoni\/wp-json\/wp\/v2\/pages\/29"}],"wp:attachment":[{"href":"https:\/\/auditore.cab.inta-csic.es\/harmoni\/wp-json\/wp\/v2\/media?parent=131"}],"curies":[{"name":"wp","href":"https:\/\/api.w.org\/{rel}","templated":true}]}}