{"id":137,"date":"2022-12-21T13:21:36","date_gmt":"2022-12-21T12:21:36","guid":{"rendered":"https:\/\/auditore.cab.inta-csic.es\/harmoni\/?page_id=137"},"modified":"2026-02-11T19:45:54","modified_gmt":"2026-02-11T18:45:54","slug":"dr-jose-antonio-caballero","status":"publish","type":"page","link":"https:\/\/auditore.cab.inta-csic.es\/harmoni\/members\/dr-jose-antonio-caballero\/","title":{"rendered":"Dr. Jos\u00e9 Antonio Caballero"},"content":{"rendered":"\n<p>PhD in Astrophysics. Science Team.<\/p>\n\n\n\n<p><strong>Email:<\/strong>&nbsp; &nbsp; caballero@cab.inta-csic.es<br><strong>Phone:<\/strong>&nbsp; &nbsp;+34 918 131 506<\/p>\n\n\n\n<p><strong>Address<\/strong><br>Departamento de Astrof\u00edsica <br>Formaci\u00f3n y evoluci\u00f3n de estrellas, enanas marrones y planetas<br>Centro de Astrobiolog\u00eda (INTA-CSIC)<\/p>\n\n\n\n<p>Centro Europeo de Astronom\u00eda Espacial (ESAC)<br>Camino Bajo del Castillo, s\/n, 28692 Villafranca del Castillo, Madrid<br>28850 Torrej\u00f3n de Ardoz, Madrid, Spain<\/p>\n","protected":false},"excerpt":{"rendered":"<p>PhD in Astrophysics. Science Team. Email:&nbsp; &nbsp; caballero@cab.inta-csic.esPhone:&nbsp; &nbsp;+34 918 131 506 AddressDepartamento de Astrof\u00edsica Formaci\u00f3n y evoluci\u00f3n de estrellas, enanas marrones y planetasCentro de Astrobiolog\u00eda (INTA-CSIC) Centro Europeo de Astronom\u00eda Espacial (ESAC)Camino Bajo del Castillo, s\/n, 28692 Villafranca del Castillo, Madrid28850 Torrej\u00f3n de Ardoz, Madrid, Spain<\/p>\n","protected":false},"author":84,"featured_media":0,"parent":29,"menu_order":10,"comment_status":"closed","ping_status":"closed","template":"","meta":{"ngg_post_thumbnail":0,"footnotes":"","_links_to":"","_links_to_target":""},"class_list":["post-137","page","type-page","status-publish","hentry"],"blocksy_meta":[],"_links":{"self":[{"href":"https:\/\/auditore.cab.inta-csic.es\/harmoni\/wp-json\/wp\/v2\/pages\/137","targetHints":{"allow":["GET"]}}],"collection":[{"href":"https:\/\/auditore.cab.inta-csic.es\/harmoni\/wp-json\/wp\/v2\/pages"}],"about":[{"href":"https:\/\/auditore.cab.inta-csic.es\/harmoni\/wp-json\/wp\/v2\/types\/page"}],"author":[{"embeddable":true,"href":"https:\/\/auditore.cab.inta-csic.es\/harmoni\/wp-json\/wp\/v2\/users\/84"}],"replies":[{"embeddable":true,"href":"https:\/\/auditore.cab.inta-csic.es\/harmoni\/wp-json\/wp\/v2\/comments?post=137"}],"version-history":[{"count":6,"href":"https:\/\/auditore.cab.inta-csic.es\/harmoni\/wp-json\/wp\/v2\/pages\/137\/revisions"}],"predecessor-version":[{"id":1105,"href":"https:\/\/auditore.cab.inta-csic.es\/harmoni\/wp-json\/wp\/v2\/pages\/137\/revisions\/1105"}],"up":[{"embeddable":true,"href":"https:\/\/auditore.cab.inta-csic.es\/harmoni\/wp-json\/wp\/v2\/pages\/29"}],"wp:attachment":[{"href":"https:\/\/auditore.cab.inta-csic.es\/harmoni\/wp-json\/wp\/v2\/media?parent=137"}],"curies":[{"name":"wp","href":"https:\/\/api.w.org\/{rel}","templated":true}]}}