{"id":26,"date":"2020-01-08T12:01:02","date_gmt":"2020-01-08T12:01:02","guid":{"rendered":"http:\/\/auditore.cab.inta-csic.es\/jwst-go1-cab-workshop\/?page_id=26"},"modified":"2020-02-20T08:22:32","modified_gmt":"2020-02-20T08:22:32","slug":"participantlist","status":"publish","type":"page","link":"https:\/\/auditore.cab.inta-csic.es\/jwst-go1-cab-workshop\/participantlist\/","title":{"rendered":"Participant List"},"content":{"rendered":"\n<p>Almudena Alonso Herrero, CAB<br>Javier \u00c1lvarez-Marquez, CAB<br>Santiago Arribas Mocoroa, CAB<br>David Barrado Navascu\u00e9s, CAB<br>Laia Barrufet, ESA<br>Enrica Bellocchi<br>Crist\u00f3bal Bordiu Fern\u00e1ndez, CAB<br>Cristina Catal\u00e1n Torrecilla, CAB<br>Luca Costantin, CAB<br>Luis Colina Robledo, CAB<br>Alejandro Crespo G\u00f3mez, CAB<br>Diego de la Fuente Guill\u00e9n, CAB<br>Santiago Garc\u00eda-Burillo, OAN<br>Miriam Garc\u00eda Garc\u00eda, CAB<br>Macarena Garc\u00eda Mar\u00edn, ESA<br>Mar\u00eda Jes\u00fas Jim\u00e9nez Donaire, OAN<br>\u00c1lvaro Labiano Ortega, CAB<br>Rui Marques Chaves, CAB<br>Mar\u00eda Morales Calder\u00f3n, CAB<br>Paco Najarro, CAB<br>Michelle Perna, CAB<br>Pablo Perez Gonzalez, CAB<br>Isabel Rebollido V\u00e1zquez, UAM<br>Fernando Rico, CAB<br>Pablo Rivi\u00e8re, OAN<br>Bruno Rodr\u00edguez del Pino, CAB<br>Rainer Schoedel, IAA<br>Raphael Shirley, IAC<br>Sandra Zamora Arenal, UAM<br>Maria Rosa Zapatero Osorio, CAB<br><\/p>\n\n\n\n<p><br><\/p>\n","protected":false},"excerpt":{"rendered":"<p>Almudena Alonso Herrero, CABJavier \u00c1lvarez-Marquez, CABSantiago Arribas Mocoroa, CABDavid Barrado Navascu\u00e9s, CABLaia Barrufet, ESAEnrica BellocchiCrist\u00f3bal Bordiu Fern\u00e1ndez, CABCristina Catal\u00e1n Torrecilla, CABLuca Costantin, CABLuis Colina Robledo, CABAlejandro Crespo G\u00f3mez, CABDiego de la Fuente Guill\u00e9n, CABSantiago Garc\u00eda-Burillo, OANMiriam Garc\u00eda Garc\u00eda, CABMacarena Garc\u00eda &hellip; <a href=\"https:\/\/auditore.cab.inta-csic.es\/jwst-go1-cab-workshop\/participantlist\/\">Sigue leyendo <span class=\"meta-nav\">&rarr;<\/span><\/a><\/p>\n","protected":false},"author":73,"featured_media":0,"parent":0,"menu_order":0,"comment_status":"closed","ping_status":"closed","template":"","meta":{"footnotes":""},"class_list":["post-26","page","type-page","status-publish","hentry"],"_links":{"self":[{"href":"https:\/\/auditore.cab.inta-csic.es\/jwst-go1-cab-workshop\/wp-json\/wp\/v2\/pages\/26","targetHints":{"allow":["GET"]}}],"collection":[{"href":"https:\/\/auditore.cab.inta-csic.es\/jwst-go1-cab-workshop\/wp-json\/wp\/v2\/pages"}],"about":[{"href":"https:\/\/auditore.cab.inta-csic.es\/jwst-go1-cab-workshop\/wp-json\/wp\/v2\/types\/page"}],"author":[{"embeddable":true,"href":"https:\/\/auditore.cab.inta-csic.es\/jwst-go1-cab-workshop\/wp-json\/wp\/v2\/users\/73"}],"replies":[{"embeddable":true,"href":"https:\/\/auditore.cab.inta-csic.es\/jwst-go1-cab-workshop\/wp-json\/wp\/v2\/comments?post=26"}],"version-history":[{"count":13,"href":"https:\/\/auditore.cab.inta-csic.es\/jwst-go1-cab-workshop\/wp-json\/wp\/v2\/pages\/26\/revisions"}],"predecessor-version":[{"id":161,"href":"https:\/\/auditore.cab.inta-csic.es\/jwst-go1-cab-workshop\/wp-json\/wp\/v2\/pages\/26\/revisions\/161"}],"wp:attachment":[{"href":"https:\/\/auditore.cab.inta-csic.es\/jwst-go1-cab-workshop\/wp-json\/wp\/v2\/media?parent=26"}],"curies":[{"name":"wp","href":"https:\/\/api.w.org\/{rel}","templated":true}]}}