{"id":28,"date":"2020-01-08T12:02:32","date_gmt":"2020-01-08T12:02:32","guid":{"rendered":"http:\/\/auditore.cab.inta-csic.es\/jwst-go1-cab-workshop\/?page_id=28"},"modified":"2020-01-10T10:19:59","modified_gmt":"2020-01-10T10:19:59","slug":"logistics","status":"publish","type":"page","link":"https:\/\/auditore.cab.inta-csic.es\/jwst-go1-cab-workshop\/logistics\/","title":{"rendered":"Venue and Logistics"},"content":{"rendered":"\n<p style=\"color:#dd0404;font-size:18px\" class=\"has-text-color\"><strong>IMPORTANT:<\/strong><\/p>\n\n\n\n<p>CAB is located inside a Department of Defense campus (INTA), and to allow access, Security needs to receive the following information from any participants:<\/p>\n\n\n\n<ul class=\"wp-block-list\"><li>First and Last Name<\/li><li>Nationality<\/li><li>Passport Number<\/li><\/ul>\n\n\n\n<p><strong>Please fill all this information in the <a href=\"https:\/\/auditore.cab.inta-csic.es\/jwst-go1-cab-workshop\/registration\/\">Registration<\/a> form.<\/strong> <\/p>\n\n\n\n<p><strong>Countries outside Schengen: <\/strong>You should send a scanned version of your passport by February 15th the latest to brodriguez@cab.inta-csic.es and colina@cab.inta-csic.es to arrange your access to CAB.<\/p>\n\n\n\n<p>If you plan to bring your own car to CAB, Security will need information on the model, color, and number plate of your car. This information should be filled in the &#8220;Comments&#8221; section in Registration form. <strong>We advise not to rent cars.<\/strong><\/p>\n\n\n\n<p><\/p>\n\n\n\n<p><\/p>\n\n\n\n<p>   <\/p>\n\n\n\n<p style=\"color:#049cdd\" class=\"has-text-color has-medium-font-size\"><strong>Venue<\/strong>:<\/p>\n\n\n\n<p>The workshop will take place at Centro de Astrobiolog\u00eda in Torrej\u00f3n de Ardoz, Madrid, Spain, located inside the Instituto Nacional de T\u00e9cnica Aerespacial (INTA). <\/p>\n\n\n\n<figure class=\"wp-block-image size-large\"><a href=\"https:\/\/www.google.com\/maps\/place\/Centro+de+Astrobiolog%C3%ADa\/@40.4987783,-3.5291462,12z\/data=!4m5!3m4!1s0x0:0xb8596edf03796e86!8m2!3d40.503227!4d-3.466615\"><img loading=\"lazy\" decoding=\"async\" width=\"976\" height=\"916\" src=\"https:\/\/auditore.cab.inta-csic.es\/jwst-go1-cab-workshop\/files\/2020\/01\/20120611100550.jpeg\" alt=\"\" class=\"wp-image-53\" srcset=\"https:\/\/auditore.cab.inta-csic.es\/jwst-go1-cab-workshop\/files\/2020\/01\/20120611100550.jpeg 976w, https:\/\/auditore.cab.inta-csic.es\/jwst-go1-cab-workshop\/files\/2020\/01\/20120611100550-300x282.jpeg 300w, https:\/\/auditore.cab.inta-csic.es\/jwst-go1-cab-workshop\/files\/2020\/01\/20120611100550-768x721.jpeg 768w, https:\/\/auditore.cab.inta-csic.es\/jwst-go1-cab-workshop\/files\/2020\/01\/20120611100550-320x300.jpeg 320w\" sizes=\"auto, (max-width: 976px) 100vw, 976px\" \/><\/a><figcaption><em>Location of the Centro de Astrobiolog\u00eda (CAB). Click on the picture or <a href=\"https:\/\/www.google.com\/maps\/place\/Centro+de+Astrobiolog%C3%ADa\/@40.4987783,-3.5291462,12z\/data=!4m5!3m4!1s0x0:0xb8596edf03796e86!8m2!3d40.503227!4d-3.466615\">here<\/a>.<\/em><\/figcaption><\/figure>\n\n\n\n<h2 class=\"wp-block-heading\">From the Barajas airport to Madrid:<\/h2>\n\n\n\n<p>The official taxis in Madrid are white, with a red band on the door. These should charge a flat rate of 30 euros from the airport to downtown. All information <a href=\"https:\/\/www.aeropuertomadrid-barajas.com\/transportation\/madrid-airport-bytaxi.htm\">here<\/a>. In that web, you can also find information about <a href=\"https:\/\/www.aeropuertomadrid-barajas.com\/transportation\/madrid-airport-bytrain.htm\">trains<\/a> and <a href=\"https:\/\/www.aeropuertomadrid-barajas.com\/transportation\/madrid-airport-bymetro.htm\">Metro<\/a>. Please note that not all terminals may have metro or train stations. Alternatively, there is an <a href=\"https:\/\/www.esmadrid.com\/en\/airport-express?utm_referrer=https%3A%2F%2Fwww.google.com%2F\">Airport Express Shuttle<\/a> (run 24 hours a day, 5 euros) from Barajas Airport (all terminals) to Madrid (O&#8217;Donnell, Plaza de Cibeles and Atocha Station).<\/p>\n\n\n\n<h2 class=\"wp-block-heading\">From Madrid to\/from CAB-INTA:<\/h2>\n\n\n\n<p>We have arranged a bus service from Madrid to CAB-INTA and back for all participants. The pick up point will be the ABBA hotel at Avenida de America 32, at 9:00 (location <a href=\"https:\/\/www.google.com\/maps\/place\/Avenida+de+Am%C3%A9rica,+32,+28028+Madrid\/@40.4388557,-3.6747725,17z\/data=!3m1!4b1!4m5!3m4!1s0xd4228c60392ad6d:0x9252085587fa3fb8!8m2!3d40.4388557!4d-3.6725838\">here<\/a>). Hotels between the Avenida de America and Cartagena metro station area should be close to the pick up point. There will be another bus at the end of the meeting (TBD) going from CAB to the ABBA hotel. <\/p>\n\n\n\n<h2 class=\"wp-block-heading\">Hotels:<\/h2>\n\n\n\n<p>There is a huge selection of hotels (and prices) in Madrid. The area around Avenida de America Metro station  (aka &#8220;intercambiador&#8221;) should be fine concerning hotel variety, restaurants, and access to Madrid downtown, airport, and CAB-INTA. <\/p>\n","protected":false},"excerpt":{"rendered":"<p>IMPORTANT: CAB is located inside a Department of Defense campus (INTA), and to allow access, Security needs to receive the following information from any participants: First and Last Name Nationality Passport Number Please fill all this information in the Registration &hellip; <a href=\"https:\/\/auditore.cab.inta-csic.es\/jwst-go1-cab-workshop\/logistics\/\">Sigue leyendo <span class=\"meta-nav\">&rarr;<\/span><\/a><\/p>\n","protected":false},"author":73,"featured_media":0,"parent":0,"menu_order":0,"comment_status":"closed","ping_status":"closed","template":"","meta":{"footnotes":""},"class_list":["post-28","page","type-page","status-publish","hentry"],"_links":{"self":[{"href":"https:\/\/auditore.cab.inta-csic.es\/jwst-go1-cab-workshop\/wp-json\/wp\/v2\/pages\/28","targetHints":{"allow":["GET"]}}],"collection":[{"href":"https:\/\/auditore.cab.inta-csic.es\/jwst-go1-cab-workshop\/wp-json\/wp\/v2\/pages"}],"about":[{"href":"https:\/\/auditore.cab.inta-csic.es\/jwst-go1-cab-workshop\/wp-json\/wp\/v2\/types\/page"}],"author":[{"embeddable":true,"href":"https:\/\/auditore.cab.inta-csic.es\/jwst-go1-cab-workshop\/wp-json\/wp\/v2\/users\/73"}],"replies":[{"embeddable":true,"href":"https:\/\/auditore.cab.inta-csic.es\/jwst-go1-cab-workshop\/wp-json\/wp\/v2\/comments?post=28"}],"version-history":[{"count":14,"href":"https:\/\/auditore.cab.inta-csic.es\/jwst-go1-cab-workshop\/wp-json\/wp\/v2\/pages\/28\/revisions"}],"predecessor-version":[{"id":88,"href":"https:\/\/auditore.cab.inta-csic.es\/jwst-go1-cab-workshop\/wp-json\/wp\/v2\/pages\/28\/revisions\/88"}],"wp:attachment":[{"href":"https:\/\/auditore.cab.inta-csic.es\/jwst-go1-cab-workshop\/wp-json\/wp\/v2\/media?parent=28"}],"curies":[{"name":"wp","href":"https:\/\/api.w.org\/{rel}","templated":true}]}}