{"id":16,"date":"2012-09-13T17:25:38","date_gmt":"2012-09-13T15:25:38","guid":{"rendered":"http:\/\/auditore.cab.inta-csic.es\/manrubia\/?page_id=16"},"modified":"2022-05-05T11:33:10","modified_gmt":"2022-05-05T09:33:10","slug":"people","status":"publish","type":"page","link":"https:\/\/auditore.cab.inta-csic.es\/manrubia\/people\/","title":{"rendered":""},"content":{"rendered":"<h3 style=\"text-align: justify\"><span style=\"color: #a9f5f2\"><strong>CURRENT GROUP MEMBERS<\/strong><\/span><\/h3>\n<p><strong>Iker Atienza<\/strong> &#8212; Iker holds a degree in Biotechnology and a Master in Quantitative Biology. After completing is TFM at the group (February-June 2020), he started his PhD in September 2020.<\/p>\n<p><strong>Dr. Lu\u00ed\u00f1o Seoane<\/strong> &#8212; Lu\u00ed\u00f1o has a degree and a PhD in Physics and several years of experience as a postdoc in the US, Europe and Spain. He was awarded a Juan de la Cierva grant and joined the group in May 2020. Since March 2022, he holds a permanent position at CNB.<\/p>\n<p><strong>Ariadna Villanueva<\/strong> &#8212; With a degree in Biotechnology, Ariadna did her TFG and was later awarded a JAE Intro SOMDM scholarship to develop a project and her TFM. She joined the group in February 2021.<\/p>\n<p><strong>Samuel Mart\u00ednez Alcal\u00e1<\/strong> &#8212; Samuel obtained a degree and MSc in Physics in Cuba and Argentina. He has been awarded an FPI grant to develop his PhD. He will be joining the group next fall.\u00a0<\/p>\n<p><span style=\"color: #a9f5f2\"><strong>FORMER GROUP MEMBERS<\/strong><\/span><\/p>\n<p style=\"text-align: justify\"><strong>Dr. Michael<\/strong> <strong>Stich<\/strong>, postdoc from May 2005 to June 2012<br \/><strong>Dr. Jacob B. Axelsen,<\/strong> postdoc from November 2007 to January 2011<br \/><strong>Dr. Carlos Lugo,<\/strong> postdoc from September 2012 to December 2013<br \/><strong>Dr. Jaime Iranzo,<\/strong> grad (TFM) and PhD student from June 2008 to January 2014<br \/><strong>Dr. Pablo Hern\u00e1ndez Cerd\u00e1n<\/strong>, grad student (TFM) from March to October 2011<br \/><strong>Dr.<\/strong> <strong>Jos\u00e9 \u00c1ngel Capit\u00e1n,<\/strong> postdoc from January 2012 to December 2014<br \/><strong>Dr. Juan Antonio Garc\u00eda-Mart\u00edn,\u00a0<\/strong>postdoc form September 2016 to October 2017<br \/><strong>Dr. Jacobo Aguirre,\u00a0<\/strong>postdoc from September 2006 to July 2019<br \/><strong>Dr. Pilar Somovilla, <\/strong>postgraduate student from January 2016 to September 2019<br \/><strong>Dr. Adriana Luc\u00eda Sanz, <\/strong>PhD student from April 2015 to February 2020<br \/><strong>F\u00e1tima Gonz\u00e1lez-Gonz\u00e1lez, <\/strong>grad student (TFG) from January to July 2020<br \/><strong>Marcos M. Jim\u00e9nez<\/strong>, grad student from February to June 2021<br \/><strong>Henrry Secaira Morocho,\u00a0<\/strong>grad student (TFM) from October 2020 to July 2021<br \/><strong>Alba Carballo Castro<\/strong>, internship student from October 2021 to April 2022 <\/p>\n<p><span style=\"color: #a9f5f2\"><strong>SHORT STAYS<\/strong><\/span><\/p>\n<p><strong>Andr\u00e1s Sik<\/strong>, postgrad student from April to May 2003<br \/><strong>Dr. Marco Montuori, <\/strong>visiting scientist from April to June 2005<br \/><strong>Alejandro Cunillera<\/strong>, pregrad student from June to July 2016<br \/><strong>V\u00edctor Buend\u00eda<\/strong>, grad student, September 2017<br \/><strong>Mar\u00eda Caro<\/strong>, pregrad student, July 2018<\/p>\n\n\n<p><\/p>\n","protected":false},"excerpt":{"rendered":"<p>CURRENT GROUP MEMBERS Iker Atienza &#8212; Iker holds a degree in Biotechnology and a Master in Quantitative Biology. After completing is TFM at the group (February-June 2020), he started his PhD in September 2020. Dr. Lu\u00ed\u00f1o Seoane &#8212; Lu\u00ed\u00f1o has &hellip; <a href=\"https:\/\/auditore.cab.inta-csic.es\/manrubia\/people\/\">Continue reading <span class=\"meta-nav\">&rarr;<\/span><\/a><\/p>\n","protected":false},"author":43,"featured_media":0,"parent":0,"menu_order":0,"comment_status":"closed","ping_status":"closed","template":"full-width-page.php","meta":{"footnotes":""},"class_list":["post-16","page","type-page","status-publish","hentry"],"_links":{"self":[{"href":"https:\/\/auditore.cab.inta-csic.es\/manrubia\/wp-json\/wp\/v2\/pages\/16","targetHints":{"allow":["GET"]}}],"collection":[{"href":"https:\/\/auditore.cab.inta-csic.es\/manrubia\/wp-json\/wp\/v2\/pages"}],"about":[{"href":"https:\/\/auditore.cab.inta-csic.es\/manrubia\/wp-json\/wp\/v2\/types\/page"}],"author":[{"embeddable":true,"href":"https:\/\/auditore.cab.inta-csic.es\/manrubia\/wp-json\/wp\/v2\/users\/43"}],"replies":[{"embeddable":true,"href":"https:\/\/auditore.cab.inta-csic.es\/manrubia\/wp-json\/wp\/v2\/comments?post=16"}],"version-history":[{"count":129,"href":"https:\/\/auditore.cab.inta-csic.es\/manrubia\/wp-json\/wp\/v2\/pages\/16\/revisions"}],"predecessor-version":[{"id":1372,"href":"https:\/\/auditore.cab.inta-csic.es\/manrubia\/wp-json\/wp\/v2\/pages\/16\/revisions\/1372"}],"wp:attachment":[{"href":"https:\/\/auditore.cab.inta-csic.es\/manrubia\/wp-json\/wp\/v2\/media?parent=16"}],"curies":[{"name":"wp","href":"https:\/\/api.w.org\/{rel}","templated":true}]}}