{"id":160,"date":"2019-04-04T11:56:18","date_gmt":"2019-04-04T11:56:18","guid":{"rendered":"http:\/\/auditore.cab.inta-csic.es\/masivas\/?page_id=160"},"modified":"2025-08-04T13:43:04","modified_gmt":"2025-08-04T13:43:04","slug":"collaborators","status":"publish","type":"page","link":"https:\/\/auditore.cab.inta-csic.es\/masivas-torrejon\/collaborators\/","title":{"rendered":"Collaborations and consortia"},"content":{"rendered":"\n<h2 class=\"wp-block-heading\">International Consortia<\/h2>\n\n\n\n<p>The massive star group at the CAB takes leadership roles in multiple international consortia focused on massive stars and current and future ground- and space-based instrumentation.<\/p>\n\n\n\n<ul class=\"wp-block-list\">\n<li>Future space missions: PRIMA, HWO<\/li>\n\n\n\n<li>Future ground-based instruments: ELT-HARMONI, ELT-MOSAIC, GTC-MIRADAS, VLT-BlueMUSE, TARSIS<\/li>\n\n\n\n<li>VLT FLAMES Tarantula Survey (VFTS)<\/li>\n\n\n\n<li>ULLYSES: Ultraviolet spectroscopy of metal-poor massive stars: LMC, SMC and dwarf irregular galaxies of the Local Group (https:\/\/ullyses.stsci.edu\/index.html).<\/li>\n\n\n\n<li>XSHOOTU: Optical follow-up of ULLYSES targets with VLT-XSHOOTER. (https:\/\/massivestars.org\/xshootu\/)<\/li>\n\n\n\n<li>4MOST survey, <a href=\"https:\/\/www.4most.eu\/cms\/home\/\">1001 Magellanic Clouds Survey<\/a><\/li>\n\n\n\n<li>Binary at Low Metallicity (<a href=\"https:\/\/www.tomershenar.com\/bloem\">BLOeM<\/a>) campaign<\/li>\n\n\n\n<li>WEAVE survey, Stellar, Circumstellar and Interstellar Physics (SCIP) survey<\/li>\n\n\n\n<li>International science team of <a href=\"http:\/\/www.iac.es\/proyecto\/emir\/pages\/generaldescription\/ science-goya-east.php\">EMIR<\/a> and <a href=\"https:\/\/guaix.fis.ucm.es\/megara\/scienceTeam.html\">MEGARA<\/a>,<br>respectively, both developed for the Gran Telescopio Canarias.<\/li>\n\n\n\n<li>Spanish coordinated massive stars team (Grupo espa\u00f1ol de estrellas masivas, GEEMAS).<\/li>\n\n\n\n<li>MASGOMAS team, a project to execute IR spectroscopy to discover new clusters of massive stars hidden by dust in the Milky Way<\/li>\n<\/ul>\n\n\n\n<h2 class=\"wp-block-heading\">Collaborators<\/h2>\n\n\n\n<ul class=\"wp-block-list\">\n<li>Artemio Herrero, Instituto de Astrof\u00edsica de Canarias<\/li>\n\n\n\n<li>Daniel J. Lennon, Instituto de Astrof\u00edsica de Canarias<\/li>\n\n\n\n<li>Sergio Sim\u00f3n-D\u00edaz, Instituto de Astrof\u00edsica de Canarias<\/li>\n\n\n\n<li>Amparo Marco, Universidad de Alicante<\/li>\n\n\n\n<li>Ignacio Negueruela, Universidad de Alicante<\/li>\n\n\n\n<li>Rainer Sch\u00f6del, Instituto de Astrof\u00edsica de Andaluc\u00eda<\/li>\n\n\n\n<li>Jes\u00fas Ma\u00edz Apell\u00e1niz, Centro de Astrobiolog\u00eda \u2013 Villafranca, Spain<\/li>\n\n\n\n<li>Joachim Puls, Universit\u00e4ts-Sternwarte M\u00fcnchen, Germany<\/li>\n\n\n\n<li>Don F. Figer, Rochester Institute of Technology, USA<\/li>\n\n\n\n<li>Tom R. Geballe, Gemini North Observatory, USA<\/li>\n\n\n\n<li>Norbert Przybilla and Miguel A. Urbaneja P\u00e9rez, Universit\u00e4t Innsbruck, Austria<\/li>\n\n\n\n<li>Chistopher J. Evans, ESA delegate at Space Telescope Science Institute, USA<\/li>\n\n\n\n<li>Martin Roth, Leibniz-Institut f\u00fcr Astrophysik Potsdam (AIP), Germany<\/li>\n\n\n\n<li>Norberto Castro Rodr\u00edguez, Leibniz-Institut f\u00fcr Astrophysik Potsdam (AIP), Germany<\/li>\n\n\n\n<li>Maria-Rosa Cioni, Leibniz-Institut f\u00fcr Astrophysik Potsdam (AIP), Germany<\/li>\n\n\n\n<li>Marcus Lohr, The Open University, UK<\/li>\n\n\n\n<li>John D. Hillier, University of Pittsburgh , USA<\/li>\n\n\n\n<li>Alex W. Fullerton, Space Telescope Science Institute, USA<\/li>\n\n\n\n<li>Aida Wofford, Universidad Nacional Aut\u00f3noma de M\u00e9xico, Ensenada, Mexico<\/li>\n\n\n\n<li>Jean-Claude Bouret, Laboratoire d&#8217;Astrophysique de Marseille, France<\/li>\n\n\n\n<li>Jura Borissova, Millennium Institute of Astrophysics and Universidad de Valpara\u00edso, Chile<\/li>\n\n\n\n<li>Sebasti\u00e1n Ram\u00edrez-Alegr\u00eda, Centro de Astronom\u00eda, Universidad de Antofagasta, Chile<\/li>\n\n\n\n<li>Luis J. Corral Escobedo, Universidad de Guadalajara, Mexico<\/li>\n\n\n\n<li>Andreas Sander, University of Heidelberg, Germany<\/li>\n\n\n\n<li>Sylvia Ekstr\u00f6m, University of Geneve, Switzerland<\/li>\n\n\n\n<li>Fabrice Martins, University of Montpelier, France<\/li>\n\n\n\n<li>Jean Claude Bouret, Laboratoire d&#8217;Astrophysique de Marseille, France<\/li>\n\n\n\n<li>Tomer Shenar, Tel Aviv University, Israel<\/li>\n\n\n\n<li>Julia Bodensteiner, University of Amsterdam, Netherlands<\/li>\n\n\n\n<li>Alex de Koter, University of Amsterdam, Netherlands<\/li>\n\n\n\n<li>Mitchel Stoop, University of Amsterdam, Netherlands<\/li>\n\n\n\n<li>Hugues Sana, Institute of Astronomy, KU Leuven, Belgium<\/li>\n\n\n\n<li>Nikolay Britavisky, Royal Observatory of Belgium, Belgium<\/li>\n\n\n\n<li>Norbert Langer, Universit\u00e4t Bonn &amp; Max-Planck-Institut f\u00fcr Radioastronomie<strong>,<\/strong> Germany<\/li>\n\n\n\n<li>Abel Schootemeijer, Universit\u00e4t Bonn &amp; Max-Planck-Institut f\u00fcr Radioastronomie<strong>,<\/strong> Germany<\/li>\n\n\n\n<li>David Thilker, Johns Hopkins University<strong>, <\/strong>USA<\/li>\n\n\n\n<li>Luciana Bianchi, Johns Hopkins University, USA<\/li>\n\n\n\n<li>Martha Boyer, Space Telescope Science Institute, USA<\/li>\n\n\n\n<li>Fabian Schneider, Heidelberger Institut f\u00fcr Theoretische Studien (HITS), Germany<\/li>\n\n\n\n<li>Maria Bergemann, Max Planck Institute for Astronomy in Heidelberg, Germany<\/li>\n<\/ul>\n\n\n\n<p>The following conference photos from the VFTS2024 meeting in Madrid (above) and from the Munichfest2025 in La Palma (below) meeting contains many of the collaborators in the list above.<\/p>\n\n\n\n<figure class=\"wp-block-image size-large\"><img loading=\"lazy\" decoding=\"async\" width=\"1024\" height=\"461\" src=\"https:\/\/auditore.cab.inta-csic.es\/masivas-torrejon\/files\/2025\/08\/VFTS2025-photo-1024x461.jpg\" alt=\"\" class=\"wp-image-1051\" srcset=\"https:\/\/auditore.cab.inta-csic.es\/masivas-torrejon\/files\/2025\/08\/VFTS2025-photo-1024x461.jpg 1024w, https:\/\/auditore.cab.inta-csic.es\/masivas-torrejon\/files\/2025\/08\/VFTS2025-photo-300x135.jpg 300w, https:\/\/auditore.cab.inta-csic.es\/masivas-torrejon\/files\/2025\/08\/VFTS2025-photo-768x346.jpg 768w, https:\/\/auditore.cab.inta-csic.es\/masivas-torrejon\/files\/2025\/08\/VFTS2025-photo-1536x691.jpg 1536w, https:\/\/auditore.cab.inta-csic.es\/masivas-torrejon\/files\/2025\/08\/VFTS2025-photo-2048x922.jpg 2048w\" sizes=\"auto, (max-width: 1024px) 100vw, 1024px\" \/><\/figure>\n\n\n\n<figure class=\"wp-block-image size-large\"><img loading=\"lazy\" decoding=\"async\" width=\"1024\" height=\"955\" src=\"https:\/\/auditore.cab.inta-csic.es\/masivas-torrejon\/files\/2025\/08\/Municfest-photo-low-1024x955.png\" alt=\"\" class=\"wp-image-1053\" srcset=\"https:\/\/auditore.cab.inta-csic.es\/masivas-torrejon\/files\/2025\/08\/Municfest-photo-low-1024x955.png 1024w, https:\/\/auditore.cab.inta-csic.es\/masivas-torrejon\/files\/2025\/08\/Municfest-photo-low-300x280.png 300w, https:\/\/auditore.cab.inta-csic.es\/masivas-torrejon\/files\/2025\/08\/Municfest-photo-low-768x717.png 768w, https:\/\/auditore.cab.inta-csic.es\/masivas-torrejon\/files\/2025\/08\/Municfest-photo-low.png 1030w\" sizes=\"auto, (max-width: 1024px) 100vw, 1024px\" \/><\/figure>\n","protected":false},"excerpt":{"rendered":"<p>International Consortia The massive star group at the CAB takes leadership roles in multiple international consortia focused on massive stars and current and future ground- and space-based instrumentation. Collaborators The following conference photos from the VFTS2024 meeting in Madrid (above) and from the Munichfest2025 in La Palma (below) meeting contains many of the collaborators in the list above.<\/p>\n<a class=\"more-link\" rel=\"nofollow\" href=\"https:\/\/auditore.cab.inta-csic.es\/masivas-torrejon\/collaborators\/\">[Read More...]<\/a>","protected":false},"author":77,"featured_media":0,"parent":0,"menu_order":0,"comment_status":"closed","ping_status":"closed","template":"","meta":{"ngg_post_thumbnail":0,"footnotes":""},"class_list":["post-160","page","type-page","status-publish","hentry"],"_links":{"self":[{"href":"https:\/\/auditore.cab.inta-csic.es\/masivas-torrejon\/wp-json\/wp\/v2\/pages\/160","targetHints":{"allow":["GET"]}}],"collection":[{"href":"https:\/\/auditore.cab.inta-csic.es\/masivas-torrejon\/wp-json\/wp\/v2\/pages"}],"about":[{"href":"https:\/\/auditore.cab.inta-csic.es\/masivas-torrejon\/wp-json\/wp\/v2\/types\/page"}],"author":[{"embeddable":true,"href":"https:\/\/auditore.cab.inta-csic.es\/masivas-torrejon\/wp-json\/wp\/v2\/users\/77"}],"replies":[{"embeddable":true,"href":"https:\/\/auditore.cab.inta-csic.es\/masivas-torrejon\/wp-json\/wp\/v2\/comments?post=160"}],"version-history":[{"count":9,"href":"https:\/\/auditore.cab.inta-csic.es\/masivas-torrejon\/wp-json\/wp\/v2\/pages\/160\/revisions"}],"predecessor-version":[{"id":1054,"href":"https:\/\/auditore.cab.inta-csic.es\/masivas-torrejon\/wp-json\/wp\/v2\/pages\/160\/revisions\/1054"}],"wp:attachment":[{"href":"https:\/\/auditore.cab.inta-csic.es\/masivas-torrejon\/wp-json\/wp\/v2\/media?parent=160"}],"curies":[{"name":"wp","href":"https:\/\/api.w.org\/{rel}","templated":true}]}}