{"id":6,"date":"2016-02-14T11:38:22","date_gmt":"2016-02-14T11:38:22","guid":{"rendered":"http:\/\/auditore.cab.inta-csic.es\/mateo-marti\/?page_id=6"},"modified":"2016-03-13T18:50:51","modified_gmt":"2016-03-13T17:50:51","slug":"home","status":"publish","type":"page","link":"https:\/\/auditore.cab.inta-csic.es\/mateo-marti\/home\/","title":{"rendered":"Publications"},"content":{"rendered":"<p>1.- M. Sanchez-Arenillas and <strong>E. Mateo-Mart\u00ed<\/strong><em> \u201c<\/em>Spectroscopic study of cystine adsorption on pyrite surface: From vacuum to solution conditions<em>\u201d<\/em> <strong>Chemical Physics<\/strong>, 458, 92-98 (2015).<\/p>\n<p>2.- E. Mart\u00ednez-Peri\u00f1\u00e1n , M. Gennari , M. Revenga-Parra , J. M. Abad, <strong>E. Mateo-Mart\u00ed<\/strong>, F\u00e9lix Pariente, O. Castillo, R. Mas-Ballest\u00e9, F. Zamora, E. Lorenzo <em>: \u201c<\/em>Highly dense nickel hydroxide nanoparticles catalyst electrodeposited from a novel Ni(II) paddle\u2013wheel complex<em>\u201d<\/em><strong>Journal of catalysis<\/strong>, 329, 22-31 (2015).<\/p>\n<p>3.- <strong>E. Mateo-Mart\u00ed<\/strong><em>\u201c<\/em><em>Planetary Atmosphere and Surfaces Chamber (PASC): A Platform to Address Various Challenges in Astrobiology<\/em><em>\u201d<\/em> <strong>Challenges<\/strong>, 5, 213-223 (2014).<\/p>\n<p>4.- J. M.Gomez Gomez, J. Medina, D. Hochberg, <strong>E. Mateo-Mart\u0131, <\/strong>J. Mart\u0131nez-Fr\u0131as and F. Rull<em> \u201cDrying Bacterial Biosaline Patterns Capable of Vital Reanimation upon Rehydration: Novel <\/em><em>Hibernating Biomineralogical <\/em><em>Life Formations<\/em><em>\u201d<\/em><strong>Astrobiology<\/strong>, 14 (7), 589-602 (2014).<\/p>\n<p>5.- E. Mart\u00ednez-Peri\u00f1\u00e1n, M. R. Azani, J. M. Abad, <strong>E. Mateo-Mart\u00ed<\/strong>, F. Pariente, R. Mas\u2010Ballest\u00e9, F. Zamora, E. Lorenzo. \u201cElectrochemically generated nanoparticles of MMX chains.<em>\u201d<\/em> <strong>Chemistry A European Journal<\/strong>.,20, 7107-7115 (2014).<\/p>\n<p>6.- <strong>E. Mateo-Mart\u00ed<\/strong> and C. M. Pradier. \u201c<em>UV irradiation study of a tripeptide isolated in an argon matrix: a tautomerism process evidenced by infrared and X-ray photoemission spectroscopies\u201d<\/em><strong>Spectrochimica Acta Part A: Molecular and Biomolecular Spectroscopy<\/strong> 109, 247-252 (2013).<\/p>\n<p>7.- A.Gallego, C. Hermosa, O.Castillo, I. Berlanga, C. J. G\u00f3mez-Garc\u00eda, <strong>E. Mateo-Mart\u00ed,<\/strong> J. I. Mart\u00ednez, F. Flores, C. G\u00f3mez-Navarro , J. G\u00f3mez-Herrero , S. Delgado and F. Zamora <em>\u201cSolvent-Induced Delamination of a Multifunctional Two Dimensional Coordination Polymer\u201c<\/em>\u00a0\u00a0\u00a0\u00a0\u00a0\u00a0\u00a0\u00a0 <strong>Advanced Materials<\/strong> 25(15)\u00a0\u00a0\u00a0\u00a0 , 2141-2146 (2013).<\/p>\n<p>8.- D. Gentili,\u00a0 G. Givaja,\u00a0 R. Mas-Ballest\u00e9,\u00a0 M.-R. Azani,\u00a0 A. Shehu,\u00a0 F. Leonardi,\u00a0 <strong>E. Mateo-Mart\u00ed<\/strong><strong>,<\/strong>\u00a0 P. Greco,\u00a0F. Zamora and M. Cavallini. \u201c<em>Patterned<\/em><em> conductive nanostructures from reversible self-assembly of 1D coordination polymer.\u201d<\/em><strong><em>Chemical Science<\/em><\/strong>\u00a0 3, 2047-2051 (2012).<\/p>\n<p>9.- G. Givaja, O. Castillo, <strong>E. Mateo<\/strong>, A. Gallego, C. J. G\u00f3mez-Garc\u00eda, A. Calzolari, R. di Felice, F. Zamora. \u201c<em>Electrical Behaviour of Heterobimetallic MM\u00b4(EtCS<sub>2<\/sub>)<sub>4<\/sub> (MM\u00b4= NiPd, NiPt, PdPt) and MM\u00b4X-Chain Polymers PtM(EtCS<sub>2<\/sub>)<sub>4<\/sub>I (M = Ni, Pd).\u201d<\/em><strong> Chemistry European Journal <\/strong>18(48), 15476-15484 (2012).<\/p>\n<p>10.- F. J. S\u00e1nchez I\u00f1igo, <strong>E. Mateo-Marti,<\/strong>\u00a0 J. Raggio, J.Mee\u00dfen, J.Mart\u00ednez-Fr\u00edas,\u00a0 L. G. Sancho, S. Ott, R. de la Torre. \u201c<em>The resistance of the lichen Circinaria gyrosa (nom. provis.) towards simulated Mars conditions -a model test for the survival capacity of an eukaryotic extremophile.\u201d <\/em><strong>Planetary and Space Science <\/strong>\u00a072 (1),\u00a0 102-110 (2012).<\/p>\n<p>11.- G. de Diego-Castilla, P. Cruz-Gil, <strong>E. Mateo-Mart\u00ed,<\/strong> P. Fern\u00e1ndez-Calvo, L. A. Rivas, and V. Parro <em>\u201c<\/em>Assessing antibody microarrays for space missions: effect of long term storage, gamma radiation and temperature shifts on printed and fluorescently labeled antibodies\u201d<strong><em>Astrobiology<\/em><\/strong> 11(8), 759- 773(2011).<\/p>\n<p>12.- M. Trelka, C. Urban, C. Rogero, P. de Mendoza, <strong>E. Mateo-Marti,<\/strong> Y. Wang, I. Silanes, D. \u00c9cija, M. Alcam\u00ed, F. Yndurain, A.\u00a0 Arnau, F. Mart\u00edn, A. M. Echavarren, J.A. Mart\u00edn-Gago,<sup>b,g<\/sup> J. M. Gallego, R. Otero and R. Miranda<em>\u201c<\/em>Surface assembly of porphyrin nanorods with one-dimensional zinc-oxygen spinal cords\u201d<strong><em>Cryst..Eng.Comm.<\/em><\/strong>\u00a0\u00a0\u00a0\u00a0\u00a0\u00a0\u00a0\u00a0 13, 5591- 5595 (2011).<\/p>\n<p>13.- P. Amo-Ochoa, L. Welte, R. Gonzalez-Prieto, P. J. Sanz Miguel, C.J. Gomez-Garcia,\u00a0 <strong>E. Mateo-Mart\u00ed<\/strong>, S. Delgado, J. G\u00f3mez-Herrero, F. Zamora <em>\u201c<\/em><a href=\"http:\/\/sauwok.fecyt.es\/apps\/full_record.do?product=WOS&amp;search_mode=GeneralSearch&amp;qid=1&amp;SID=Y1O7eiGj2bc8BAlnld8&amp;page=1&amp;doc=1\"><em>Single layers of a multifunctional laminar Cu(I,II) coordination polymer<\/em><\/a><em>\u201d.<\/em><strong><em>Chemical Communication\u00a0 <\/em><\/strong>46, 3262 -3264 (2010).<\/p>\n<p>14.- V. Souza-Egipsy,\u00a0A. Aguilera, <strong>E. Mateo-Mart\u00ed<\/strong>, J. A. Mart\u00edn-Gago, R. Amils <em>\u201cFossilization of Acidophilic Microorganisms \u201d <\/em><strong><em>Geomicrobiology\u00a0 Journal<\/em><\/strong> 27, 692 -706 (2010).<\/p>\n<p>15.- F. Gomez, <strong>E. Mateo-Mart\u00ed<\/strong>, O. Prieto-Ballesteros, J. A. Mart\u00edn-Gago, R. Amils <em>\u201c<\/em>Protection Of Chemolithoautotrophic Bacteria Exposed To Simulated Mars Environmental Conditions\u201d <strong><em>Icarus<\/em><\/strong> 209, 482- 487 (2010).<\/p>\n<p>16.- <strong>E. Mateo-Marti<\/strong>, C. Rogero, C. Gonzalez, J. Sobrado, P. De Andres Rodriguez and J.A. Martin-Gago <em>\u201cInterplay between fast diffusion and molecular interaction in the formation of self-assembled nano-structures of S-Cysteine on Au(111)<\/em>\u201d <strong><em>Langmuir<\/em><\/strong> 26(6), 4113-4118 (2010).<\/p>\n<p>17.-<strong>E. Mateo-Mart\u00ed<\/strong>, C.M. Pradier, J. A. Mart\u00edn-Gago <em>\u201c<\/em>UV-Photostability of Adenine on gold and silicon surfaces\u201d,<strong><em>Astrobiology<\/em><\/strong> 9, 573 \u2013 579 (2009).<\/p>\n<p>18.- V. Lopez, G R. Perez, A. Arregui, <strong>E. Mateo-Marti<\/strong>, L. Ba\u00f1ares, J.A. Martin-Gago, J. M. Soler, J. Gomez-Herrero, F. Zamora \u00a0\u201cAzafullerene-like nanosized clusters\u201d,<strong><em>ACS Nano<\/em><\/strong> 3, 3352-\u00a0 3357 (2009).<\/p>\n<p>19.-M.P. Zorzano, E. Mateo-Marti, O. Prieto-Ballesteros, S. Osuna, and N. Renno <em>The stability of liquid saline water on present day Mars<\/em>\u201d<strong>Geophys. Res. Lett<\/strong> 36 L20201 (2009).<\/p>\n<p>20.- M. Ruiz-Bermejo, C. Menor-Salv\u00e1n, <strong>E. Mateo-Mart\u00ed,<\/strong> S. Osuna-Esteban, J.A. Mart\u00edn-Gago, S. Veintemillas-Verdaguer<em>\u201cCH<sub>4<\/sub>\/N<sub>2<\/sub>\/H<sub>2<\/sub> spark hydrophilic tholins: A systematic approach to the characterization of tholins\u201d<\/em> <strong><em>Icarus<\/em><\/strong> 204, 672-680 (2009).<\/p>\n<p>21.- M. Ruiz-Bermejo, C. Menor-Salv\u00e1n, <strong>E. Mateo-Mart\u00ed,<\/strong> S. Osuna-Esteban, J.A. Mart\u00edn-Gago, S. Veintemillas-Verdaguer <em>\u201cCH<sub>4<\/sub>\/N<sub>2<\/sub>\/H<sub>2<\/sub> spark hydrophilic tholins: A systematic approach to the characterization of tholins\u201d<\/em> <strong><em>Icarus<\/em><\/strong>\u00a0 198 232-241 (2008).<\/p>\n<p>22.- C. Rogero, B. T. Chaffey, <strong>E. Mateo-Marti<\/strong>, J. M. Sobrado, B. R. Horrocks, A. Houlton, J. H. Lakey, C. Briones, J. A. Martin-Gago. <em>\u201cSilicon surface nanostructuring for covalent immobilization of biomolecules\u201d <strong>Journal of Physical Chemistry C<\/strong><\/em> 112, 9308-9314 (2008).<\/p>\n<p>23.- D. Ecija, M. Trelka, Ch. Urban, P. d. Mendoza, <strong>E. Mateo-Mart\u00ed<\/strong>, C. Rogero, J. A. Mart\u00edn-Gago, A. M. Echavarren, R. Otero, J. M. Gallego, and R. Miranda<em>\u201cMolecular Conformation, Organizational Chirality, and Iron Metalation of meso-Tetramesitylporphyrins on Copper(100)\u201d<strong>J. Phys. Chem. <\/strong><\/em><strong><em>C<\/em><\/strong> 112, 8988- 8994 (2008).<\/p>\n<p>24.- <strong>E. Mateo-Mart\u00ed<\/strong>, C. Briones, C. Rogero, C. Gomez-Navarro, Ch. Methivier, C.M. Pradier, J. A. Mart\u00edn-Gago. \u201cNucleic acid interactions with pyrite surfaces\u201d <strong><em>Chemical Physics<\/em><\/strong> 352, 11-18 ( 2008).<\/p>\n<p>25.- M. Pita, J. M. Abad, C. Vaz-Dominguez, C. Briones, <strong>E. Mateo-Mart\u00ed<\/strong>, J. A. Mart\u00edn-Gago, M. P. Morales and V. M Fern\u00e1ndez \u201cSynthesis of Cobalt Ferrite Core \/Metallic Shell Nanoparticles for the development of a specific PNA\/DNA biosensor\u201d <strong><em>Journal Colloid and Interface Science<\/em><\/strong> 321\/2,\u00a0\u00a0\u00a0 484-492 (2008).<\/p>\n<p>26.- <strong>E. Mateo-Mart\u00ed<\/strong>, L. Welte, P. Amo-Ochoa, P. J. Sanz Miguel, J. G\u00f3mez-Herrero, J.A. Mart\u00edn-Gago, F. Zamora <em>\u201cDirect evidence of nanowires formation from a Cu(II) coordination polymer\u201d.<\/em><strong><em>Chemical Communication<\/em><\/strong> 8, 945-947 (2008).<\/p>\n<p>27.- <strong>E. Mateo-Marti<\/strong>, C. Rogero, C. Briones, and J.A. Mart\u00edn-Gago <em>\u201cDo peptide nucleic acids form self-assembled monolayers on pyrite surfaces?\u201d<\/em><strong><em>Surface Science<\/em><\/strong> 601, 4195-4199 (2007).<\/p>\n<p>28.- <strong>E. Mateo-Marti<\/strong>, C. Briones, C.M. Pradier and J.A. Mart\u00edn-Gago <em>\u201cA DNA biosensor based on Peptide Nucleic Acids on Gold Surfaces\u201d<\/em> <strong><em>Biosensors and Bioelectronics<\/em><\/strong> 22, 1926-1932 (2007).<\/p>\n<p>29.- G. M. Mu\u00f1oz Caro, <strong>E. Mateo-Mart\u00ed<\/strong><sup>\u00a0 <\/sup>and J. Mart\u00ednez-Fr\u00edas \u00a0\u201cNear-UV transmittance of basalt dust as an analog of the Martian regolith: implications for sensor calibration and astrobiology\u201d <strong><em>Sensors<\/em><\/strong> 6, 688-696 (2006).<\/p>\n<p>30<strong>.-E. Mateo-Mart\u00ed<\/strong>, O. Prieto-Ballesteros, J. M. Sobrado\u00a0 J. G\u00f3mez-Elvira and J. A. Mart\u00edn-Gago \u201cA chamber for studying planetary environments and its applications to astrobiology\u201d <strong><em>Meassurement and Science Technology<\/em><\/strong> 17, 2274-2280 (2006).<\/p>\n<p>31<strong>.-E. Mateo-Marti<\/strong>, C. Briones, E. Roman, E. Briand, C.M. Pradier and J.A. Mart\u00edn-Gago, <em>\u201cSelf-Assembled Monolayers of Peptide Nucleic Acids on Gold Surfaces: A Spectroscopic Study\u201d<\/em><strong><em>Langmuir<\/em><\/strong> 21, 9510-9517 (2005).<\/p>\n<p>32.- C. Briones, <strong>E. Mateo-Marti<\/strong>, C. Gomez-Rodriguez, V. Parro, E. Roman, J.A. Mart\u00edn-Gago <em>\u201cstructural and functional characterization of self-assembled monolayers of peptides nucleic acids and its interaction with complementary DNA\u201d<\/em> <strong><em>Journal of Catalysis A: Chemical<\/em><\/strong> 228, 131-136 (2005).<\/p>\n<p>33.- <strong>E. Mateo-Marti<\/strong>, Ch. Methivier, C.M.Pradier <em>\u201c(S)-Cysteine chemisorption on Cu(110), from gas or liquid phase: an FT-RAIRS and XPS study\u201d<\/em><strong><em>Langmuir<\/em><\/strong> 20, 10223-10230 (2004).<\/p>\n<p>34.- <strong>E. Mateo-Marti<\/strong>, Alida Quash, Ch. Methivier, P.Dubot, C.M.Pradier,<em>&#8220;Interaction of S-histidine, an amino acid, with copper and gold surfaces, a combined experimental and theoretical approach&#8221; <strong>Colloids and Surface A: Physicochem. <\/strong><\/em><strong><em>Eng. Aspects<\/em><\/strong> 249, 85-89 (2004).<\/p>\n<p>35.- C. Briones, <strong>E. Mateo-Marti<\/strong>, C. Gomez-Rodriguez, V. Parro, E. Roman, J.A. Mart\u00edn-Gago <em>\u201cOrdered self-assembled monolayers of peptide nucleic acids on gold surfaces with DNA recognition capacity\u201d<strong>Physical Reviews Letters<\/strong><\/em>, 93 (20), 208103-1\u00a0 -208103-4 (2004).<\/p>\n<p>36.- <strong>E. Mateo-Marti<\/strong>, Ch. Methivier, P.Dubot, C.M.Pradier \u201c<em>Adsorption of (S)-Histidine on Cu(110) and Oxygen-Covered Cu(110), a combined Fourier Transform Reflection Absorption Infrared Spectroscopy and Force Field Calculation Study\u201d.<strong>Journal of\u00a0 Physical Chemistry B<\/strong><\/em>\u00a0 107, 10785-10792 (2003).<\/p>\n<p>37.- V. Humblot, C.J.A. Binghan, D. Le-Roux, <strong>E. Mateo-Marti<\/strong>, A. Mc.Nutt, T.S. Nunney, M. Ortega-Lorenzo, A.J. Roberts, J. Williams, M. Surman and R. Raval <em>\u201cSynchrotron Far-IR RAIRS studies of complex molecules on Cu(110)\u201d <strong>Surface Science<\/strong><\/em> 537, 253-264 (2003).<\/p>\n<p>38.- <strong>E. Mateo-Marti<\/strong>, S.M. Barlow, S. Haq, R. Raval \u201c<em>Bonding and assembly of the chiral amino acid S-Proline on Cu(110): the influence of structural rigidity\u201d<strong>Surface Science<\/strong><\/em> <em>501,<\/em> 191-202 (2002).<\/p>\n<p>39.- B. Serra, <strong>E. Mateo<\/strong>, M. Pedrero, A. J. Reviejo and J. M. Pingarron<em>\u201cGraphite-teflon-tyrosinase composite electrodes for the monitoring of phenolic compounds in\u00a0 predominantly non-aqueous media\u201d<\/em><strong>Analusis<\/strong> 27 N7 592-599 (1999).<\/p>\n<p>40.- C. Briones, <strong>E. Mateo-Marti<\/strong>, C. Gomez-Rodriguez, E. Roman, J.A. Mart\u00edn-Gago<em> \u201cSelf-Assembly of Peptide Nucleic Acids on Gold Surfaces and its use as DNA affinity biosensors\u201d<\/em>: Ellectra highlights (no SCI) 38-42 (2005).<\/p>\n<p>41.- E.A. Lalla, <strong>E. Mateo-Mart\u0131, <\/strong>J. Medina, A. Sansano, A. Sanz-Arranz,J. Mart\u0131nez-Fr\u0131as and F. Rull. \u201cAnalysis and adsorption-interaction of amino acids on basaltic mineral subjected to different simulated atmospheres\u201d ELBA Bioflux (no SCI), 6, (29), 80-93 (2014).<\/p>\n<p>&nbsp;<\/p>\n<p><strong><u>Books<\/u><\/strong><\/p>\n<p>1.-<strong> E. Mateo-Marti <\/strong>and C.M. Pradier.<em>\u201c<\/em>A novel type of nucleic acid-based biosensors: the use of PNA probes, associated with surface science and electrochemical detection techniques<em>\u201d<\/em><strong> Book<\/strong> 323-344 (2010) Editorial: Intelligent and biosensors.<\/p>\n<p>&nbsp;<\/p>\n<p><strong><u>Patents<\/u><\/strong><\/p>\n<p>1.- Nano-particle bio-sensor has a magnetic core, silica layer and one core more outer metal layer of different types that are deposited in alternating manner and immobilized on outer surface. A layer of synthetic or natural organic or inorganic biosensor molecules that can bind to biomolecules. (Number: P200502269).<\/p>\n<p>&nbsp;<\/p>\n<p>2.- Machine for controlled reproduction of pressure in aeronautics, reproduces different chemical or bio-chemical reactions which takes place on earth surface in outer space and in the atmosphere of different planets of the solar system and real or virtual environments. (PCT\/ES2006\/070161).<\/p>\n<p>&nbsp;<\/p>\n<p>3.- Biosensor for detecting and characterising nucleic acid molecules (e.g. detection of polymorphism or mutation), comprises a small plate of material having a gold surface with immobilized PNA molecules through thiol or other reactive sulphur group in self-assembled monolayers . (WO2006048491-A1).<\/p>\n","protected":false},"excerpt":{"rendered":"<p>1.- M. Sanchez-Arenillas and E. Mateo-Mart\u00ed \u201cSpectroscopic study of cystine adsorption on pyrite surface: From vacuum to solution conditions\u201d Chemical Physics, 458, 92-98 (2015). 2.- E. Mart\u00ednez-Peri\u00f1\u00e1n , M. Gennari , M. Revenga-Parra , J. M. Abad, E. Mateo-Mart\u00ed, F\u00e9lix &hellip; <a href=\"https:\/\/auditore.cab.inta-csic.es\/mateo-marti\/home\/\">Sigue leyendo <span class=\"meta-nav\">&rarr;<\/span><\/a><\/p>\n","protected":false},"author":70,"featured_media":0,"parent":0,"menu_order":0,"comment_status":"closed","ping_status":"closed","template":"","meta":{"footnotes":""},"class_list":["post-6","page","type-page","status-publish","hentry"],"_links":{"self":[{"href":"https:\/\/auditore.cab.inta-csic.es\/mateo-marti\/wp-json\/wp\/v2\/pages\/6","targetHints":{"allow":["GET"]}}],"collection":[{"href":"https:\/\/auditore.cab.inta-csic.es\/mateo-marti\/wp-json\/wp\/v2\/pages"}],"about":[{"href":"https:\/\/auditore.cab.inta-csic.es\/mateo-marti\/wp-json\/wp\/v2\/types\/page"}],"author":[{"embeddable":true,"href":"https:\/\/auditore.cab.inta-csic.es\/mateo-marti\/wp-json\/wp\/v2\/users\/70"}],"replies":[{"embeddable":true,"href":"https:\/\/auditore.cab.inta-csic.es\/mateo-marti\/wp-json\/wp\/v2\/comments?post=6"}],"version-history":[{"count":6,"href":"https:\/\/auditore.cab.inta-csic.es\/mateo-marti\/wp-json\/wp\/v2\/pages\/6\/revisions"}],"predecessor-version":[{"id":50,"href":"https:\/\/auditore.cab.inta-csic.es\/mateo-marti\/wp-json\/wp\/v2\/pages\/6\/revisions\/50"}],"wp:attachment":[{"href":"https:\/\/auditore.cab.inta-csic.es\/mateo-marti\/wp-json\/wp\/v2\/media?parent=6"}],"curies":[{"name":"wp","href":"https:\/\/api.w.org\/{rel}","templated":true}]}}